{"id":64118,"date":"2025-06-20T13:30:57","date_gmt":"2025-06-20T11:30:57","guid":{"rendered":"https:\/\/kisselbach.de\/de\/?post_type=product&#038;p=64118"},"modified":"2025-06-24T09:51:26","modified_gmt":"2025-06-24T07:51:26","slug":"klavierhocker-hoehenverstellbar","status":"publish","type":"product","link":"https:\/\/kisselbach.de\/de\/produkt\/klavierhocker-hoehenverstellbar\/","title":{"rendered":"Klavierhocker (h\u00f6henverstellbar)"},"content":{"rendered":"<p>Dieser elegante Klavierhocker \u00fcberzeugt durch exzellente Verarbeitung, komfortable Sitzfl\u00e4che (52 x 30 cm) und stufenlose H\u00f6henverstellung von 45 bis 57 cm \u2013 ideal f\u00fcr Spieler jeder Gr\u00f6\u00dfe.<br data-start=\"363\" data-end=\"366\" \/>Er wird in Europa gefertigt und passt dank seiner Farbvarianten perfekt zu den aktuellen Yamaha Digitalpianos.<br data-start=\"476\" data-end=\"479\" \/>Ob im heimischen Musikzimmer, im Unterrichtsraum oder auf der B\u00fchne: Dieser Premium-Hocker bietet langlebigen Sitzkomfort und stilvolle Optik f\u00fcr anspruchsvolle Pianistinnen und Pianisten.<\/p>\n<p>&nbsp;<\/p>\n","protected":false},"excerpt":{"rendered":"<p>Dieser elegante Klavierhocker \u00fcberzeugt durch exzellente Verarbeitung, komfortable Sitzfl\u00e4che (52 x 30 cm) und stufenlose H\u00f6henverstellung von 45 bis 57 cm \u2013 ideal f\u00fcr Spieler jeder Gr\u00f6\u00dfe.Er wird in Europa gefertigt und passt dank seiner Farbvarianten perfekt zu den aktuellen Yamaha Digitalpianos.Ob im heimischen Musikzimmer, im Unterrichtsraum oder auf der B\u00fchne: Dieser Premium-Hocker bietet langlebigen<\/p>\n","protected":false},"featured_media":64140,"template":"","meta":{"om_disable_all_campaigns":false,"_monsterinsights_skip_tracking":false,"_monsterinsights_sitenote_active":false,"_monsterinsights_sitenote_note":"","_monsterinsights_sitenote_category":0},"product_cat":[419,37,30,222],"product_tag":[719,720,718],"acf":[],"aioseo_notices":[],"_links":{"self":[{"href":"https:\/\/kisselbach.de\/de\/wp-json\/wp\/v2\/product\/64118"}],"collection":[{"href":"https:\/\/kisselbach.de\/de\/wp-json\/wp\/v2\/product"}],"about":[{"href":"https:\/\/kisselbach.de\/de\/wp-json\/wp\/v2\/types\/product"}],"wp:featuredmedia":[{"embeddable":true,"href":"https:\/\/kisselbach.de\/de\/wp-json\/wp\/v2\/media\/64140"}],"wp:attachment":[{"href":"https:\/\/kisselbach.de\/de\/wp-json\/wp\/v2\/media?parent=64118"}],"wp:term":[{"taxonomy":"product_cat","embeddable":true,"href":"https:\/\/kisselbach.de\/de\/wp-json\/wp\/v2\/product_cat?post=64118"},{"taxonomy":"product_tag","embeddable":true,"href":"https:\/\/kisselbach.de\/de\/wp-json\/wp\/v2\/product_tag?post=64118"}],"curies":[{"name":"wp","href":"https:\/\/api.w.org\/{rel}","templated":true}]}}