{"id":64107,"date":"2025-06-16T15:20:26","date_gmt":"2025-06-16T13:20:26","guid":{"rendered":"https:\/\/kisselbach.de\/de\/?post_type=product&#038;p=64107"},"modified":"2025-07-31T13:39:59","modified_gmt":"2025-07-31T11:39:59","slug":"yamaha-clavinova-clp-875","status":"publish","type":"product","link":"https:\/\/kisselbach.de\/de\/produkt\/yamaha-clavinova-clp-875\/","title":{"rendered":"Yamaha Clavinova CLP-875"},"content":{"rendered":"<h2>Das Yamaha Clavinova zusammengefasst:<\/h2>\n<div class=\"BorlabsCookie _brlbs-cb-youtube\"><div class=\"_brlbs-content-blocker\"> <div class=\"_brlbs-embed _brlbs-video-youtube\"> <img class=\"_brlbs-thumbnail\" src=\"https:\/\/kisselbach.de\/de\/wp-content\/plugins\/borlabs-cookie\/assets\/images\/cb-no-thumbnail.png\" alt=\"YouTube\"> <div class=\"_brlbs-caption\"> <p>Mit dem Laden des Videos akzeptieren Sie die Datenschutzerkl\u00e4rung von YouTube.<br><a href=\"https:\/\/policies.google.com\/privacy\" target=\"_blank\" rel=\"nofollow noopener noreferrer\">Mehr erfahren<\/a><\/p> <p><a class=\"_brlbs-btn _brlbs-icon-play-white\" href=\"#\" data-borlabs-cookie-unblock role=\"button\">Video laden<\/a><\/p> <p><label><input type=\"checkbox\" name=\"unblockAll\" value=\"1\" checked> <small>YouTube immer entsperren<\/small><\/label><\/p> <\/div> <\/div> <\/div><div class=\"borlabs-hide\" data-borlabs-cookie-type=\"content-blocker\" data-borlabs-cookie-id=\"youtube\"><script type=\"text\/template\">PHA+PGlmcmFtZSBsb2FkaW5nPSJsYXp5IiB0aXRsZT0iWW91VHViZSB2aWRlbyBwbGF5ZXIiIHNyYz0iaHR0cHM6Ly93d3cueW91dHViZS1ub2Nvb2tpZS5jb20vZW1iZWQvYTRJRnFHd3YyakE\/c2k9R1Jsd3h4Q1FwU3p6X0NMdiIgd2lkdGg9IjU2MCIgaGVpZ2h0PSIzMTUiIGZyYW1lYm9yZGVyPSIwIiBhbGxvd2Z1bGxzY3JlZW49ImFsbG93ZnVsbHNjcmVlbiI+PC9pZnJhbWU+PC9wPg==<\/script><\/div><\/div>\n<h2 data-start=\"0\" data-end=\"42\"><strong data-start=\"43\" data-end=\"127\">Digital never felt so grand: Das Premium-Instrument f\u00fcr Zuhause, Studio &amp; Kirche<\/strong><\/h2>\n<h3 data-start=\"129\" data-end=\"171\"><\/h3>\n<h3 data-start=\"129\" data-end=\"171\">Authentischer Konzertfl\u00fcgel-Klang<\/h3>\n<ul data-start=\"172\" data-end=\"646\">\n<li data-start=\"172\" data-end=\"273\">\n<p data-start=\"174\" data-end=\"273\">CFX- &amp; B\u00f6sendorfer Imperial-Samples in Stereo + binaural f\u00fcr Kopfh\u00f6rer-Spiel ohne H\u00f6rerm\u00fcdung<\/p>\n<\/li>\n<li data-start=\"274\" data-end=\"353\">\n<p data-start=\"276\" data-end=\"353\">2 Fortepiano-Sounds (Mozart &amp; Chopin-\u00c4ra) f\u00fcr historische Authentizit\u00e4t<\/p>\n<\/li>\n<li data-start=\"354\" data-end=\"467\">\n<p data-start=\"356\" data-end=\"467\">Grand Expression &amp; Virtual Resonance Modeling (VRM) \u2013 detailgetreue Saiten-, D\u00e4mpfer- &amp; Geh\u00e4useresonanzen<\/p>\n<\/li>\n<li data-start=\"468\" data-end=\"646\">\n<p data-start=\"470\" data-end=\"646\">Grand Acoustic Imaging mit 3-Wege-System (16 cm + 8 cm + 2,5 cm Dome-Hoch\u00adt\u00f6ner, bidirektional) und (45 W + 25 W + 40 W) \u00d7 2 Endstufen \u2013 Konzertsaal-Feeling im Wohnzimmer<\/p>\n<\/li>\n<\/ul>\n<h3 data-start=\"648\" data-end=\"680\"><\/h3>\n<h3 data-start=\"648\" data-end=\"680\">Yamaha GrandTouch&#x2122; Spielgef\u00fchl<\/h3>\n<ul data-start=\"681\" data-end=\"958\">\n<li data-start=\"681\" data-end=\"773\">88 graduiert gewichtete Holztasten mit synthetischer Ebenholz- &amp; Elfenbeinoberfl\u00e4che<\/li>\n<li data-start=\"774\" data-end=\"852\">\n<p data-start=\"776\" data-end=\"852\">Escapement &amp; Druckpunkt-Simulation f\u00fcr Repetition wie im Konzertfl\u00fcgel<\/p>\n<\/li>\n<li data-start=\"853\" data-end=\"958\">\n<p data-start=\"855\" data-end=\"958\">GrandTouch&#x2122;-Pedale inkl. GP-Response-D\u00e4mpferpedal \u2013 variabler Gegendruck wie bei einem Fl\u00fcgel<\/p>\n<\/li>\n<\/ul>\n<h3 data-start=\"960\" data-end=\"1000\"><\/h3>\n<h3 data-start=\"960\" data-end=\"1000\">Kreative Tools &amp; Lernfunktionen<\/h3>\n<ul data-start=\"1001\" data-end=\"1319\">\n<li data-start=\"1001\" data-end=\"1118\">\n<p data-start=\"1003\" data-end=\"1118\">38 Klangfarben, 20 Rhythmen, 23 Voice-Demos + 50 Piano-Klassiker + 303 Lesson-Songs (Notenbuch inklusive)<\/p>\n<\/li>\n<li data-start=\"1119\" data-end=\"1221\">\n<p data-start=\"1121\" data-end=\"1221\">16-Spur-MIDI &amp; USB-Audio-Recorder (WAV), Dual\/Split\/Duo-Modus, 128 \u00d7 64 LCD mit Touch-Sensor-Panel<\/p>\n<\/li>\n<li data-start=\"1222\" data-end=\"1319\">\n<p data-start=\"1224\" data-end=\"1319\">Smart Pianist App-Support, Flowkey-Premium* &amp; 5 Jahre Yamaha-Garantie (Registrierung)<\/p>\n<\/li>\n<\/ul>\n<h3 data-start=\"1321\" data-end=\"1351\"><\/h3>\n<h3 data-start=\"1321\" data-end=\"1351\">Moderne Konnektivit\u00e4t<\/h3>\n<ul data-start=\"1352\" data-end=\"1526\">\n<li data-start=\"1352\" data-end=\"1419\">\n<p data-start=\"1354\" data-end=\"1419\">Bluetooth\u00ae Audio &amp; MIDI zum kabellosen Streamen und Steuern<\/p>\n<\/li>\n<li data-start=\"1420\" data-end=\"1526\">\n<p data-start=\"1422\" data-end=\"1526\">USB-to-Host \/ USB-to-Device, Dual-Kopfh\u00f6rer\u00adanschl\u00fcsse, Subwoofer-Out, optionales WLAN-Modul (UD-WL01)<\/p>\n<\/li>\n<\/ul>\n<h3 data-start=\"1528\" data-end=\"1564\"><\/h3>\n<h3 data-start=\"1528\" data-end=\"1564\">Design, Ma\u00dfe &amp; Lieferumfang<\/h3>\n<ul data-start=\"1565\" data-end=\"1839\">\n<li data-start=\"1565\" data-end=\"1658\">\n<p data-start=\"1567\" data-end=\"1658\">Elegantes Fl\u00fcgel-Design (B \u00d7 T \u00d7 H mit Pult): 1 450 \u00d7 465 \u00d7 967 mm, Gewicht 71 kg<\/p>\n<\/li>\n<li data-start=\"1659\" data-end=\"1748\">\n<p data-start=\"1661\" data-end=\"1748\">Farben: Schwarz matt | Schwarz Hochglanz | Wei\u00df matt | Wei\u00df Birke | Dunkles Rosenholz<\/p>\n<\/li>\n<li data-start=\"1749\" data-end=\"1839\">\n<p data-start=\"1751\" data-end=\"1839\">Inklusive Netzteil PA-500, Kopfh\u00f6rer-Haken &amp; Notenalbum \u201eClassical Music Masterpieces\u201c<\/p>\n<\/li>\n<\/ul>\n","protected":false},"excerpt":{"rendered":"<p>Das Yamaha Clavinova CLP-875 bietet echtes Fl\u00fcgelspielgef\u00fchl, exzellenten Klang und modernste Technologie f\u00fcr h\u00f6chste Anspr\u00fcche.<\/p>\n<p><br data-start=\"257\" data-end=\"260\" \/>Als autorisierter <strong>Yamaha-Agentur<\/strong> vermitteln wir Ihnen dieses Instrument \u2013 der Kaufvertrag wird direkt mit Yamaha Music Europe GmbH geschlossen.<\/p>\n<p><br data-start=\"403\" data-end=\"406\" \/>Der Preis ist daher bei allen H\u00e4ndlern einheitlich und nicht verhandelbar \u2013 wir \u00fcberzeugen Sie stattdessen mit <strong>pers\u00f6nlicher Fachberatung und umfassendem Service<\/strong>.<\/p>\n","protected":false},"featured_media":64108,"template":"","meta":{"om_disable_all_campaigns":false,"_monsterinsights_skip_tracking":false,"_monsterinsights_sitenote_active":false,"_monsterinsights_sitenote_note":"","_monsterinsights_sitenote_category":0},"product_cat":[30],"product_tag":[716,717,715,578],"acf":[],"aioseo_notices":[],"_links":{"self":[{"href":"https:\/\/kisselbach.de\/de\/wp-json\/wp\/v2\/product\/64107"}],"collection":[{"href":"https:\/\/kisselbach.de\/de\/wp-json\/wp\/v2\/product"}],"about":[{"href":"https:\/\/kisselbach.de\/de\/wp-json\/wp\/v2\/types\/product"}],"wp:featuredmedia":[{"embeddable":true,"href":"https:\/\/kisselbach.de\/de\/wp-json\/wp\/v2\/media\/64108"}],"wp:attachment":[{"href":"https:\/\/kisselbach.de\/de\/wp-json\/wp\/v2\/media?parent=64107"}],"wp:term":[{"taxonomy":"product_cat","embeddable":true,"href":"https:\/\/kisselbach.de\/de\/wp-json\/wp\/v2\/product_cat?post=64107"},{"taxonomy":"product_tag","embeddable":true,"href":"https:\/\/kisselbach.de\/de\/wp-json\/wp\/v2\/product_tag?post=64107"}],"curies":[{"name":"wp","href":"https:\/\/api.w.org\/{rel}","templated":true}]}}