{"id":63627,"date":"2025-03-12T17:31:23","date_gmt":"2025-03-12T16:31:23","guid":{"rendered":"https:\/\/kisselbach.de\/de\/?post_type=product&#038;p=63627"},"modified":"2025-05-23T10:49:49","modified_gmt":"2025-05-23T08:49:49","slug":"gloria-concerto-plus-positiv-3-48","status":"publish","type":"product","link":"https:\/\/kisselbach.de\/de\/produkt\/gloria-concerto-plus-positiv-3-48\/","title":{"rendered":"Gloria Concerto Plus Positiv 3-48"},"content":{"rendered":"<p>Alle Informationen zur Gloria Concerto Plus Positiv 3-48:<\/p>\n<div class=\"brlbs-cmpnt-container brlbs-cmpnt-content-blocker brlbs-cmpnt-with-individual-styles\" data-borlabs-cookie-content-blocker-id=\"youtube-content-blocker\" data-borlabs-cookie-content=\"PGlmcmFtZSB0aXRsZT0iWW91VHViZSB2aWRlbyBwbGF5ZXIiIHNyYz0iaHR0cHM6Ly93d3cueW91dHViZS1ub2Nvb2tpZS5jb20vZW1iZWQvV2RrcFZzNllxYUE\/c2k9T2hpWk1mbC1fVHl6YWMzbSIgd2lkdGg9IjU2MCIgaGVpZ2h0PSIzMTUiIGZyYW1lYm9yZGVyPSIwIiBhbGxvd2Z1bGxzY3JlZW49ImFsbG93ZnVsbHNjcmVlbiI+PC9pZnJhbWU+\">\n<div class=\"brlbs-cmpnt-cb-preset-c brlbs-cmpnt-cb-youtube\">\n<div class=\"brlbs-cmpnt-cb-thumbnail\" style=\"background-image: url('https:\/\/kisselbach.de\/de\/wp-content\/uploads\/borlabs-cookie\/1\/yt_WdkpVs6YqaA_hqdefault.jpg')\"><\/div>\n<div class=\"brlbs-cmpnt-cb-main\">\n<div class=\"brlbs-cmpnt-cb-play-button\"><\/div>\n<div class=\"brlbs-cmpnt-cb-content\">\n<p class=\"brlbs-cmpnt-cb-description\">Sie sehen gerade einen Platzhalterinhalt von <strong>YouTube<\/strong>. Um auf den eigentlichen Inhalt zuzugreifen, klicken Sie auf die Schaltfl\u00e4che unten. Bitte beachten Sie, dass dabei Daten an Drittanbieter weitergegeben werden.<\/p>\n<p> <a class=\"brlbs-cmpnt-cb-provider-toggle\" href=\"#\" data-borlabs-cookie-show-provider-information role=\"button\">Mehr Informationen<\/a> <\/div>\n<div class=\"brlbs-cmpnt-cb-buttons\"> <a class=\"brlbs-cmpnt-cb-btn\" href=\"#\" data-borlabs-cookie-unblock role=\"button\">Inhalt entsperren<\/a> <a class=\"brlbs-cmpnt-cb-btn\" href=\"#\" data-borlabs-cookie-accept-service role=\"button\" style=\"display: inherit\">Erforderlichen Service akzeptieren und Inhalte entsperren<\/a> <\/div>\n<\/p><\/div>\n<\/p><\/div>\n<\/div>\n<div class=\"brlbs-cmpnt-container brlbs-cmpnt-content-blocker brlbs-cmpnt-with-individual-styles\" data-borlabs-cookie-content-blocker-id=\"youtube-content-blocker\" data-borlabs-cookie-content=\"PGlmcmFtZSB0aXRsZT0iWW91VHViZSB2aWRlbyBwbGF5ZXIiIHNyYz0iaHR0cHM6Ly93d3cueW91dHViZS1ub2Nvb2tpZS5jb20vZW1iZWQvOXNUNGt5RWNnTFU\/c2k9TFo4cmUxLXJMeVQ3NjduRiIgd2lkdGg9IjU2MCIgaGVpZ2h0PSIzMTUiIGZyYW1lYm9yZGVyPSIwIiBhbGxvd2Z1bGxzY3JlZW49ImFsbG93ZnVsbHNjcmVlbiI+PC9pZnJhbWU+\">\n<div class=\"brlbs-cmpnt-cb-preset-c brlbs-cmpnt-cb-youtube\">\n<div class=\"brlbs-cmpnt-cb-thumbnail\" style=\"background-image: url('https:\/\/kisselbach.de\/de\/wp-content\/uploads\/borlabs-cookie\/1\/yt_9sT4kyEcgLU_hqdefault.jpg')\"><\/div>\n<div class=\"brlbs-cmpnt-cb-main\">\n<div class=\"brlbs-cmpnt-cb-play-button\"><\/div>\n<div class=\"brlbs-cmpnt-cb-content\">\n<p class=\"brlbs-cmpnt-cb-description\">Sie sehen gerade einen Platzhalterinhalt von <strong>YouTube<\/strong>. Um auf den eigentlichen Inhalt zuzugreifen, klicken Sie auf die Schaltfl\u00e4che unten. Bitte beachten Sie, dass dabei Daten an Drittanbieter weitergegeben werden.<\/p>\n<p> <a class=\"brlbs-cmpnt-cb-provider-toggle\" href=\"#\" data-borlabs-cookie-show-provider-information role=\"button\">Mehr Informationen<\/a> <\/div>\n<div class=\"brlbs-cmpnt-cb-buttons\"> <a class=\"brlbs-cmpnt-cb-btn\" href=\"#\" data-borlabs-cookie-unblock role=\"button\">Inhalt entsperren<\/a> <a class=\"brlbs-cmpnt-cb-btn\" href=\"#\" data-borlabs-cookie-accept-service role=\"button\" style=\"display: inherit\">Erforderlichen Service akzeptieren und Inhalte entsperren<\/a> <\/div>\n<\/p><\/div>\n<\/p><\/div>\n<\/div>\n<h3>Orgeldetails<\/h3>\n<ul>\n<li>Klangerzeugung: Physis Plus-Technologie<\/li>\n<li>Anzahl Manuale: 3 Manuale mit hochwertigen Druckpunktklaviaturen<\/li>\n<li>Anzahl Register: 48 Register<\/li>\n<li>Registerbibliothek: gro\u00dfe Registerbibliothek<\/li>\n<li>Orchesterstimmen: 37 Orchesterstimmen (inkl. Zimbelstern)<\/li>\n<li>Intonationen: 4 Intonationen (unbegrenzte Archivierung von Intonationen per USB-Stick)<\/li>\n<\/ul>\n<p><strong>Orgelgeh\u00e4use\/Ausstattung<\/strong><\/p>\n<ul>\n<li>Geh\u00e4usebauform: Positiv Bauform<\/li>\n<li>Breite: 147 | H\u00f6he: 175 | Tiefe ohne Pedal: 69<\/li>\n<li>Pedalbeleuchtung: ja<\/li>\n<li>Schweller: 3 Schwelltritte<\/li>\n<li>Fu\u00dfpistons: Fu\u00dfpistons f\u00fcr Koppeln, Seq +\/- und Plenum<\/li>\n<\/ul>\n<p><strong>Audio und Anschl\u00fcsse<\/strong><\/p>\n<ul>\n<li>Klangabstrahlung: 12 Lautsprecher Audio System<\/li>\n<li>Audio-Anschl\u00fcsse: Line In, Line Out, Mikrofon In<\/li>\n<li>MIDI-Schnittstelle: MIDI in, out, thru<\/li>\n<li>USB-Schnittstelle: USB Host und Device (PC und Stick)<\/li>\n<li>Kopfh\u00f6reranschluss: ja<\/li>\n<li>Klangerzeugung: Physis Plus-Technologie<\/li>\n<\/ul>\n<p><strong>Funktionen<\/strong><\/p>\n<ul>\n<li>Transponieren: -6\/+5 Halbt\u00f6ne<\/li>\n<li>Werksumschaltung:\u00a0frei w\u00e4hlbar<\/li>\n<li>Aufnahmefunktion: internes MIDI Aufnahmeger\u00e4t<\/li>\n<li>Setzer: 100&#215;10 Setzer &#8211; \u00fcber USB beliebig erweiterbar<\/li>\n<li>Intonationm\u00f6glichkeiten: im Menu (on Board) und wahlweise mit kostenloser App (Win, Mac, iPadOS)<\/li>\n<\/ul>\n<p><strong>Disposition:<\/strong><\/p>\n<div class=\"table-scrollable\">\n<table border=\"\" rules=\"cols\" cellpadding=\"5\">\n<thead>\n<tr style=\"background-color: #f5f5f5;\" align=\"left\">\n<th style=\"width: 20%;\"><strong>Pedal:<\/strong><\/th>\n<th style=\"width: 20%;\"><strong>Hauptwerk:<\/strong><\/th>\n<th style=\"width: 20%;\"><strong>Schwellwerk:<\/strong><\/th>\n<th style=\"width: 20%;\"><strong>Positiv:<\/strong><\/th>\n<\/tr>\n<\/thead>\n<tbody>\n<tr>\n<td style=\"width: 20%;\" valign=\"top\">Kontrabass 32&#8242;<br \/>\nPrincipalbass 16&#8242;<br \/>\nSubbass 16&#8242;<br \/>\nOctavbass 8&#8242;<br \/>\nStrichfl\u00f6te 8&#8242;<br \/>\nChoralbass 4&#8242;<br \/>\nHintersatz IV<br \/>\nPosaune 16&#8242;<br \/>\nTrompete 8&#8242;<br \/>\nKlarine 4&#8242;<br \/>\nKoppel HW-Ped<br \/>\nKoppel SW-Ped<br \/>\nKoppel Pos-Ped<br \/>\nOrchesterstimmen<\/td>\n<td style=\"width: 20%;\" valign=\"top\">Gemshorn 16&#8242;<br \/>\nPrincipal 8&#8242;<br \/>\nHolzfl\u00f6te 8&#8242;<br \/>\nSpitzgambe 8&#8242;<br \/>\nOctave 4&#8242;<br \/>\nOffenfl\u00f6te 4&#8242;<br \/>\nQuinte 2 2\/3&#8242;<br \/>\nSuperoctave 2&#8242;<br \/>\nMixtur V<br \/>\nKornett IV<br \/>\nTrompete 16&#8242;<br \/>\nTrompete 8&#8242;<br \/>\nTremulant<br \/>\nKoppel SW-HW<br \/>\nKoppel Pos-HW<br \/>\nOrchesterstimmen<\/td>\n<td style=\"width: 20%;\" valign=\"top\">Lieblichgedeckt 16&#8242;<br \/>\nGeigenprincipal 8&#8242;<br \/>\nFl\u00fate Harm. 8&#8242;<br \/>\nSalicional 8&#8242;<br \/>\nVoix C\u00e9leste 8&#8242;<br \/>\nFl\u00f6tenprincipal 4&#8242;<br \/>\nNasat 2 2\/3&#8242;<br \/>\nWaldfl\u00f6te 2&#8242;<br \/>\nTerz 1 3\/5&#8242;<br \/>\nPlein Jeu IV<br \/>\nBombarde 16&#8242;<br \/>\nTrompette Harm. 8&#8242;<br \/>\nOboe 8&#8242;<br \/>\nClairon 4&#8242;<br \/>\nTremulant<br \/>\nOrchesterstimmen<\/td>\n<td style=\"width: 20%;\" valign=\"top\">Principal 8&#8242;<br \/>\nRohrfl\u00f6te 8&#8242;<br \/>\nQuintadena 8&#8242;<br \/>\nOctave 4&#8242;<br \/>\nSpitzfl\u00f6te 4&#8242;<br \/>\nOctave 2&#8242;<br \/>\nKleinquinte 1 1\/3&#8242;<br \/>\nSesquialter II<br \/>\nScharf III<br \/>\nFagott 16&#8242;<br \/>\nCromorne 8&#8242;<br \/>\nVox Humana 8&#8242;<br \/>\nTremulant<br \/>\nKoppel SW-Pos<br \/>\nOrchesterstimmen<\/td>\n<\/tr>\n<\/tbody>\n<\/table>\n<p>&nbsp;<\/p>\n<\/div>\n","protected":false},"excerpt":{"rendered":"<p>Die <strong data-start=\"357\" data-end=\"394\">Gloria Concerto Plus Positiv 3-48<\/strong> beeindruckt mit ihrer <strong data-start=\"417\" data-end=\"449\">klassischen Positiv-Bauweise<\/strong>, <strong data-start=\"451\" data-end=\"467\">48 Registern<\/strong> und modernster <strong data-start=\"483\" data-end=\"510\">Physis Plus Technologie<\/strong>. Mit <strong data-start=\"516\" data-end=\"533\">drei Manualen<\/strong> und einer pr\u00e4zisen Druckpunkttastatur bietet sie ein einzigartiges Spielerlebnis \u2013 ideal f\u00fcr Kirchenmusik und den gehobenen Heimgebrauch.<\/p>\n","protected":false},"featured_media":63357,"template":"","meta":{"_acf_changed":false,"om_disable_all_campaigns":false,"_monsterinsights_skip_tracking":false,"_monsterinsights_sitenote_active":false,"_monsterinsights_sitenote_note":"","_monsterinsights_sitenote_category":0},"product_brand":[],"product_cat":[663,8],"product_tag":[670,687,688,541,535,531,602,550,558],"class_list":{"0":"post-63627","1":"product","2":"type-product","3":"status-publish","4":"has-post-thumbnail","6":"product_cat-concerto-plus","7":"product_cat-gloria","8":"product_tag-670","9":"product_tag-3-48","10":"product_tag-688","11":"product_tag-concerto","12":"product_tag-dlx","13":"product_tag-gloria","14":"product_tag-physis","15":"product_tag-plus","16":"product_tag-positiv","17":"pa_aufnahmefunktion-midi-aufnahmegeraet","18":"pa_farbe-eichenholzfurnier-dunkel","19":"pa_farbe-eichenholzfurnier-hell","20":"pa_klaviatur-druckpunkt-awk-advanced-wood-keys","21":"pa_klaviatur-druckpunkt-in-hochwertigen-kunststoff","22":"pa_klaviatur-druckpunkt-mit-holzbelaegen","23":"pa_klaviatur-druckpunkt-mit-holzkern-tp60lw","24":"pa_klaviatur-druckpunkt-mit-holzkern-und-holzbelaegen-tp65lw","25":"pa_manuale-3-manuale-mit-hochwertigen-druckpunktklaviaturen","26":"pa_pedalform-32-toenig-flach","27":"pa_pedalform-32-toenig-geschweift","28":"pa_registerzahl-48-register","29":"pa_schweller-3-schwelltritte","30":"pa_setzerspeicher-100x10setzer","31":"pa_technologie-physisplus","33":"first","34":"instock","35":"sale","36":"taxable","37":"shipping-taxable","38":"purchasable","39":"product-type-variable","40":"has-default-attributes","41":"prodpage-classic"},"acf":[],"aioseo_notices":[],"_links":{"self":[{"href":"https:\/\/kisselbach.de\/de\/wp-json\/wp\/v2\/product\/63627","targetHints":{"allow":["GET"]}}],"collection":[{"href":"https:\/\/kisselbach.de\/de\/wp-json\/wp\/v2\/product"}],"about":[{"href":"https:\/\/kisselbach.de\/de\/wp-json\/wp\/v2\/types\/product"}],"wp:featuredmedia":[{"embeddable":true,"href":"https:\/\/kisselbach.de\/de\/wp-json\/wp\/v2\/media\/63357"}],"wp:attachment":[{"href":"https:\/\/kisselbach.de\/de\/wp-json\/wp\/v2\/media?parent=63627"}],"wp:term":[{"taxonomy":"product_brand","embeddable":true,"href":"https:\/\/kisselbach.de\/de\/wp-json\/wp\/v2\/product_brand?post=63627"},{"taxonomy":"product_cat","embeddable":true,"href":"https:\/\/kisselbach.de\/de\/wp-json\/wp\/v2\/product_cat?post=63627"},{"taxonomy":"product_tag","embeddable":true,"href":"https:\/\/kisselbach.de\/de\/wp-json\/wp\/v2\/product_tag?post=63627"}],"curies":[{"name":"wp","href":"https:\/\/api.w.org\/{rel}","templated":true}]}}