{"id":63520,"date":"2025-03-12T15:54:47","date_gmt":"2025-03-12T14:54:47","guid":{"rendered":"https:\/\/kisselbach.de\/de\/?post_type=product&#038;p=63520"},"modified":"2025-05-23T10:51:00","modified_gmt":"2025-05-23T08:51:00","slug":"gloria-concerto-plus-3-55cc","status":"publish","type":"product","link":"https:\/\/kisselbach.de\/de\/produkt\/gloria-concerto-plus-3-55cc\/","title":{"rendered":"Gloria Concerto Plus 3-55cc"},"content":{"rendered":"<p>Alle Informationen zur Gloria Concerto Plus 3-55cc:<\/p>\n<div class=\"brlbs-cmpnt-container brlbs-cmpnt-content-blocker brlbs-cmpnt-with-individual-styles\" data-borlabs-cookie-content-blocker-id=\"youtube-content-blocker\" data-borlabs-cookie-content=\"PGlmcmFtZSB0aXRsZT0iWW91VHViZSB2aWRlbyBwbGF5ZXIiIHNyYz0iaHR0cHM6Ly93d3cueW91dHViZS1ub2Nvb2tpZS5jb20vZW1iZWQvV2RrcFZzNllxYUE\/c2k9T2hpWk1mbC1fVHl6YWMzbSIgd2lkdGg9IjU2MCIgaGVpZ2h0PSIzMTUiIGZyYW1lYm9yZGVyPSIwIiBhbGxvd2Z1bGxzY3JlZW49ImFsbG93ZnVsbHNjcmVlbiI+PC9pZnJhbWU+\">\n<div class=\"brlbs-cmpnt-cb-preset-c brlbs-cmpnt-cb-youtube\">\n<div class=\"brlbs-cmpnt-cb-thumbnail\" style=\"background-image: url('https:\/\/kisselbach.de\/de\/wp-content\/uploads\/borlabs-cookie\/1\/yt_WdkpVs6YqaA_hqdefault.jpg')\"><\/div>\n<div class=\"brlbs-cmpnt-cb-main\">\n<div class=\"brlbs-cmpnt-cb-play-button\"><\/div>\n<div class=\"brlbs-cmpnt-cb-content\">\n<p class=\"brlbs-cmpnt-cb-description\">Sie sehen gerade einen Platzhalterinhalt von <strong>YouTube<\/strong>. Um auf den eigentlichen Inhalt zuzugreifen, klicken Sie auf die Schaltfl\u00e4che unten. Bitte beachten Sie, dass dabei Daten an Drittanbieter weitergegeben werden.<\/p>\n<p> <a class=\"brlbs-cmpnt-cb-provider-toggle\" href=\"#\" data-borlabs-cookie-show-provider-information role=\"button\">Mehr Informationen<\/a> <\/div>\n<div class=\"brlbs-cmpnt-cb-buttons\"> <a class=\"brlbs-cmpnt-cb-btn\" href=\"#\" data-borlabs-cookie-unblock role=\"button\">Inhalt entsperren<\/a> <a class=\"brlbs-cmpnt-cb-btn\" href=\"#\" data-borlabs-cookie-accept-service role=\"button\" style=\"display: inherit\">Erforderlichen Service akzeptieren und Inhalte entsperren<\/a> <\/div>\n<\/p><\/div>\n<\/p><\/div>\n<\/div>\n<div class=\"brlbs-cmpnt-container brlbs-cmpnt-content-blocker brlbs-cmpnt-with-individual-styles\" data-borlabs-cookie-content-blocker-id=\"youtube-content-blocker\" data-borlabs-cookie-content=\"PGlmcmFtZSB0aXRsZT0iWW91VHViZSB2aWRlbyBwbGF5ZXIiIHNyYz0iaHR0cHM6Ly93d3cueW91dHViZS1ub2Nvb2tpZS5jb20vZW1iZWQvV0ZZZTUzX1p0cG8\/c2k9cGpLeWowZW5vN0l1MlJOSyIgd2lkdGg9IjU2MCIgaGVpZ2h0PSIzMTUiIGZyYW1lYm9yZGVyPSIwIiBhbGxvd2Z1bGxzY3JlZW49ImFsbG93ZnVsbHNjcmVlbiI+PC9pZnJhbWU+\">\n<div class=\"brlbs-cmpnt-cb-preset-c brlbs-cmpnt-cb-youtube\">\n<div class=\"brlbs-cmpnt-cb-thumbnail\" style=\"background-image: url('https:\/\/kisselbach.de\/de\/wp-content\/uploads\/borlabs-cookie\/1\/yt_WFYe53_Ztpo_hqdefault.jpg')\"><\/div>\n<div class=\"brlbs-cmpnt-cb-main\">\n<div class=\"brlbs-cmpnt-cb-play-button\"><\/div>\n<div class=\"brlbs-cmpnt-cb-content\">\n<p class=\"brlbs-cmpnt-cb-description\">Sie sehen gerade einen Platzhalterinhalt von <strong>YouTube<\/strong>. Um auf den eigentlichen Inhalt zuzugreifen, klicken Sie auf die Schaltfl\u00e4che unten. Bitte beachten Sie, dass dabei Daten an Drittanbieter weitergegeben werden.<\/p>\n<p> <a class=\"brlbs-cmpnt-cb-provider-toggle\" href=\"#\" data-borlabs-cookie-show-provider-information role=\"button\">Mehr Informationen<\/a> <\/div>\n<div class=\"brlbs-cmpnt-cb-buttons\"> <a class=\"brlbs-cmpnt-cb-btn\" href=\"#\" data-borlabs-cookie-unblock role=\"button\">Inhalt entsperren<\/a> <a class=\"brlbs-cmpnt-cb-btn\" href=\"#\" data-borlabs-cookie-accept-service role=\"button\" style=\"display: inherit\">Erforderlichen Service akzeptieren und Inhalte entsperren<\/a> <\/div>\n<\/p><\/div>\n<\/p><\/div>\n<\/div>\n<h3>Orgeldetails<\/h3>\n<ul>\n<li>Klangerzeugung: Physis Plus-Technologie<\/li>\n<li>Anzahl Manuale: 3 Manuale mit hochwertigen Druckpunktklaviaturen<\/li>\n<li>Anzahl Register: 55 Register<\/li>\n<li>Registerbibliothek: gro\u00dfe Registerbibliothek<\/li>\n<li>Orchesterstimmen: 37 Orchesterstimmen (inkl. Zimbelstern)<\/li>\n<li>Intonationen: 4 Intonationen (unbegrenzte Archivierung von Intonationen per USB-Stick)<\/li>\n<\/ul>\n<p><strong>Orgelgeh\u00e4use\/Ausstattung<\/strong><\/p>\n<ul>\n<li>Geh\u00e4usebauform: Spieltisch in der legend\u00e4ren Cavaille-Coll Bauform<\/li>\n<li>Breite: 188 | H\u00f6he: 120,2 (ohne Notenpult) | Tiefe ohne Pedal: 78,6<\/li>\n<li>Pedalbeleuchtung: ja<\/li>\n<li>Schweller: 3 Schwelltritte<\/li>\n<li>Fu\u00dfpistons: Fu\u00dfpistons f\u00fcr Koppeln, Seq +\/- und Plenum<\/li>\n<\/ul>\n<p><strong>Audio und Anschl\u00fcsse<\/strong><\/p>\n<ul>\n<li>Klangabstrahlung: 14 Lautsprecher Audio System<\/li>\n<li>Audio-Anschl\u00fcsse: Line In, Line Out, Mikrofon In<\/li>\n<li>MIDI-Schnittstelle: MIDI in, out, thru<\/li>\n<li>USB-Schnittstelle: USB Host und Device (PC und Stick)<\/li>\n<li>Kopfh\u00f6reranschluss: ja<\/li>\n<li>Klangerzeugung: Physis Plus-Technologie<\/li>\n<\/ul>\n<p><strong>Funktionen<\/strong><\/p>\n<ul>\n<li>Transponieren: -6\/+5 Halbt\u00f6ne<\/li>\n<li>Werksumschaltung:\u00a0frei w\u00e4hlbar<\/li>\n<li>Aufnahmefunktion: internes MIDI Aufnahmeger\u00e4t<\/li>\n<li>Setzer: 100&#215;10 Setzer &#8211; \u00fcber USB beliebig erweiterbar<\/li>\n<li>Intonationm\u00f6glichkeiten: im Menu (on Board) und wahlweise mit kostenloser App (Win, Mac, iPadOS)<\/li>\n<\/ul>\n<p><strong>Disposition:<\/strong><\/p>\n<div class=\"table-scrollable\">\n<table border=\"\" rules=\"cols\" cellpadding=\"5\">\n<thead>\n<tr style=\"background-color: #f5f5f5;\" align=\"left\">\n<th style=\"width: 20%;\"><strong>Pedal:<\/strong><\/th>\n<th style=\"width: 20%;\"><strong>Hauptwerk:<\/strong><\/th>\n<th style=\"width: 20%;\"><strong>Schwellwerk:<\/strong><\/th>\n<th style=\"width: 20%;\"><strong>Positiv:<\/strong><\/th>\n<\/tr>\n<\/thead>\n<tbody>\n<tr>\n<td style=\"width: 20%;\" valign=\"top\">Untersatz 32&#8242;<br \/>\nPrincipalbass 16&#8242;<br \/>\nSubbass 16&#8242;<br \/>\nViolonbass 16&#8242;<br \/>\nOctavbass 8&#8242;<br \/>\nGedacktbass 8&#8242;<br \/>\nChoralbass 4&#8242;<br \/>\nMixtur IV<br \/>\nContra Pos. 32&#8242;<br \/>\nPosaune 16&#8242;<br \/>\nTrompete 8&#8242;<br \/>\nKlarine 4&#8242;<br \/>\nKoppel HW-Ped<br \/>\nKoppel SW-Ped<br \/>\nKoppel Pos-Ped<br \/>\nOrchesterstimmen<\/td>\n<td style=\"width: 20%;\" valign=\"top\">Principal 16&#8242;<br \/>\nPrincipal 8&#8242;<br \/>\nFlute Harm. 8&#8242;<br \/>\nRohrfl\u00f6te 8&#8242;<br \/>\nSalicional 8&#8242;<br \/>\nOctave 4&#8242;<br \/>\nBlockfl\u00f6te 4&#8242;<br \/>\nQuinte 2 2\/3&#8242;<br \/>\nSuperoctave 2&#8242;<br \/>\nMixtur V<br \/>\nCymbel III<br \/>\nTrompete 16&#8242;<br \/>\nTrompete 8&#8242;<br \/>\nTremulant<br \/>\nKoppel SW-HW<br \/>\nKoppel Pos-HW<br \/>\nSubkoppel SW-HW<br \/>\nOrchesterstimmen<\/td>\n<td style=\"width: 20%;\" valign=\"top\">Bourdon 16&#8242;<br \/>\nPrincipal 8&#8242;<br \/>\nGedackt 8&#8242;<br \/>\nViola di Gamba 8&#8242;<br \/>\nVoix C\u00e9leste 8&#8242;<br \/>\nOctave 4&#8242;<br \/>\nFl\u00fate Octaviante 4&#8242;<br \/>\nNasard 2 2\/3&#8242;<br \/>\nWaldfl\u00f6te 2&#8242;<br \/>\nTerz 1 3\/5&#8242;<br \/>\nPlein Jeu IV<br \/>\nFagott 16&#8242;<br \/>\nTrompette Harm. 8&#8242;<br \/>\nOboe 8&#8242;<br \/>\nVox Humana 8&#8242;<br \/>\nClairon 4&#8242;<br \/>\nTremulant<br \/>\nSubkoppel<br \/>\nSuperkoppel<br \/>\nOrchesterstimmen<\/td>\n<td style=\"width: 20%;\" valign=\"top\">Principal 8&#8242;<br \/>\nRohrgedackt 8&#8242;<br \/>\nGemshorn 8&#8242;<br \/>\nOctave 4&#8242;<br \/>\nGedacktfl\u00f6te 4&#8242;<br \/>\nOctave 2&#8242;<br \/>\nQuinte 1 1\/3&#8242;<br \/>\nSiffl\u00f6te 1&#8242;<br \/>\nSesquialtera II<br \/>\nScharf IV<br \/>\nDulcian 16&#8242;<br \/>\nCromorne 8&#8242;<br \/>\nTromp. en Cham. 8&#8242;<br \/>\nTremulant<br \/>\nKoppel SW-Pos<br \/>\nSubkoppel SW-Pos<br \/>\nOrchesterstimmen<\/td>\n<\/tr>\n<\/tbody>\n<\/table>\n<\/div>\n","protected":false},"excerpt":{"rendered":"<p>Die <strong data-start=\"334\" data-end=\"365\">Gloria Concerto Plus 3-55cc<\/strong> beeindruckt mit <strong data-start=\"382\" data-end=\"398\">55 Registern<\/strong>, <strong data-start=\"400\" data-end=\"427\">Physis Plus Technologie<\/strong> und einem exklusiven <strong data-start=\"449\" data-end=\"477\">Cavaill\u00e9-Coll Spieltisch<\/strong>. Mit <strong data-start=\"483\" data-end=\"500\">drei Manualen<\/strong> und einer pr\u00e4zisen Druckpunkttastatur bietet sie ein au\u00dfergew\u00f6hnliches Spielerlebnis \u2013 ideal f\u00fcr Kirchen und anspruchsvolle Organisten.<\/p>\n","protected":false},"featured_media":63354,"template":"","meta":{"_acf_changed":false,"om_disable_all_campaigns":false,"_monsterinsights_skip_tracking":false,"_monsterinsights_sitenote_active":false,"_monsterinsights_sitenote_note":"","_monsterinsights_sitenote_category":0},"product_brand":[],"product_cat":[663,8],"product_tag":[670,673,676,675,677,674,678,541,535,531,602,550],"class_list":{"0":"post-63520","1":"product","2":"type-product","3":"status-publish","4":"has-post-thumbnail","6":"product_cat-concerto-plus","7":"product_cat-gloria","8":"product_tag-670","9":"product_tag-3-55","10":"product_tag-355cc","11":"product_tag-675","12":"product_tag-cavaille","13":"product_tag-cc","14":"product_tag-coll","15":"product_tag-concerto","16":"product_tag-dlx","17":"product_tag-gloria","18":"product_tag-physis","19":"product_tag-plus","20":"pa_aufnahmefunktion-midi-aufnahmegeraet","21":"pa_farbe-eichenholzfurnier-dunkel","22":"pa_farbe-eichenholzfurnier-hell","23":"pa_klaviatur-druckpunkt-awk-advanced-wood-keys","24":"pa_klaviatur-druckpunkt-in-hochwertigen-kunststoff","25":"pa_klaviatur-druckpunkt-mit-holzbelaegen","26":"pa_klaviatur-druckpunkt-mit-holzkern-tp60lw","27":"pa_klaviatur-druckpunkt-mit-holzkern-und-holzbelaegen-tp65lw","28":"pa_manuale-3-manuale-mit-hochwertigen-druckpunktklaviaturen","29":"pa_pedalform-32-toenig-flach","30":"pa_pedalform-32-toenig-geschweift","31":"pa_registerzahl-55-register","32":"pa_schweller-3-schwelltritte","33":"pa_setzerspeicher-100x10setzer","34":"pa_technologie-physisplus","36":"first","37":"instock","38":"sale","39":"taxable","40":"shipping-taxable","41":"purchasable","42":"product-type-variable","43":"has-default-attributes","44":"prodpage-classic"},"acf":[],"aioseo_notices":[],"_links":{"self":[{"href":"https:\/\/kisselbach.de\/de\/wp-json\/wp\/v2\/product\/63520","targetHints":{"allow":["GET"]}}],"collection":[{"href":"https:\/\/kisselbach.de\/de\/wp-json\/wp\/v2\/product"}],"about":[{"href":"https:\/\/kisselbach.de\/de\/wp-json\/wp\/v2\/types\/product"}],"wp:featuredmedia":[{"embeddable":true,"href":"https:\/\/kisselbach.de\/de\/wp-json\/wp\/v2\/media\/63354"}],"wp:attachment":[{"href":"https:\/\/kisselbach.de\/de\/wp-json\/wp\/v2\/media?parent=63520"}],"wp:term":[{"taxonomy":"product_brand","embeddable":true,"href":"https:\/\/kisselbach.de\/de\/wp-json\/wp\/v2\/product_brand?post=63520"},{"taxonomy":"product_cat","embeddable":true,"href":"https:\/\/kisselbach.de\/de\/wp-json\/wp\/v2\/product_cat?post=63520"},{"taxonomy":"product_tag","embeddable":true,"href":"https:\/\/kisselbach.de\/de\/wp-json\/wp\/v2\/product_tag?post=63520"}],"curies":[{"name":"wp","href":"https:\/\/api.w.org\/{rel}","templated":true}]}}