{"id":63433,"date":"2025-03-12T12:54:24","date_gmt":"2025-03-12T11:54:24","guid":{"rendered":"https:\/\/kisselbach.de\/de\/?post_type=product&#038;p=63433"},"modified":"2025-05-23T10:52:26","modified_gmt":"2025-05-23T08:52:26","slug":"gloria-concerto-plus-3-51-dlx","status":"publish","type":"product","link":"https:\/\/kisselbach.de\/de\/produkt\/gloria-concerto-plus-3-51-dlx\/","title":{"rendered":"Gloria Concerto Plus 3-51 DLX"},"content":{"rendered":"<p>Alle Informationen zur Gloria Concerto Plus 3-51 DLX:<\/p>\n<div class=\"brlbs-cmpnt-container brlbs-cmpnt-content-blocker brlbs-cmpnt-with-individual-styles\" data-borlabs-cookie-content-blocker-id=\"youtube-content-blocker\" data-borlabs-cookie-content=\"PGlmcmFtZSB0aXRsZT0iWW91VHViZSB2aWRlbyBwbGF5ZXIiIHNyYz0iaHR0cHM6Ly93d3cueW91dHViZS1ub2Nvb2tpZS5jb20vZW1iZWQvV2RrcFZzNllxYUE\/c2k9T2hpWk1mbC1fVHl6YWMzbSIgd2lkdGg9IjU2MCIgaGVpZ2h0PSIzMTUiIGZyYW1lYm9yZGVyPSIwIiBhbGxvd2Z1bGxzY3JlZW49ImFsbG93ZnVsbHNjcmVlbiI+PC9pZnJhbWU+\">\n<div class=\"brlbs-cmpnt-cb-preset-c brlbs-cmpnt-cb-youtube\">\n<div class=\"brlbs-cmpnt-cb-thumbnail\" style=\"background-image: url('https:\/\/kisselbach.de\/de\/wp-content\/uploads\/borlabs-cookie\/1\/yt_WdkpVs6YqaA_hqdefault.jpg')\"><\/div>\n<div class=\"brlbs-cmpnt-cb-main\">\n<div class=\"brlbs-cmpnt-cb-play-button\"><\/div>\n<div class=\"brlbs-cmpnt-cb-content\">\n<p class=\"brlbs-cmpnt-cb-description\">Sie sehen gerade einen Platzhalterinhalt von <strong>YouTube<\/strong>. Um auf den eigentlichen Inhalt zuzugreifen, klicken Sie auf die Schaltfl\u00e4che unten. Bitte beachten Sie, dass dabei Daten an Drittanbieter weitergegeben werden.<\/p>\n<p> <a class=\"brlbs-cmpnt-cb-provider-toggle\" href=\"#\" data-borlabs-cookie-show-provider-information role=\"button\">Mehr Informationen<\/a> <\/div>\n<div class=\"brlbs-cmpnt-cb-buttons\"> <a class=\"brlbs-cmpnt-cb-btn\" href=\"#\" data-borlabs-cookie-unblock role=\"button\">Inhalt entsperren<\/a> <a class=\"brlbs-cmpnt-cb-btn\" href=\"#\" data-borlabs-cookie-accept-service role=\"button\" style=\"display: inherit\">Erforderlichen Service akzeptieren und Inhalte entsperren<\/a> <\/div>\n<\/p><\/div>\n<\/p><\/div>\n<\/div>\n<div class=\"brlbs-cmpnt-container brlbs-cmpnt-content-blocker brlbs-cmpnt-with-individual-styles\" data-borlabs-cookie-content-blocker-id=\"youtube-content-blocker\" data-borlabs-cookie-content=\"PGlmcmFtZSB0aXRsZT0iWW91VHViZSB2aWRlbyBwbGF5ZXIiIHNyYz0iaHR0cHM6Ly93d3cueW91dHViZS1ub2Nvb2tpZS5jb20vZW1iZWQvV0ZZZTUzX1p0cG8\/c2k9cGpLeWowZW5vN0l1MlJOSyIgd2lkdGg9IjU2MCIgaGVpZ2h0PSIzMTUiIGZyYW1lYm9yZGVyPSIwIiBhbGxvd2Z1bGxzY3JlZW49ImFsbG93ZnVsbHNjcmVlbiI+PC9pZnJhbWU+\">\n<div class=\"brlbs-cmpnt-cb-preset-c brlbs-cmpnt-cb-youtube\">\n<div class=\"brlbs-cmpnt-cb-thumbnail\" style=\"background-image: url('https:\/\/kisselbach.de\/de\/wp-content\/uploads\/borlabs-cookie\/1\/yt_WFYe53_Ztpo_hqdefault.jpg')\"><\/div>\n<div class=\"brlbs-cmpnt-cb-main\">\n<div class=\"brlbs-cmpnt-cb-play-button\"><\/div>\n<div class=\"brlbs-cmpnt-cb-content\">\n<p class=\"brlbs-cmpnt-cb-description\">Sie sehen gerade einen Platzhalterinhalt von <strong>YouTube<\/strong>. Um auf den eigentlichen Inhalt zuzugreifen, klicken Sie auf die Schaltfl\u00e4che unten. Bitte beachten Sie, dass dabei Daten an Drittanbieter weitergegeben werden.<\/p>\n<p> <a class=\"brlbs-cmpnt-cb-provider-toggle\" href=\"#\" data-borlabs-cookie-show-provider-information role=\"button\">Mehr Informationen<\/a> <\/div>\n<div class=\"brlbs-cmpnt-cb-buttons\"> <a class=\"brlbs-cmpnt-cb-btn\" href=\"#\" data-borlabs-cookie-unblock role=\"button\">Inhalt entsperren<\/a> <a class=\"brlbs-cmpnt-cb-btn\" href=\"#\" data-borlabs-cookie-accept-service role=\"button\" style=\"display: inherit\">Erforderlichen Service akzeptieren und Inhalte entsperren<\/a> <\/div>\n<\/p><\/div>\n<\/p><\/div>\n<\/div>\n<h3>Orgeldetails<\/h3>\n<ul>\n<li>Klangerzeugung: Physis Plus-Technologie<\/li>\n<li>Anzahl Manuale: 3 Manuale mit hochwertigen Druckpunktklaviaturen<\/li>\n<li>Anzahl Register: 51 Register<\/li>\n<li>Registerbibliothek: gro\u00dfe Registerbibliothek<\/li>\n<li>Orchesterstimmen: 37 Orchesterstimmen (inkl. Zimbelstern)<\/li>\n<li>Intonationen: 4 Intonationen (unbegrenzte Archivierung von Intonationen per USB-Stick)<\/li>\n<\/ul>\n<p><strong>Orgelgeh\u00e4use\/Ausstattung<\/strong><\/p>\n<ul>\n<li>Geh\u00e4usebauform: Spieltisch mit Rollverdeck<\/li>\n<li>Breite: 144,2 | H\u00f6he: 117,8 (ohne Notenpult) | Tiefe ohne Pedal: 66<\/li>\n<li>Pedalbeleuchtung: ja<\/li>\n<li>Schweller: 3 Schwelltritte<\/li>\n<li>Fu\u00dfpistons: Fu\u00dfpistons f\u00fcr Koppeln, Seq +\/- und Plenum<\/li>\n<\/ul>\n<p><strong>Audio und Anschl\u00fcsse<\/strong><\/p>\n<ul>\n<li>Klangabstrahlung: 14 Lautsprecher Audio System<\/li>\n<li>Audio-Anschl\u00fcsse: Line In, Line Out, Mikrofon In<\/li>\n<li>MIDI-Schnittstelle: MIDI in, out, thru<\/li>\n<li>USB-Schnittstelle: USB Host und Device (PC und Stick)<\/li>\n<li>Kopfh\u00f6reranschluss: ja<\/li>\n<li>Klangerzeugung: Physis Plus-Technologie<\/li>\n<\/ul>\n<p><strong>Funktionen<\/strong><\/p>\n<ul>\n<li>Transponieren: -6\/+5 Halbt\u00f6ne<\/li>\n<li>Werksumschaltung:\u00a0frei w\u00e4hlbar<\/li>\n<li>Aufnahmefunktion: internes MIDI Aufnahmeger\u00e4t<\/li>\n<li>Setzer: 100&#215;10 Setzer &#8211; \u00fcber USB beliebig erweiterbar<\/li>\n<li>Intonationm\u00f6glichkeiten: im Menu (on Board) und wahlweise mit kostenloser App (Win, Mac, iPadOS)<\/li>\n<\/ul>\n<p><strong>Disposition:<\/strong><\/p>\n<div class=\"table-scrollable\">\n<table border=\"\" rules=\"cols\" cellpadding=\"5\">\n<thead>\n<tr style=\"background-color: #f5f5f5;\" align=\"left\">\n<th style=\"width: 20%;\"><strong>Pedal:<\/strong><\/th>\n<th style=\"width: 20%;\"><strong>Hauptwerk:<\/strong><\/th>\n<th style=\"width: 20%;\"><strong>Schwellwerk:<\/strong><\/th>\n<th style=\"width: 20%;\"><strong>Positiv:<\/strong><\/th>\n<\/tr>\n<\/thead>\n<tbody>\n<tr>\n<td style=\"width: 20%;\" valign=\"top\">Untersatz 32&#8242;<br \/>\nPrincipalbass 16&#8242;<br \/>\nSubbass 16&#8242;<br \/>\nOctavbass 8&#8242;<br \/>\nGedacktbass 8&#8242;<br \/>\nChoralbass 4&#8242;<br \/>\nHintersatz IV<br \/>\nContra Pos. 32&#8242;<br \/>\nPosaune 16&#8242;<br \/>\nTrompete 8&#8242;<br \/>\nKlarine 4&#8242;<br \/>\nKoppel HW-Ped<br \/>\nKoppel SW-Ped<br \/>\nKoppel Pos-Ped<br \/>\nOrchesterstimmen<\/td>\n<td style=\"width: 20%;\" valign=\"top\">Principal 16&#8242;<br \/>\nPrincipal 8&#8242;<br \/>\nFlute Harm. 8&#8242;<br \/>\nRohrfl\u00f6te 8&#8242;<br \/>\nGemshorn 8&#8242;<br \/>\nOctave 4&#8242;<br \/>\nBlockfl\u00f6te 4&#8242;<br \/>\nQuinte 2 2\/3&#8242;<br \/>\nSuperoctave 2&#8242;<br \/>\nMixtur V<br \/>\nKornett IV<br \/>\nTrompete 16&#8242;<br \/>\nTrompete 8&#8242;<br \/>\nTremulant<br \/>\nKoppel SW-HW<br \/>\nKoppel Pos-HW<br \/>\nOrchesterstimmen<\/td>\n<td style=\"width: 20%;\" valign=\"top\">Bourdon 16&#8242;<br \/>\nPrincipal 8&#8242;<br \/>\nGedackt 8&#8242;<br \/>\nSalicional 8&#8242;<br \/>\nVoix C\u00e9leste 8&#8242;<br \/>\nOctave 4&#8242;<br \/>\nTraversfl\u00f6te 4&#8242;<br \/>\nNasat 2 2\/3&#8242;<br \/>\nWaldfl\u00f6te 2&#8242;<br \/>\nTerz 1 3\/5&#8242;<br \/>\nPlein Jeu IV<br \/>\nFagott 16&#8242;<br \/>\nTrompette Harm. 8&#8242;<br \/>\nOboe 8&#8242;<br \/>\nClairon 4&#8242;<br \/>\nTremulant<br \/>\nOrchesterstimmen<\/td>\n<td style=\"width: 20%;\" valign=\"top\">Principal 8&#8242;<br \/>\nRohrgedackt 8&#8242;<br \/>\nQuintadena 8&#8242;<br \/>\nOctave 4&#8242;<br \/>\nKleingedackt 4&#8242;<br \/>\nOctave 2&#8242;<br \/>\nQuinte 1 1\/3&#8242;<br \/>\nSesquialtera II<br \/>\nScharf III<br \/>\nDulcian 16&#8242;<br \/>\nCromorne 8&#8242;<br \/>\nVox Humana 8&#8242;<br \/>\nTremulant<br \/>\nKoppel SW-Pos<br \/>\nOrchesterstimmen<\/td>\n<\/tr>\n<\/tbody>\n<\/table>\n<\/div>\n","protected":false},"excerpt":{"rendered":"<p>Die <strong data-start=\"385\" data-end=\"418\">Gloria Concerto Plus 3-51 DLX<\/strong> kombiniert <strong data-start=\"430\" data-end=\"445\">51 Register<\/strong>, <strong data-start=\"447\" data-end=\"474\">Physis Plus Technologie<\/strong> und ein elegantes <strong data-start=\"493\" data-end=\"531\">Holzfurniergeh\u00e4use mit Rollverdeck<\/strong>. Mit <strong data-start=\"537\" data-end=\"554\">drei Manualen<\/strong> und pr\u00e4ziser Druckpunkttastatur bietet sie h\u00f6chsten Spielkomfort \u2013 ideal f\u00fcr Kirchen und Hausorgeln.<\/p>\n","protected":false},"featured_media":64021,"template":"","meta":{"_acf_changed":false,"om_disable_all_campaigns":false,"_monsterinsights_skip_tracking":false,"_monsterinsights_sitenote_active":false,"_monsterinsights_sitenote_note":"","_monsterinsights_sitenote_category":0},"product_brand":[],"product_cat":[663,8],"product_tag":[670,672,671,541,535,531,602,550],"class_list":{"0":"post-63433","1":"product","2":"type-product","3":"status-publish","4":"has-post-thumbnail","6":"product_cat-concerto-plus","7":"product_cat-gloria","8":"product_tag-670","9":"product_tag-3-51","10":"product_tag-671","11":"product_tag-concerto","12":"product_tag-dlx","13":"product_tag-gloria","14":"product_tag-physis","15":"product_tag-plus","16":"pa_aufnahmefunktion-midi-aufnahmegeraet","17":"pa_farbe-eichenholzfurnier-dunkel","18":"pa_farbe-eichenholzfurnier-hell","19":"pa_klaviatur-druckpunkt-awk-advanced-wood-keys","20":"pa_klaviatur-druckpunkt-in-hochwertigen-kunststoff","21":"pa_klaviatur-druckpunkt-mit-holzbelaegen","22":"pa_klaviatur-druckpunkt-mit-holzkern-tp60lw","23":"pa_klaviatur-druckpunkt-mit-holzkern-und-holzbelaegen-tp65lw","24":"pa_manuale-3-manuale-mit-hochwertigen-druckpunktklaviaturen","25":"pa_pedalform-32-toenig-flach","26":"pa_pedalform-32-toenig-geschweift","27":"pa_registerzahl-51-register","28":"pa_schweller-3-schwelltritte","29":"pa_setzerspeicher-100x10setzer","30":"pa_technologie-physisplus","32":"first","33":"instock","34":"sale","35":"taxable","36":"shipping-taxable","37":"purchasable","38":"product-type-variable","39":"has-default-attributes","40":"prodpage-classic"},"acf":[],"aioseo_notices":[],"_links":{"self":[{"href":"https:\/\/kisselbach.de\/de\/wp-json\/wp\/v2\/product\/63433","targetHints":{"allow":["GET"]}}],"collection":[{"href":"https:\/\/kisselbach.de\/de\/wp-json\/wp\/v2\/product"}],"about":[{"href":"https:\/\/kisselbach.de\/de\/wp-json\/wp\/v2\/types\/product"}],"wp:featuredmedia":[{"embeddable":true,"href":"https:\/\/kisselbach.de\/de\/wp-json\/wp\/v2\/media\/64021"}],"wp:attachment":[{"href":"https:\/\/kisselbach.de\/de\/wp-json\/wp\/v2\/media?parent=63433"}],"wp:term":[{"taxonomy":"product_brand","embeddable":true,"href":"https:\/\/kisselbach.de\/de\/wp-json\/wp\/v2\/product_brand?post=63433"},{"taxonomy":"product_cat","embeddable":true,"href":"https:\/\/kisselbach.de\/de\/wp-json\/wp\/v2\/product_cat?post=63433"},{"taxonomy":"product_tag","embeddable":true,"href":"https:\/\/kisselbach.de\/de\/wp-json\/wp\/v2\/product_tag?post=63433"}],"curies":[{"name":"wp","href":"https:\/\/api.w.org\/{rel}","templated":true}]}}