{"id":63331,"date":"2025-03-05T17:20:30","date_gmt":"2025-03-05T16:20:30","guid":{"rendered":"https:\/\/kisselbach.de\/de\/?post_type=product&#038;p=63331"},"modified":"2025-05-23T10:54:11","modified_gmt":"2025-05-23T08:54:11","slug":"gloria-concerto-plus-2-34-dlx","status":"publish","type":"product","link":"https:\/\/kisselbach.de\/de\/produkt\/gloria-concerto-plus-2-34-dlx\/","title":{"rendered":"Gloria Concerto Plus 2-34 DLX"},"content":{"rendered":"<p>Alle Informationen zur Gloria Concerto Plus 2-34 DLX:<\/p>\n<div class=\"brlbs-cmpnt-container brlbs-cmpnt-content-blocker brlbs-cmpnt-with-individual-styles\" data-borlabs-cookie-content-blocker-id=\"youtube-content-blocker\" data-borlabs-cookie-content=\"PGlmcmFtZSB0aXRsZT0iWW91VHViZSB2aWRlbyBwbGF5ZXIiIHNyYz0iaHR0cHM6Ly93d3cueW91dHViZS1ub2Nvb2tpZS5jb20vZW1iZWQvV2RrcFZzNllxYUE\/c2k9T2hpWk1mbC1fVHl6YWMzbSIgd2lkdGg9IjU2MCIgaGVpZ2h0PSIzMTUiIGZyYW1lYm9yZGVyPSIwIiBhbGxvd2Z1bGxzY3JlZW49ImFsbG93ZnVsbHNjcmVlbiI+PC9pZnJhbWU+\">\n<div class=\"brlbs-cmpnt-cb-preset-c brlbs-cmpnt-cb-youtube\">\n<div class=\"brlbs-cmpnt-cb-thumbnail\" style=\"background-image: url('https:\/\/kisselbach.de\/de\/wp-content\/uploads\/borlabs-cookie\/1\/yt_WdkpVs6YqaA_hqdefault.jpg')\"><\/div>\n<div class=\"brlbs-cmpnt-cb-main\">\n<div class=\"brlbs-cmpnt-cb-play-button\"><\/div>\n<div class=\"brlbs-cmpnt-cb-content\">\n<p class=\"brlbs-cmpnt-cb-description\">Sie sehen gerade einen Platzhalterinhalt von <strong>YouTube<\/strong>. Um auf den eigentlichen Inhalt zuzugreifen, klicken Sie auf die Schaltfl\u00e4che unten. Bitte beachten Sie, dass dabei Daten an Drittanbieter weitergegeben werden.<\/p>\n<p> <a class=\"brlbs-cmpnt-cb-provider-toggle\" href=\"#\" data-borlabs-cookie-show-provider-information role=\"button\">Mehr Informationen<\/a> <\/div>\n<div class=\"brlbs-cmpnt-cb-buttons\"> <a class=\"brlbs-cmpnt-cb-btn\" href=\"#\" data-borlabs-cookie-unblock role=\"button\">Inhalt entsperren<\/a> <a class=\"brlbs-cmpnt-cb-btn\" href=\"#\" data-borlabs-cookie-accept-service role=\"button\" style=\"display: inherit\">Erforderlichen Service akzeptieren und Inhalte entsperren<\/a> <\/div>\n<\/p><\/div>\n<\/p><\/div>\n<\/div>\n<div class=\"brlbs-cmpnt-container brlbs-cmpnt-content-blocker brlbs-cmpnt-with-individual-styles\" data-borlabs-cookie-content-blocker-id=\"youtube-content-blocker\" data-borlabs-cookie-content=\"PGlmcmFtZSB0aXRsZT0iWW91VHViZSB2aWRlbyBwbGF5ZXIiIHNyYz0iaHR0cHM6Ly93d3cueW91dHViZS1ub2Nvb2tpZS5jb20vZW1iZWQvOXNUNGt5RWNnTFU\/c2k9TFo4cmUxLXJMeVQ3NjduRiIgd2lkdGg9IjU2MCIgaGVpZ2h0PSIzMTUiIGZyYW1lYm9yZGVyPSIwIiBhbGxvd2Z1bGxzY3JlZW49ImFsbG93ZnVsbHNjcmVlbiI+PC9pZnJhbWU+\">\n<div class=\"brlbs-cmpnt-cb-preset-c brlbs-cmpnt-cb-youtube\">\n<div class=\"brlbs-cmpnt-cb-thumbnail\" style=\"background-image: url('https:\/\/kisselbach.de\/de\/wp-content\/uploads\/borlabs-cookie\/1\/yt_9sT4kyEcgLU_hqdefault.jpg')\"><\/div>\n<div class=\"brlbs-cmpnt-cb-main\">\n<div class=\"brlbs-cmpnt-cb-play-button\"><\/div>\n<div class=\"brlbs-cmpnt-cb-content\">\n<p class=\"brlbs-cmpnt-cb-description\">Sie sehen gerade einen Platzhalterinhalt von <strong>YouTube<\/strong>. Um auf den eigentlichen Inhalt zuzugreifen, klicken Sie auf die Schaltfl\u00e4che unten. Bitte beachten Sie, dass dabei Daten an Drittanbieter weitergegeben werden.<\/p>\n<p> <a class=\"brlbs-cmpnt-cb-provider-toggle\" href=\"#\" data-borlabs-cookie-show-provider-information role=\"button\">Mehr Informationen<\/a> <\/div>\n<div class=\"brlbs-cmpnt-cb-buttons\"> <a class=\"brlbs-cmpnt-cb-btn\" href=\"#\" data-borlabs-cookie-unblock role=\"button\">Inhalt entsperren<\/a> <a class=\"brlbs-cmpnt-cb-btn\" href=\"#\" data-borlabs-cookie-accept-service role=\"button\" style=\"display: inherit\">Erforderlichen Service akzeptieren und Inhalte entsperren<\/a> <\/div>\n<\/p><\/div>\n<\/p><\/div>\n<\/div>\n<h3>Orgeldetails<\/h3>\n<ul>\n<li>Klangerzeugung: Physis Plus-Technologie<\/li>\n<li>Anzahl Manuale: 2 Manuale mit hochwertigen Druckpunktklaviaturen<\/li>\n<li>Anzahl Register: 34 Register<\/li>\n<li>Registerbibliothek: gro\u00dfe Registerbibliothek<\/li>\n<li>Orchesterstimmen: 37 Orchesterstimmen (inkl. Zimbelstern)<\/li>\n<li>Intonationen: 3 Intonationen (unbegrenzte Archivierung von Intonationen per USB-Stick)<\/li>\n<\/ul>\n<p><strong>Orgelgeh\u00e4use\/Ausstattung<\/strong><\/p>\n<ul>\n<li>Geh\u00e4usebauform: Spieltisch mit Rollverdeck<\/li>\n<li>Breite:\u00a0125,5 | H\u00f6he:\u00a0112,5 | Tiefe ohne Pedal:\u00a062,5<\/li>\n<li>Pedalbeleuchtung: Pedalbeleuchtung serienm\u00e4\u00dfig<\/li>\n<li>Schweller: 2 Schwelltritte<\/li>\n<li>Fu\u00dfpistons: Fu\u00dfpistons f\u00fcr Koppeln, Seq +\/- und Plenum<\/li>\n<\/ul>\n<p><strong>Audio und Anschl\u00fcsse<\/strong><\/p>\n<ul>\n<li>Klangabstrahlung: 10 Lautsprecher Audio System<\/li>\n<li>Audio-Anschl\u00fcsse: Line In, Line Out, Mikrofon In<\/li>\n<li>MIDI-Schnittstelle: MIDI in, out, thru<\/li>\n<li>USB-Schnittstelle: USB Host und Device (PC und Stick)<\/li>\n<li>Kopfh\u00f6reranschluss: ja<\/li>\n<li>Klangerzeugung: Physis Plus-Technologie<\/li>\n<\/ul>\n<p><strong>Funktionen<\/strong><\/p>\n<ul>\n<li>Transponieren: -6\/+5 Halbt\u00f6ne<\/li>\n<li>Werksumschaltung:\u00a0frei w\u00e4hlbar<\/li>\n<li>Aufnahmefunktion: internes MIDI Aufnahmeger\u00e4t<\/li>\n<li>Setzer: 100&#215;10 Setzer &#8211; \u00fcber USB beliebig erweiterbar<\/li>\n<li>Intonationm\u00f6glichkeiten: im Menu (on Board) und wahlweise mit kostenloser App (Win, Mac, iPadOS)<\/li>\n<\/ul>\n<p><strong>Disposition:<\/strong><\/p>\n<div class=\"table-scrollable\">\n<table style=\"height: 407px;\" border=\"\" width=\"677\" rules=\"cols\" cellpadding=\"5\">\n<thead>\n<tr style=\"background-color: #f5f5f5;\" align=\"left\">\n<th style=\"width: 20%;\"><strong>Pedal:<\/strong><\/th>\n<th style=\"width: 20%;\"><strong>Hauptwerk:<\/strong><\/th>\n<th style=\"width: 20%;\"><strong>Schwellwerk:<\/strong><\/th>\n<\/tr>\n<\/thead>\n<tbody>\n<tr>\n<td style=\"width: 20%;\" valign=\"top\">Kontraviolon 32&#8242;<br \/>\nPrincipalbass 16&#8242;<br \/>\nSubbass 16&#8242;<br \/>\nOctavbass 8&#8242;<br \/>\nGemshorn 8&#8242;<br \/>\nChoralbass 4&#8242;<br \/>\nMixtur IV<br \/>\nPosaune 16&#8242;<br \/>\nTrompete 8&#8242;<br \/>\nKoppel HW-Ped<br \/>\nKoppel SW-Ped<br \/>\nOrchesterstimmen<\/td>\n<td style=\"width: 20%;\" valign=\"top\">Bordun 16&#8242;<br \/>\nPrincipal 8&#8242;<br \/>\nGedackt 8&#8242;<br \/>\nViola da Gamba 8&#8242;<br \/>\nOctave 4&#8242;<br \/>\nBlockfl\u00f6te 4&#8242;<br \/>\nQuinte 2 2\/3&#8242;<br \/>\nSuperoctave 2&#8242;<br \/>\nCornet V<br \/>\nMixtur V<br \/>\nTrompete 8&#8242;<br \/>\nVox Humana 8&#8242;<br \/>\nTremulant<br \/>\nKoppel SW-HW<br \/>\nOrchesterstimmen<\/td>\n<td style=\"width: 20%;\" valign=\"top\">Holzfl\u00f6te 8&#8242;<br \/>\nSalicional 8&#8242;<br \/>\nVoix C\u00e9leste 8&#8242;<br \/>\nPrincipal 4&#8242;<br \/>\nGedacktfl\u00f6te 4&#8242;<br \/>\nNasard 2 2\/3&#8242;<br \/>\nWaldfl\u00f6te 2&#8242;<br \/>\nTerz 1 3\/5&#8242;<br \/>\nPlein jeu V<br \/>\nFagott 16&#8242;<br \/>\nTrompette Harm. 8&#8242;<br \/>\nOboe 8&#8242;<br \/>\nClairon 4&#8242;<br \/>\nTremulant<br \/>\nOrchesterstimmen<\/td>\n<\/tr>\n<\/tbody>\n<\/table>\n<\/div>\n","protected":false},"excerpt":{"rendered":"<p>Die <strong data-start=\"329\" data-end=\"362\">Gloria Concerto Plus 2-34 DLX<\/strong> kombiniert <strong data-start=\"374\" data-end=\"405\">hervorragende Klangqualit\u00e4t<\/strong> mit edlem <strong data-start=\"416\" data-end=\"435\">Echtholzfurnier<\/strong>. Ausgestattet mit <strong data-start=\"454\" data-end=\"481\">Physis Plus Technologie<\/strong>, <strong data-start=\"483\" data-end=\"499\">34 Registern<\/strong>, zwei Manualen und pr\u00e4zisem Pedal \u2013 ideal f\u00fcr Kirchenmusik und Zuhause.<\/p>\n","protected":false},"featured_media":63949,"template":"","meta":{"_acf_changed":false,"om_disable_all_campaigns":false,"_monsterinsights_skip_tracking":false,"_monsterinsights_sitenote_active":false,"_monsterinsights_sitenote_note":"","_monsterinsights_sitenote_category":0},"product_brand":[],"product_cat":[663,8],"product_tag":[667,642,668,541,535,531,602,550],"class_list":{"0":"post-63331","1":"product","2":"type-product","3":"status-publish","4":"has-post-thumbnail","6":"product_cat-concerto-plus","7":"product_cat-gloria","8":"product_tag-2-34","9":"product_tag-642","10":"product_tag-668","11":"product_tag-concerto","12":"product_tag-dlx","13":"product_tag-gloria","14":"product_tag-physis","15":"product_tag-plus","16":"pa_aufnahmefunktion-midi-aufnahmegeraet","17":"pa_farbe-eichenholzfurnier-dunkel","18":"pa_farbe-eichenholzfurnier-hell","19":"pa_klaviatur-druckpunkt-awk-advanced-wood-keys","20":"pa_klaviatur-druckpunkt-in-hochwertigen-kunststoff","21":"pa_klaviatur-druckpunkt-mit-holzbelaegen","22":"pa_klaviatur-druckpunkt-mit-holzkern-tp60lw","23":"pa_klaviatur-druckpunkt-mit-holzkern-und-holzbelaegen-tp65lw","24":"pa_manuale-2-manuale-mit-hochwertigen-druckpunktklaviaturen","25":"pa_pedalform-30-toenig-doppelt-geschweift-mit-schwarzen-obertasten","26":"pa_pedalform-30-toenig-flach-mit-schwarzen-obertasten","27":"pa_registerzahl-34-register","28":"pa_schweller-2-schwelltritte","29":"pa_setzerspeicher-100x10setzer","30":"pa_technologie-physisplus","32":"first","33":"instock","34":"sale","35":"taxable","36":"shipping-taxable","37":"purchasable","38":"product-type-variable","39":"has-default-attributes","40":"prodpage-classic"},"acf":[],"aioseo_notices":[],"_links":{"self":[{"href":"https:\/\/kisselbach.de\/de\/wp-json\/wp\/v2\/product\/63331","targetHints":{"allow":["GET"]}}],"collection":[{"href":"https:\/\/kisselbach.de\/de\/wp-json\/wp\/v2\/product"}],"about":[{"href":"https:\/\/kisselbach.de\/de\/wp-json\/wp\/v2\/types\/product"}],"wp:featuredmedia":[{"embeddable":true,"href":"https:\/\/kisselbach.de\/de\/wp-json\/wp\/v2\/media\/63949"}],"wp:attachment":[{"href":"https:\/\/kisselbach.de\/de\/wp-json\/wp\/v2\/media?parent=63331"}],"wp:term":[{"taxonomy":"product_brand","embeddable":true,"href":"https:\/\/kisselbach.de\/de\/wp-json\/wp\/v2\/product_brand?post=63331"},{"taxonomy":"product_cat","embeddable":true,"href":"https:\/\/kisselbach.de\/de\/wp-json\/wp\/v2\/product_cat?post=63331"},{"taxonomy":"product_tag","embeddable":true,"href":"https:\/\/kisselbach.de\/de\/wp-json\/wp\/v2\/product_tag?post=63331"}],"curies":[{"name":"wp","href":"https:\/\/api.w.org\/{rel}","templated":true}]}}