{"id":63309,"date":"2025-03-05T17:00:34","date_gmt":"2025-03-05T16:00:34","guid":{"rendered":"https:\/\/kisselbach.de\/de\/?post_type=product&#038;p=63309"},"modified":"2025-05-23T10:54:17","modified_gmt":"2025-05-23T08:54:17","slug":"gloria-concerto-plus-2-34","status":"publish","type":"product","link":"https:\/\/kisselbach.de\/de\/produkt\/gloria-concerto-plus-2-34\/","title":{"rendered":"Gloria Concerto Plus 2-34"},"content":{"rendered":"<p>Alle Informationen zur Gloria Concerto Plus 2-34:<\/p>\n<div class=\"BorlabsCookie _brlbs-cb-youtube\"><div class=\"_brlbs-content-blocker\"> <div class=\"_brlbs-embed _brlbs-video-youtube\"> <img class=\"_brlbs-thumbnail\" src=\"https:\/\/kisselbach.de\/de\/wp-content\/plugins\/borlabs-cookie\/assets\/images\/cb-no-thumbnail.png\" alt=\"YouTube\"> <div class=\"_brlbs-caption\"> <p>Mit dem Laden des Videos akzeptieren Sie die Datenschutzerkl\u00e4rung von YouTube.<br><a href=\"https:\/\/policies.google.com\/privacy\" target=\"_blank\" rel=\"nofollow noopener noreferrer\">Mehr erfahren<\/a><\/p> <p><a class=\"_brlbs-btn _brlbs-icon-play-white\" href=\"#\" data-borlabs-cookie-unblock role=\"button\">Video laden<\/a><\/p> <p><label><input type=\"checkbox\" name=\"unblockAll\" value=\"1\" checked> <small>YouTube immer entsperren<\/small><\/label><\/p> <\/div> <\/div> <\/div><div class=\"borlabs-hide\" data-borlabs-cookie-type=\"content-blocker\" data-borlabs-cookie-id=\"youtube\"><script type=\"text\/template\">PHA+PGlmcmFtZSBsb2FkaW5nPSJsYXp5IiB0aXRsZT0iWW91VHViZSB2aWRlbyBwbGF5ZXIiIHNyYz0iaHR0cHM6Ly93d3cueW91dHViZS1ub2Nvb2tpZS5jb20vZW1iZWQvV2RrcFZzNllxYUE\/c2k9T2hpWk1mbC1fVHl6YWMzbSIgd2lkdGg9IjU2MCIgaGVpZ2h0PSIzMTUiIGZyYW1lYm9yZGVyPSIwIiBhbGxvd2Z1bGxzY3JlZW49ImFsbG93ZnVsbHNjcmVlbiI+PC9pZnJhbWU+<\/script><\/div><\/div><br \/>\n<div class=\"BorlabsCookie _brlbs-cb-youtube\"><div class=\"_brlbs-content-blocker\"> <div class=\"_brlbs-embed _brlbs-video-youtube\"> <img class=\"_brlbs-thumbnail\" src=\"https:\/\/kisselbach.de\/de\/wp-content\/plugins\/borlabs-cookie\/assets\/images\/cb-no-thumbnail.png\" alt=\"YouTube\"> <div class=\"_brlbs-caption\"> <p>Mit dem Laden des Videos akzeptieren Sie die Datenschutzerkl\u00e4rung von YouTube.<br><a href=\"https:\/\/policies.google.com\/privacy\" target=\"_blank\" rel=\"nofollow noopener noreferrer\">Mehr erfahren<\/a><\/p> <p><a class=\"_brlbs-btn _brlbs-icon-play-white\" href=\"#\" data-borlabs-cookie-unblock role=\"button\">Video laden<\/a><\/p> <p><label><input type=\"checkbox\" name=\"unblockAll\" value=\"1\" checked> <small>YouTube immer entsperren<\/small><\/label><\/p> <\/div> <\/div> <\/div><div class=\"borlabs-hide\" data-borlabs-cookie-type=\"content-blocker\" data-borlabs-cookie-id=\"youtube\"><script type=\"text\/template\">PGlmcmFtZSBsb2FkaW5nPSJsYXp5IiB0aXRsZT0iWW91VHViZSB2aWRlbyBwbGF5ZXIiIHNyYz0iaHR0cHM6Ly93d3cueW91dHViZS1ub2Nvb2tpZS5jb20vZW1iZWQvV0ZZZTUzX1p0cG8\/c2k9cGpLeWowZW5vN0l1MlJOSyIgd2lkdGg9IjU2MCIgaGVpZ2h0PSIzMTUiIGZyYW1lYm9yZGVyPSIwIiBhbGxvd2Z1bGxzY3JlZW49ImFsbG93ZnVsbHNjcmVlbiI+PC9pZnJhbWU+PC9wPg==<\/script><\/div><\/div>\n<h3>Orgeldetails<\/h3>\n<ul>\n<li>Klangerzeugung: Physis Plus-Technologie<\/li>\n<li>Anzahl Manuale: 2 Manuale mit hochwertigen Druckpunktklaviaturen<\/li>\n<li>Anzahl Register: 34 Register<\/li>\n<li>Registerbibliothek: gro\u00dfe Registerbibliothek<\/li>\n<li>Orchesterstimmen: 37 Orchesterstimmen (inkl. Zimbelstern)<\/li>\n<li>Intonationen: 3 Intonationen (unbegrenzte Archivierung von Intonationen per USB-Stick)<\/li>\n<\/ul>\n<p><strong>Orgelgeh\u00e4use\/Ausstattung<\/strong><\/p>\n<ul>\n<li>Geh\u00e4usebauform: Spieltisch mit Rollverdeck<\/li>\n<li>Breite:\u00a0125,5 | H\u00f6he:\u00a0112,5 | Tiefe ohne Pedal:\u00a062,5<\/li>\n<li>Pedalbeleuchtung: Pedalbeleuchtung serienm\u00e4\u00dfig<\/li>\n<li>Schweller: 2 Schwelltritte<\/li>\n<li>Fu\u00dfpistons: Fu\u00dfpistons f\u00fcr Koppeln, Seq +\/- und Plenum<\/li>\n<\/ul>\n<p><strong>Audio und Anschl\u00fcsse<\/strong><\/p>\n<ul>\n<li>Klangabstrahlung: 10 Lautsprecher Audio System<\/li>\n<li>Audio-Anschl\u00fcsse: Line In, Line Out, Mikrofon In<\/li>\n<li>MIDI-Schnittstelle: MIDI in, out, thru<\/li>\n<li>USB-Schnittstelle: USB Host und Device (PC und Stick)<\/li>\n<li>Kopfh\u00f6reranschluss: ja<\/li>\n<li>Klangerzeugung: Physis Plus-Technologie<\/li>\n<\/ul>\n<p><strong>Funktionen<\/strong><\/p>\n<ul>\n<li>Transponieren: -6\/+5 Halbt\u00f6ne<\/li>\n<li>Werksumschaltung:\u00a0frei w\u00e4hlbar<\/li>\n<li>Aufnahmefunktion: internes MIDI Aufnahmeger\u00e4t<\/li>\n<li>Setzer: 100&#215;10 Setzer &#8211; \u00fcber USB beliebig erweiterbar<\/li>\n<li>Intonationm\u00f6glichkeiten: im Menu (on Board) und wahlweise mit kostenloser App (Win, Mac, iPadOS)<\/li>\n<\/ul>\n<p><strong>Disposition:<\/strong><\/p>\n<div class=\"table-scrollable\">\n<table border=\"\" rules=\"cols\" cellpadding=\"5\">\n<thead>\n<tr style=\"background-color: #f5f5f5;\" align=\"left\">\n<th style=\"width: 20%;\"><strong>Pedal:<\/strong><\/th>\n<th style=\"width: 20%;\"><strong>Hauptwerk:<\/strong><\/th>\n<th style=\"width: 20%;\"><strong>Schwellwerk:<\/strong><\/th>\n<\/tr>\n<\/thead>\n<tbody>\n<tr>\n<td style=\"width: 20%;\" valign=\"top\">Kontraviolon 32&#8242;<br \/>\nPrincipalbass 16&#8242;<br \/>\nSubbass 16&#8242;<br \/>\nOctavbass 8&#8242;<br \/>\nGemshorn 8&#8242;<br \/>\nChoralbass 4&#8242;<br \/>\nMixtur IV<br \/>\nPosaune 16&#8242;<br \/>\nTrompete 8&#8242;<br \/>\nKoppel HW-Ped<br \/>\nKoppel SW-Ped<br \/>\nOrchesterstimmen<\/td>\n<td style=\"width: 20%;\" valign=\"top\">Bordun 16&#8242;<br \/>\nPrincipal 8&#8242;<br \/>\nGedackt 8&#8242;<br \/>\nViola da Gamba 8&#8242;<br \/>\nOctave 4&#8242;<br \/>\nBlockfl\u00f6te 4&#8242;<br \/>\nQuinte 2 2\/3&#8242;<br \/>\nSuperoctave 2&#8242;<br \/>\nCornet V<br \/>\nMixtur V<br \/>\nTrompete 8&#8242;<br \/>\nVox Humana 8&#8242;<br \/>\nTremulant<br \/>\nKoppel SW-HW<br \/>\nOrchesterstimmen<\/td>\n<td style=\"width: 20%;\" valign=\"top\">Holzfl\u00f6te 8&#8242;<br \/>\nSalicional 8&#8242;<br \/>\nVoix C\u00e9leste 8&#8242;<br \/>\nPrincipal 4&#8242;<br \/>\nGedacktfl\u00f6te 4&#8242;<br \/>\nNasard 2 2\/3&#8242;<br \/>\nWaldfl\u00f6te 2&#8242;<br \/>\nTerz 1 3\/5&#8242;<br \/>\nPlein jeu V<br \/>\nFagott 16&#8242;<br \/>\nTrompette Harm. 8&#8242;<br \/>\nOboe 8&#8242;<br \/>\nClairon 4&#8242;<br \/>\nTremulant<br \/>\nOrchesterstimmen<\/td>\n<\/tr>\n<\/tbody>\n<\/table>\n<\/div>\n","protected":false},"excerpt":{"rendered":"<p>Die <strong data-start=\"341\" data-end=\"370\">Gloria Concerto Plus 2-34<\/strong> \u00fcberzeugt mit ihrer <strong data-start=\"391\" data-end=\"423\">hervorragenden Klangqualit\u00e4t<\/strong> und der modernen <strong data-start=\"441\" data-end=\"468\">Physis Plus Technologie<\/strong>. Mit <strong data-start=\"474\" data-end=\"490\">34 Registern<\/strong>, zwei Manualen und einem pr\u00e4zisen Pedal bietet sie ein authentisches Spielgef\u00fchl \u2013 perfekt f\u00fcr Kirchenmusik und als Hausorgel.<\/p>\n","protected":false},"featured_media":63938,"template":"","meta":{"om_disable_all_campaigns":false,"_monsterinsights_skip_tracking":false,"_monsterinsights_sitenote_active":false,"_monsterinsights_sitenote_note":"","_monsterinsights_sitenote_category":0},"product_cat":[663,8],"product_tag":[667,642,668,541,531,602,550],"acf":[],"aioseo_notices":[],"_links":{"self":[{"href":"https:\/\/kisselbach.de\/de\/wp-json\/wp\/v2\/product\/63309"}],"collection":[{"href":"https:\/\/kisselbach.de\/de\/wp-json\/wp\/v2\/product"}],"about":[{"href":"https:\/\/kisselbach.de\/de\/wp-json\/wp\/v2\/types\/product"}],"wp:featuredmedia":[{"embeddable":true,"href":"https:\/\/kisselbach.de\/de\/wp-json\/wp\/v2\/media\/63938"}],"wp:attachment":[{"href":"https:\/\/kisselbach.de\/de\/wp-json\/wp\/v2\/media?parent=63309"}],"wp:term":[{"taxonomy":"product_cat","embeddable":true,"href":"https:\/\/kisselbach.de\/de\/wp-json\/wp\/v2\/product_cat?post=63309"},{"taxonomy":"product_tag","embeddable":true,"href":"https:\/\/kisselbach.de\/de\/wp-json\/wp\/v2\/product_tag?post=63309"}],"curies":[{"name":"wp","href":"https:\/\/api.w.org\/{rel}","templated":true}]}}