{"id":63197,"date":"2024-12-18T17:54:59","date_gmt":"2024-12-18T16:54:59","guid":{"rendered":"https:\/\/kisselbach.de\/de\/?post_type=product&#038;p=63197"},"modified":"2026-03-06T15:49:46","modified_gmt":"2026-03-06T14:49:46","slug":"johannus-vivaldi-260","status":"publish","type":"product","link":"https:\/\/kisselbach.de\/de\/produkt\/johannus-vivaldi-260\/","title":{"rendered":"Johannus Vivaldi 260"},"content":{"rendered":"<p><!-- Produkt Johannus Vivaldi 260 --><\/p>\n<h1>Johannus Vivaldi 260 \u2013 Kompakte Exzellenz f\u00fcr unvergleichenlichen Klang<\/h1>\n<div style=\"margin: 20px 0;\"><div class=\"BorlabsCookie _brlbs-cb-youtube\"><div class=\"_brlbs-content-blocker\"> <div class=\"_brlbs-embed _brlbs-video-youtube\"> <img class=\"_brlbs-thumbnail\" src=\"https:\/\/kisselbach.de\/de\/wp-content\/plugins\/borlabs-cookie\/assets\/images\/cb-no-thumbnail.png\" alt=\"YouTube\"> <div class=\"_brlbs-caption\"> <p>Mit dem Laden des Videos akzeptieren Sie die Datenschutzerkl\u00e4rung von YouTube.<br><a href=\"https:\/\/policies.google.com\/privacy\" target=\"_blank\" rel=\"nofollow noopener noreferrer\">Mehr erfahren<\/a><\/p> <p><a class=\"_brlbs-btn _brlbs-icon-play-white\" href=\"#\" data-borlabs-cookie-unblock role=\"button\">Video laden<\/a><\/p> <p><label><input type=\"checkbox\" name=\"unblockAll\" value=\"1\" checked> <small>YouTube immer entsperren<\/small><\/label><\/p> <\/div> <\/div> <\/div><div class=\"borlabs-hide\" data-borlabs-cookie-type=\"content-blocker\" data-borlabs-cookie-id=\"youtube\"><script type=\"text\/template\">PGlmcmFtZSBsb2FkaW5nPSJsYXp5IiB0aXRsZT0iSm9oYW5udXMgVml2YWxkaSAyNjAgaW4gQWt0aW9uIiBzcmM9Imh0dHBzOi8vd3d3LnlvdXR1YmUtbm9jb29raWUuY29tL2VtYmVkL3pnSFRna2ZjSldnP3NpPVNvOWY3c2tjTXdIdi1fTEkiIHdpZHRoPSI1NjAiIGhlaWdodD0iMzE1IiBmcmFtZWJvcmRlcj0iMCIgYWxsb3dmdWxsc2NyZWVuPSJhbGxvd2Z1bGxzY3JlZW4iPjxzcGFuIGRhdGEtbWNlLXR5cGU9ImJvb2ttYXJrIiBzdHlsZT0iZGlzcGxheTogaW5saW5lLWJsb2NrOyB3aWR0aDogMHB4OyBvdmVyZmxvdzogaGlkZGVuOyBsaW5lLWhlaWdodDogMDsiIGNsYXNzPSJtY2VfU0VMUkVTX3N0YXJ0Ij7vu788L3NwYW4+PC9pZnJhbWU+<\/script><\/div><\/div><\/div>\n<p>&nbsp;<\/p>\n<h2><strong>Entdecken Sie die Welt der historischen Orgelmusik \u2013 modern interpretiert<\/strong><\/h2>\n<p>Die Johannus Vivaldi 260 vereint moderne Technologie mit jahrhundertealter Orgelkunst. Mit ihrem Zwei-Manual-Aufbau und 41 Registern, die von ber\u00fchmten Pfeifenorgeln weltweit inspiriert wurden, ist sie die perfekte Wahl f\u00fcr Organisten, die ein authentisches Klangerlebnis suchen. Dank innovativer Technologien wie HDSS (High Definition Spatial Sampling) und einem beeindruckenden 8.1-Audiosystem erleben Sie die Essenz von Kirchenorgeln aus Kathedralen, Kapellen und Konzertkirchen in Ihrem Zuhause.<\/p>\n<h2>Highlights:<\/h2>\n<ul>\n<li style=\"list-style-type: none;\">\n<ul>\n<li style=\"list-style-type: none;\">\n<ul>\n<li><strong>41 Register:<\/strong> Kl\u00e4nge von Orgeln wie der Silbermann-Orgel in Dresden oder der Willis-Orgel in Liverpool.<\/li>\n<li><strong>6 Stilrichtungen:<\/strong> Von niederl\u00e4ndisch-romantisch bis norddeutsch-barock.<\/li>\n<li><strong>Convolution Reverb:<\/strong> 12 unterschiedliche Hallr\u00e4ume mit vier w\u00e4hlbaren Positionen.<\/li>\n<li><strong>8.1-Audiosystem:<\/strong> Mit 13 Lautsprechern und 350-Watt-Bassverst\u00e4rker.<\/li>\n<li><strong>Zusatzpakete:<\/strong> Optional Solo- und Symphonie-Pakete f\u00fcr orchestrale Kl\u00e4nge.<\/li>\n<\/ul>\n<\/li>\n<\/ul>\n<\/li>\n<\/ul>\n<p>&nbsp;<\/p>\n<h2><strong>Klangwelten ber\u00fchmter Orgeln in einem Instrument<\/strong><\/h2>\n<p>Die Vivaldi 260 bringt die Kl\u00e4nge legend\u00e4rer Orgeln direkt zu Ihnen:<\/p>\n<ul>\n<li style=\"list-style-type: none;\">\n<ul>\n<li style=\"list-style-type: none;\">\n<ul>\n<li>Niederl\u00e4ndisch-Romantisch (z. B. Vater-M\u00fcller, Amsterdam)<\/li>\n<li>Englisch-Romantisch (z. B. Willis, Liverpool)<\/li>\n<li>Franz\u00f6sisch-Symphonisch (z. B. Marcussen, Kopenhagen)<\/li>\n<li>Amerikanisch-Symphonisch (z. B. Ruffatti, Miami)<\/li>\n<li>Norddeutsch-Barock (z. B. Hinsz, Kampen)<\/li>\n<li>S\u00fcddeutsch-Barock (z. B. Silbermann, Dresden)<\/li>\n<\/ul>\n<\/li>\n<\/ul>\n<\/li>\n<\/ul>\n<h4><\/h4>\n<p>&nbsp;<\/p>\n<h2><strong>Technologie und Features der Vivaldi 260<\/strong><\/h2>\n<ul>\n<li style=\"list-style-type: none;\">\n<ul>\n<li style=\"list-style-type: none;\">\n<ul>\n<li style=\"list-style-type: none;\">\n<ul>\n<li><strong>HDSS-Technologie:<\/strong> R\u00e4umliche Klangtiefe und ein einzigartig lebendiger Ton.<\/li>\n<li><strong>Convolution Reverb:<\/strong> Erleben Sie den authentischen Hall von 12 einzigartigen R\u00e4umen.<\/li>\n<li><strong>Audiosystem:<\/strong> 8.1-Surround mit 13 Lautsprechern und integriertem Subwoofer.<\/li>\n<li><strong>Erweiterte Steuerung:<\/strong> 250 Speicherpl\u00e4tze, USB-Anschluss und intuitive Bedienung.<\/li>\n<li><strong>Virtual Pipe Positioning (VPP):<\/strong> Perfekte Klangplatzierung in jedem Raum.<\/li>\n<\/ul>\n<\/li>\n<\/ul>\n<\/li>\n<\/ul>\n<\/li>\n<\/ul>\n<h3><\/h3>\n<h3><\/h3>\n<p>&nbsp;<\/p>\n<h2>Ma\u00dfe und Design:<\/h2>\n<ul>\n<li style=\"list-style-type: none;\">\n<ul>\n<li style=\"list-style-type: none;\">\n<ul>\n<li><strong>H\u00f6he:<\/strong> 135,5 cm (inkl. Notenpult)<\/li>\n<li><strong>Breite:<\/strong> 137,5 cm<\/li>\n<li><strong>Tiefe:<\/strong> 98,5 cm (inkl. Pedal)<\/li>\n<li><strong>Verf\u00fcgbare Finishes:<\/strong> Individuell anpassbar.<\/li>\n<\/ul>\n<\/li>\n<\/ul>\n<\/li>\n<\/ul>\n<p>&nbsp;<\/p>\n<h2><strong>Disposition:<\/strong><\/h2>\n<div class=\"table-scrollable\">\n<table border=\"\" rules=\"cols\" cellpadding=\"5\">\n<thead>\n<tr style=\"background-color: #f5f5f5;\" align=\"left\">\n<th style=\"width: 25%;\"><strong>Pedal:<\/strong><\/th>\n<th style=\"width: 25%;\"><strong>Hauptwerk:<\/strong><\/th>\n<th style=\"width: 25%;\"><strong>Schwellwerk:<\/strong><\/th>\n<\/tr>\n<\/thead>\n<tbody>\n<tr>\n<td style=\"width: 25%;\" valign=\"top\">Resultantbass 32&#8242;<br \/>\nPrincipal 16&#8242;<br \/>\nSubbass 16&#8242;<br \/>\nOctavebass 8&#8242;<br \/>\nGedacktbass 8&#8242;<br \/>\nChoral Bass 4&#8242;<br \/>\nMixture<br \/>\nContra Trumpet 16&#8242;<br \/>\nTrumpet 8&#8242;<br \/>\nClarion 4&#8242;<br \/>\nGreat &#8211; Pedal<br \/>\nSwell &#8211; Pedal<\/td>\n<td style=\"width: 25%;\" valign=\"top\">Principal 16&#8242;<br \/>\nPrincipal 8&#8242;<br \/>\nStopped Flute 8&#8242;<br \/>\nGamba 4&#8242;<br \/>\nOctave 4&#8242;<br \/>\nOpen Flute 4&#8242;<br \/>\nTwelfth 2&#8242;<br \/>\nFifteenth 2&#8242;<br \/>\nFlute 2&#8242;<br \/>\nCornet<br \/>\nMixture<br \/>\nScharf<br \/>\nTrumpet 16&#8242;<br \/>\nTrumpet 8&#8242;<br \/>\nCromorne 8&#8242;<br \/>\nTremulant<br \/>\nSwell &#8211; Great<\/td>\n<td style=\"width: 25%;\" valign=\"top\">Bourdon 16&#8242;<br \/>\nPrincipal 8&#8242;<br \/>\nFlute 8&#8242;<br \/>\nQuintaton 8&#8242;<br \/>\nViola di Gamba 8&#8242;<br \/>\nVox Celeste 8&#8242;<br \/>\nOctave 4&#8242;<br \/>\nFlute 4&#8242;<br \/>\nFlute Twelfth 2 2\/3&#8242;<br \/>\nWald Flute 2&#8242;<br \/>\nNineteenth 1 1\/3&#8242;<br \/>\nSesquialtera<br \/>\nMixture<br \/>\nFagotto 16&#8242;<br \/>\nTrumpet 8&#8242;<br \/>\nVoix Humaine 8&#8242;<br \/>\nTremulant<\/td>\n<\/tr>\n<\/tbody>\n<\/table>\n<\/div>\n<p><strong>Entdecken Sie eine Welt unbegrenzter musikalischer M\u00f6glichkeiten mit der Vivaldi 260!<\/strong><\/p>\n<p><!-- SEO-Titel und -Beschreibungen f\u00fcr Bilder --><\/p>\n<figure><\/figure>\n<p><!-- Keywords und Meta-Beschreibungen --><\/p>\n<p>&nbsp;<\/p>\n","protected":false},"excerpt":{"rendered":"<div class=\"flex-shrink-0 flex flex-col relative items-end\">\n<div>\n<div class=\"pt-0\">\n<div class=\"gizmo-bot-avatar flex h-8 w-8 items-center justify-center overflow-hidden rounded-full\">\n<h3 class=\"relative p-1 rounded-sm flex items-center justify-center bg-token-main-surface-primary text-token-text-primary h-8 w-8\"><strong>Die Johannus Vivaldi \u2013 Perfekte Verbindung von Tradition und Innovation<\/strong><\/h3>\n<\/div>\n<\/div>\n<\/div>\n<\/div>\n<div class=\"group\/conversation-turn relative flex w-full min-w-0 flex-col agent-turn\">\n<div class=\"flex-col gap-1 md:gap-3\">\n<div class=\"flex max-w-full flex-col flex-grow\">\n<div class=\"min-h-8 text-message flex w-full flex-col items-end gap-2 whitespace-normal break-words text-start [.text-message+&amp;]:mt-5\" dir=\"auto\" data-message-author-role=\"assistant\" data-message-id=\"d4f5c67f-01e9-43c3-8ccc-0ee022742d2e\" data-message-model-slug=\"gpt-4o\">\n<div class=\"flex w-full flex-col gap-1 empty:hidden first:pt-[3px]\">\n<p class=\"markdown prose w-full break-words dark:prose-invert light\">Erleben Sie mit der Vivaldi die Kl\u00e4nge weltber\u00fchmter Orgeln in beeindruckender Qualit\u00e4t \u2013 authentisch, vielseitig und modern.<\/p>\n<h3><strong>Warum die Johannus Vivaldi bei Kisselbach kaufen?<\/strong><\/h3>\n<p>Wir beraten Sie pers\u00f6nlich an unseren vier Standorten, liefern sicher durch geschultes Fachpersonal und bieten einen erstklassigen Service \u2013 von der Auswahl bis zur Betreuung nach dem Kauf. Vertrauen Sie auf unsere Expertise und N\u00e4he!<\/p>\n<\/div>\n<\/div>\n<\/div>\n<\/div>\n<\/div>\n","protected":false},"featured_media":63081,"template":"","meta":{"om_disable_all_campaigns":false,"_monsterinsights_skip_tracking":false,"_monsterinsights_sitenote_active":false,"_monsterinsights_sitenote_note":"","_monsterinsights_sitenote_category":0},"product_cat":[14,18],"product_tag":[586,654,655,572,653,656],"acf":[],"aioseo_notices":[],"_links":{"self":[{"href":"https:\/\/kisselbach.de\/de\/wp-json\/wp\/v2\/product\/63197"}],"collection":[{"href":"https:\/\/kisselbach.de\/de\/wp-json\/wp\/v2\/product"}],"about":[{"href":"https:\/\/kisselbach.de\/de\/wp-json\/wp\/v2\/types\/product"}],"wp:featuredmedia":[{"embeddable":true,"href":"https:\/\/kisselbach.de\/de\/wp-json\/wp\/v2\/media\/63081"}],"wp:attachment":[{"href":"https:\/\/kisselbach.de\/de\/wp-json\/wp\/v2\/media?parent=63197"}],"wp:term":[{"taxonomy":"product_cat","embeddable":true,"href":"https:\/\/kisselbach.de\/de\/wp-json\/wp\/v2\/product_cat?post=63197"},{"taxonomy":"product_tag","embeddable":true,"href":"https:\/\/kisselbach.de\/de\/wp-json\/wp\/v2\/product_tag?post=63197"}],"curies":[{"name":"wp","href":"https:\/\/api.w.org\/{rel}","templated":true}]}}