{"id":63019,"date":"2024-11-28T17:58:53","date_gmt":"2024-11-28T16:58:53","guid":{"rendered":"https:\/\/kisselbach.de\/de\/?post_type=product&#038;p=63019"},"modified":"2025-11-17T12:49:05","modified_gmt":"2025-11-17T11:49:05","slug":"gloria-concerto-234-trend-fe","status":"publish","type":"product","link":"https:\/\/kisselbach.de\/de\/produkt\/gloria-concerto-234-trend-fe\/","title":{"rendered":"Gloria Concerto 234 Trend FE \u201eFinal Edition\u201c"},"content":{"rendered":"<h3><strong>Gloria Concerto \u201eFinal Edition\u201c<\/strong><\/h3>\n<p>Die Gloria Concerto Orgeln z\u00e4hlen zu den herausragenden Instrumenten des digitalen Orgelbaus. Mit der \u201eFinal Edition\u201c bieten wir die Gloria Concerto 234 Trend im dunklen Geh\u00e4use zum Black Friday Preis!<\/p>\n<div class=\"brlbs-cmpnt-container brlbs-cmpnt-content-blocker brlbs-cmpnt-with-individual-styles\" data-borlabs-cookie-content-blocker-id=\"youtube-content-blocker\" data-borlabs-cookie-content=\"PGlmcmFtZSB0aXRsZT0iWW91VHViZSB2aWRlbyBwbGF5ZXIiIHNyYz0iaHR0cHM6Ly93d3cueW91dHViZS1ub2Nvb2tpZS5jb20vZW1iZWQvaHRYYTMxZDJ3SFk\/c2k9aHpIb3RmMHJxVGdSeDFTVSIgd2lkdGg9IjU2MCIgaGVpZ2h0PSIzMTUiIGZyYW1lYm9yZGVyPSIwIiBhbGxvd2Z1bGxzY3JlZW49ImFsbG93ZnVsbHNjcmVlbiI+PHNwYW4gZGF0YS1tY2UtdHlwZT0iYm9va21hcmsiIHN0eWxlPSJkaXNwbGF5OiBpbmxpbmUtYmxvY2s7IHdpZHRoOiAwcHg7IG92ZXJmbG93OiBoaWRkZW47IGxpbmUtaGVpZ2h0OiAwOyIgY2xhc3M9Im1jZV9TRUxSRVNfc3RhcnQiPu+7vzwvc3Bhbj48L2lmcmFtZT4=\">\n<div class=\"brlbs-cmpnt-cb-preset-c brlbs-cmpnt-cb-youtube\">\n<div class=\"brlbs-cmpnt-cb-thumbnail\" style=\"background-image: url('https:\/\/kisselbach.de\/de\/wp-content\/uploads\/borlabs-cookie\/1\/yt_htXa31d2wHY_hqdefault.jpg')\"><\/div>\n<div class=\"brlbs-cmpnt-cb-main\">\n<div class=\"brlbs-cmpnt-cb-play-button\"><\/div>\n<div class=\"brlbs-cmpnt-cb-content\">\n<p class=\"brlbs-cmpnt-cb-description\">Sie sehen gerade einen Platzhalterinhalt von <strong>YouTube<\/strong>. Um auf den eigentlichen Inhalt zuzugreifen, klicken Sie auf die Schaltfl\u00e4che unten. Bitte beachten Sie, dass dabei Daten an Drittanbieter weitergegeben werden.<\/p>\n<p> <a class=\"brlbs-cmpnt-cb-provider-toggle\" href=\"#\" data-borlabs-cookie-show-provider-information role=\"button\">Mehr Informationen<\/a> <\/div>\n<div class=\"brlbs-cmpnt-cb-buttons\"> <a class=\"brlbs-cmpnt-cb-btn\" href=\"#\" data-borlabs-cookie-unblock role=\"button\">Inhalt entsperren<\/a> <a class=\"brlbs-cmpnt-cb-btn\" href=\"#\" data-borlabs-cookie-accept-service role=\"button\" style=\"display: inherit\">Erforderlichen Service akzeptieren und Inhalte entsperren<\/a> <\/div>\n<\/p><\/div>\n<\/p><\/div>\n<\/div>\n<div class=\"brlbs-cmpnt-container brlbs-cmpnt-content-blocker brlbs-cmpnt-with-individual-styles\" data-borlabs-cookie-content-blocker-id=\"youtube-content-blocker\" data-borlabs-cookie-content=\"PGlmcmFtZSB0aXRsZT0iWW91VHViZSB2aWRlbyBwbGF5ZXIiIHNyYz0iaHR0cHM6Ly93d3cueW91dHViZS1ub2Nvb2tpZS5jb20vZW1iZWQvMW1qWk9KaFJrRG8\/c2k9M2t1VVlJQWtTa1VJeU4taCIgd2lkdGg9IjU2MCIgaGVpZ2h0PSIzMTUiIGZyYW1lYm9yZGVyPSIwIiBhbGxvd2Z1bGxzY3JlZW49ImFsbG93ZnVsbHNjcmVlbiI+PC9pZnJhbWU+\">\n<div class=\"brlbs-cmpnt-cb-preset-c brlbs-cmpnt-cb-youtube\">\n<div class=\"brlbs-cmpnt-cb-thumbnail\" style=\"background-image: url('https:\/\/kisselbach.de\/de\/wp-content\/uploads\/borlabs-cookie\/1\/yt_1mjZOJhRkDo_hqdefault.jpg')\"><\/div>\n<div class=\"brlbs-cmpnt-cb-main\">\n<div class=\"brlbs-cmpnt-cb-play-button\"><\/div>\n<div class=\"brlbs-cmpnt-cb-content\">\n<p class=\"brlbs-cmpnt-cb-description\">Sie sehen gerade einen Platzhalterinhalt von <strong>YouTube<\/strong>. Um auf den eigentlichen Inhalt zuzugreifen, klicken Sie auf die Schaltfl\u00e4che unten. Bitte beachten Sie, dass dabei Daten an Drittanbieter weitergegeben werden.<\/p>\n<p> <a class=\"brlbs-cmpnt-cb-provider-toggle\" href=\"#\" data-borlabs-cookie-show-provider-information role=\"button\">Mehr Informationen<\/a> <\/div>\n<div class=\"brlbs-cmpnt-cb-buttons\"> <a class=\"brlbs-cmpnt-cb-btn\" href=\"#\" data-borlabs-cookie-unblock role=\"button\">Inhalt entsperren<\/a> <a class=\"brlbs-cmpnt-cb-btn\" href=\"#\" data-borlabs-cookie-accept-service role=\"button\" style=\"display: inherit\">Erforderlichen Service akzeptieren und Inhalte entsperren<\/a> <\/div>\n<\/p><\/div>\n<\/p><\/div>\n<\/div>\n<h3>&#8212;&#8212;&#8212;&#8212;-<\/h3>\n<p data-start=\"285\" data-end=\"595\">Zum diesj\u00e4hrigen Black Friday bieten wir Ihnen die letzten verf\u00fcgbaren Instrumente der beliebten\u00a0<em data-start=\"382\" data-end=\"405\">Gloria Concerto Serie<\/em>\u00a0zu einmaligen Vorteilspreisen an.<br data-start=\"439\" data-end=\"442\" \/>Ob Concerto 234 oder Concerto 350 \u2013 alle Modelle \u00fcberzeugen durch herausragenden Klang, hochwertige Verarbeitung und die umfangreiche Physis-Technologie.<\/p>\n<p data-start=\"597\" data-end=\"727\">Erleben Sie die Concerto:<br data-start=\"631\" data-end=\"634\" \/>&#x27a1;&#xfe0f;\u00a0<strong data-start=\"637\" data-end=\"686\">Video mit Paul Fey an der Gloria Concerto 234:<\/strong><\/p>\n<h3>\n<div class=\"brlbs-cmpnt-container brlbs-cmpnt-content-blocker brlbs-cmpnt-with-individual-styles\" data-borlabs-cookie-content-blocker-id=\"youtube-content-blocker\" data-borlabs-cookie-content=\"PGlmcmFtZSB0aXRsZT0iWW91VHViZSB2aWRlbyBwbGF5ZXIiIHNyYz0iaHR0cHM6Ly93d3cueW91dHViZS1ub2Nvb2tpZS5jb20vZW1iZWQvQ2liWnZYV1hCVHM\/c2k9TkpseXByUWdsSTRSbEZEaSIgd2lkdGg9IjU2MCIgaGVpZ2h0PSIzMTUiIGZyYW1lYm9yZGVyPSIwIiBhbGxvd2Z1bGxzY3JlZW49ImFsbG93ZnVsbHNjcmVlbiIgZGF0YS1tY2UtZnJhZ21lbnQ9IjEiPjwvaWZyYW1lPg==\">\n<div class=\"brlbs-cmpnt-cb-preset-c brlbs-cmpnt-cb-youtube\">\n<div class=\"brlbs-cmpnt-cb-thumbnail\" style=\"background-image: url('https:\/\/kisselbach.de\/de\/wp-content\/uploads\/borlabs-cookie\/1\/yt_CibZvXWXBTs_hqdefault.jpg')\"><\/div>\n<div class=\"brlbs-cmpnt-cb-main\">\n<div class=\"brlbs-cmpnt-cb-play-button\"><\/div>\n<div class=\"brlbs-cmpnt-cb-content\">\n<p class=\"brlbs-cmpnt-cb-description\">Sie sehen gerade einen Platzhalterinhalt von <strong>YouTube<\/strong>. Um auf den eigentlichen Inhalt zuzugreifen, klicken Sie auf die Schaltfl\u00e4che unten. Bitte beachten Sie, dass dabei Daten an Drittanbieter weitergegeben werden.<\/p>\n<p> <a class=\"brlbs-cmpnt-cb-provider-toggle\" href=\"#\" data-borlabs-cookie-show-provider-information role=\"button\">Mehr Informationen<\/a> <\/div>\n<div class=\"brlbs-cmpnt-cb-buttons\"> <a class=\"brlbs-cmpnt-cb-btn\" href=\"#\" data-borlabs-cookie-unblock role=\"button\">Inhalt entsperren<\/a> <a class=\"brlbs-cmpnt-cb-btn\" href=\"#\" data-borlabs-cookie-accept-service role=\"button\" style=\"display: inherit\">Erforderlichen Service akzeptieren und Inhalte entsperren<\/a> <\/div>\n<\/p><\/div>\n<\/p><\/div>\n<\/div>\n<\/h3>\n<p>&nbsp;<\/p>\n<p data-start=\"729\" data-end=\"832\">Alle Angebote und Preisvorteile finden Sie in unserem PDF:<br data-start=\"787\" data-end=\"790\" \/>&#x27a1;&#xfe0f;\u00a0<a href=\"https:\/\/kisselbach.de\/de\/wp-content\/uploads\/Concerto-Black-Friday-Aktion.pdf\"><strong data-start=\"793\" data-end=\"826\">Black-Friday-Angebote ansehen<\/strong>\u00a0(PDF)<\/a><\/p>\n<p data-start=\"834\" data-end=\"935\">Nutzen Sie diese besondere Gelegenheit \u2013 viele Modelle sind nur noch in geringer St\u00fcckzahl verf\u00fcgbar.<\/p>\n<h3>&#8212;&#8212;&#8212;&#8212;-<\/h3>\n<h3>Orgeldetails<\/h3>\n<ul>\n<li>Klangerzeugung: Physis-Technologie<\/li>\n<li>Anzahl Manuale: 2 Manuale mit hochwertigen Druckpunktklaviaturen<\/li>\n<li>Anzahl Register: 34 Register<\/li>\n<li>Registerbibliothek: gro\u00dfe Registerbibliothek<\/li>\n<li>Orchesterstimmen: 33 Orchesterstimmen<\/li>\n<li>Intonationen: 4 Intonationen (unbegrenzte Archivierung von Intonationen per USB-Stick)<\/li>\n<\/ul>\n<p><strong>Orgelgeh\u00e4use\/Ausstattung<\/strong><\/p>\n<ul>\n<li>Geh\u00e4usebauform: offenes Spieltischgeh\u00e4use, Eichedekor dunkel<\/li>\n<li>Breite:\u00a0126,4 | H\u00f6he:\u00a0114 | Tiefe ohne Pedal:\u00a056,8<\/li>\n<li>Pedalbeleuchtung: Pedalbeleuchtung optional<\/li>\n<li>Schweller: 2 Schwelltritte<\/li>\n<li>Fu\u00dfpistons: Fu\u00dfpistons optional<\/li>\n<\/ul>\n<p><strong>Audio und Anschl\u00fcsse<\/strong><\/p>\n<ul>\n<li>Klangabstrahlung: 6.1 (7 Verst\u00e4rker und 9 Lautsprecher)<\/li>\n<li>Audio-Anschl\u00fcsse: Line In, Line Out, Mikrofon In<\/li>\n<li>MIDI-Schnittstelle: MIDI in, out, thru<\/li>\n<li>USB-Schnittstelle: USB Host und Device (PC und Stick)<\/li>\n<li>Kopfh\u00f6reranschluss: ja<\/li>\n<li>Klangerzeugung: Physis-Technologie<\/li>\n<\/ul>\n<p><strong>Funktionen<\/strong><\/p>\n<ul>\n<li>Transponieren: -6\/+5 Halbt\u00f6ne<\/li>\n<li>Werksumschaltung:\u00a0frei w\u00e4hlbar<\/li>\n<li>Aufnahmefunktion:\u00a0MIDI Aufnahmeger\u00e4t<\/li>\n<li>Setzer: 16&#215;8 Setzer &#8211; \u00fcber USB beliebig erweiterbar<\/li>\n<li>Intonationm\u00f6glichkeiten: im Menu (on Board) und wahlweise mit dem PC (extern)<\/li>\n<\/ul>\n<p><strong>Disposition:<\/strong><\/p>\n<div class=\"table-scrollable\">\n<table border=\"\" rules=\"cols\" cellpadding=\"5\">\n<thead>\n<tr style=\"background-color: #f5f5f5;\" align=\"left\">\n<th style=\"width: 20%;\"><strong>Pedal:<\/strong><\/th>\n<th style=\"width: 20%;\"><strong>Hauptwerk:<\/strong><\/th>\n<th style=\"width: 20%;\"><strong>Schwellwerk:<\/strong><\/th>\n<\/tr>\n<\/thead>\n<tbody>\n<tr>\n<td style=\"width: 20%;\" valign=\"top\">Untersatz 32&#8242;<br \/>\nPrinzipal 16\u0092<br \/>\nSubbass 16\u0092<br \/>\nOktavbass 8\u0092<br \/>\nGedacktbass 8&#8242;<br \/>\nChoralbass 4\u0092<br \/>\nHintersatz IV<br \/>\nPosaune 16\u0092<br \/>\nTrompete 8\u0092Koppel HW-Ped<br \/>\nKoppel SW-Ped<\/td>\n<td style=\"width: 20%;\" valign=\"top\">Bordun 16\u0092<br \/>\nPrinzipal 8\u0092<br \/>\nRohrfl\u00f6te 8\u0092<br \/>\nGemshorn 8\u0092<br \/>\nOktave 4\u0092<br \/>\nBlockfl\u00f6te 4\u0092<br \/>\nQuinte 2 2\/3\u0092<br \/>\nSuperoktave 2\u0092<br \/>\nMixtur V<br \/>\nKornett V<br \/>\nTrompete 8\u0092<br \/>\nVox Humana 8&#8242;<br \/>\nTremulant<br \/>\nKoppel SW-HW<\/td>\n<td style=\"width: 20%;\" valign=\"top\">Gedackt 8\u0092<br \/>\nSalicional 8\u0092<br \/>\nVoix C\u00e9leste 8\u0092<br \/>\nPrinzipal 4\u0092<br \/>\nKleingedackt 4&#8242;<br \/>\nNasat 2 2\/3\u0092<br \/>\nWaldfl\u00f6te 2\u0092<br \/>\nTerz 1 3\/5\u0092<br \/>\nScharff III<br \/>\nFagott 16\u0092<br \/>\nTrompete Harm. 8\u0092<br \/>\nOboe 8\u0092<br \/>\nClairon 4\u0092<br \/>\nTremulant<\/td>\n<\/tr>\n<\/tbody>\n<\/table>\n<\/div>\n","protected":false},"excerpt":{"rendered":"<p>Nur solange der Vorrat reicht: Die Gloria Concerto 234 Trend FE (Final Edition) zum exklusiven Black Friday Preis \u2013 h\u00f6chste Klangqualit\u00e4t, jetzt unschlagbar g\u00fcnstig! Diese Final Edition ist nur im dunklen Laminatgeh\u00e4use verf\u00fcgbar. Klanglich und technisch identisch mit der beliebten Gloria Concerto 234!<\/p>\n<p>2 Manuale mit hochwertigen Druckpunktklaviaturen<br \/>\n34 Register<\/p>\n","protected":false},"featured_media":63022,"template":"","meta":{"_acf_changed":false,"om_disable_all_campaigns":false,"_monsterinsights_skip_tracking":false,"_monsterinsights_sitenote_active":false,"_monsterinsights_sitenote_note":"","_monsterinsights_sitenote_category":0},"product_brand":[],"product_cat":[12,8],"product_tag":[642,541,617,641,640,531,644,643,602,639,534],"class_list":{"0":"post-63019","1":"product","2":"type-product","3":"status-publish","4":"has-post-thumbnail","6":"product_cat-concerto","7":"product_cat-gloria","8":"product_tag-642","9":"product_tag-concerto","10":"product_tag-edition","11":"product_tag-fe","12":"product_tag-final","13":"product_tag-gloria","14":"product_tag-multichannel","15":"product_tag-physical","16":"product_tag-physis","17":"product_tag-special","18":"product_tag-trend","19":"pa_aufnahmefunktion-midi-aufnahmegeraet","20":"pa_farbe-eichenholzdekor-dunkel","21":"pa_klaviatur-druckpunkt-in-hochwertigen-kunststoff","22":"pa_manuale-2-manuale-mit-hochwertigen-druckpunktklaviaturen","23":"pa_pedalform-30-toenig-doppelt-geschweift-mit-schwarzen-obertasten","24":"pa_pedalform-30-toenig-flach-mit-schwarzen-obertasten","25":"pa_registerzahl-34-register","26":"pa_schweller-2-schwelltritte","27":"pa_setzerspeicher-16x8-setzer-ueber-usb-beliebig-erweiterbar","28":"pa_technologie-physis-technologie","30":"first","31":"instock","32":"sale","33":"taxable","34":"shipping-taxable","35":"purchasable","36":"product-type-variable","37":"has-default-attributes","38":"prodpage-classic"},"acf":[],"aioseo_notices":[],"_links":{"self":[{"href":"https:\/\/kisselbach.de\/de\/wp-json\/wp\/v2\/product\/63019","targetHints":{"allow":["GET"]}}],"collection":[{"href":"https:\/\/kisselbach.de\/de\/wp-json\/wp\/v2\/product"}],"about":[{"href":"https:\/\/kisselbach.de\/de\/wp-json\/wp\/v2\/types\/product"}],"wp:featuredmedia":[{"embeddable":true,"href":"https:\/\/kisselbach.de\/de\/wp-json\/wp\/v2\/media\/63022"}],"wp:attachment":[{"href":"https:\/\/kisselbach.de\/de\/wp-json\/wp\/v2\/media?parent=63019"}],"wp:term":[{"taxonomy":"product_brand","embeddable":true,"href":"https:\/\/kisselbach.de\/de\/wp-json\/wp\/v2\/product_brand?post=63019"},{"taxonomy":"product_cat","embeddable":true,"href":"https:\/\/kisselbach.de\/de\/wp-json\/wp\/v2\/product_cat?post=63019"},{"taxonomy":"product_tag","embeddable":true,"href":"https:\/\/kisselbach.de\/de\/wp-json\/wp\/v2\/product_tag?post=63019"}],"curies":[{"name":"wp","href":"https:\/\/api.w.org\/{rel}","templated":true}]}}