{"id":62984,"date":"2024-11-19T16:42:49","date_gmt":"2024-11-19T15:42:49","guid":{"rendered":"https:\/\/kisselbach.de\/de\/?post_type=product&#038;p=62984"},"modified":"2024-11-19T17:11:57","modified_gmt":"2024-11-19T16:11:57","slug":"ld-systems-anny-8","status":"publish","type":"product","link":"https:\/\/kisselbach.de\/de\/produkt\/ld-systems-anny-8\/","title":{"rendered":"LD Systems Anny 8"},"content":{"rendered":"<p>Die <strong>LD Systems ANNY 8<\/strong>\u00a0ist ein vielseitiger, tragbarer und akkubetriebener Bluetooth-Lautsprecher, der sowohl f\u00fcr Musik- als auch Sprachwiedergabe konzipiert wurde. Mit einem integrierten 6-Kanal-Mixer, einem 3-Band-Master-EQ und Effekten wie Reverb und Delay bietet dieses System umfangreiche Anpassungsm\u00f6glichkeiten f\u00fcr verschiedene Anwendungen.<\/p>\n<div class=\"brlbs-cmpnt-container brlbs-cmpnt-content-blocker brlbs-cmpnt-with-individual-styles\" data-borlabs-cookie-content-blocker-id=\"youtube-content-blocker\" data-borlabs-cookie-content=\"PGlmcmFtZSB0aXRsZT0iWW91VHViZSB2aWRlbyBwbGF5ZXIiIHNyYz0iaHR0cHM6Ly93d3cueW91dHViZS1ub2Nvb2tpZS5jb20vZW1iZWQvd1NPdFI2anRXQVE\/c2k9TklLM25Ic0pNTEpRd1VROSIgd2lkdGg9IjU2MCIgaGVpZ2h0PSIzMTUiIGZyYW1lYm9yZGVyPSIwIiBhbGxvd2Z1bGxzY3JlZW49ImFsbG93ZnVsbHNjcmVlbiI+PC9pZnJhbWU+\">\n<div class=\"brlbs-cmpnt-cb-preset-c brlbs-cmpnt-cb-youtube\">\n<div class=\"brlbs-cmpnt-cb-thumbnail\" style=\"background-image: url('https:\/\/kisselbach.de\/de\/wp-content\/uploads\/borlabs-cookie\/1\/yt_wSOtR6jtWAQ_hqdefault.jpg')\"><\/div>\n<div class=\"brlbs-cmpnt-cb-main\">\n<div class=\"brlbs-cmpnt-cb-play-button\"><\/div>\n<div class=\"brlbs-cmpnt-cb-content\">\n<p class=\"brlbs-cmpnt-cb-description\">Sie sehen gerade einen Platzhalterinhalt von <strong>YouTube<\/strong>. Um auf den eigentlichen Inhalt zuzugreifen, klicken Sie auf die Schaltfl\u00e4che unten. Bitte beachten Sie, dass dabei Daten an Drittanbieter weitergegeben werden.<\/p>\n<p> <a class=\"brlbs-cmpnt-cb-provider-toggle\" href=\"#\" data-borlabs-cookie-show-provider-information role=\"button\">Mehr Informationen<\/a> <\/div>\n<div class=\"brlbs-cmpnt-cb-buttons\"> <a class=\"brlbs-cmpnt-cb-btn\" href=\"#\" data-borlabs-cookie-unblock role=\"button\">Inhalt entsperren<\/a> <a class=\"brlbs-cmpnt-cb-btn\" href=\"#\" data-borlabs-cookie-accept-service role=\"button\" style=\"display: inherit\">Erforderlichen Service akzeptieren und Inhalte entsperren<\/a> <\/div>\n<\/p><\/div>\n<\/p><\/div>\n<\/div>\n<div class=\"flex max-w-full flex-col flex-grow\">\n<div class=\"min-h-8 text-message flex w-full flex-col items-end gap-2 whitespace-normal break-words [.text-message+&amp;]:mt-5\" dir=\"auto\" data-message-author-role=\"assistant\" data-message-id=\"e4a453c5-d92d-4bab-8fa8-af748b404a21\" data-message-model-slug=\"gpt-4o\">\n<div class=\"flex w-full flex-col gap-1 empty:hidden first:pt-[3px]\">\n<div class=\"markdown prose w-full break-words dark:prose-invert light\">\n<h3>Hauptmerkmale:<\/h3>\n<ul>\n<li><strong>Leistungsstarke Klangwiedergabe:<\/strong> Ausgestattet mit einem 8&#8243;-Tieft\u00f6ner und einem 1&#8243;-Hocht\u00f6ner liefert die ANNY 8 eine klare und druckvolle Soundqualit\u00e4t. Der DynX\u00ae DSP der zweiten Generation sorgt selbst bei maximaler Lautst\u00e4rke f\u00fcr verzerrungsfreien Klang.<\/li>\n<li><strong>Vielseitige Anschlussm\u00f6glichkeiten:<\/strong> Zwei Mic\/Line-Kombibuchsen (XLR\/6,3 mm Klinke) erm\u00f6glichen den Anschluss von Mikrofonen oder Line-Pegel-Quellen. Ein Stereo-Eingang mit 3,5 mm Klinke (AUX) und Cinch sowie Bluetooth 5.0 mit AAC-Codec bieten flexible Verbindungsoptionen.<\/li>\n<li><strong>Integrierter Mixer und Effekte:<\/strong> Der 5-Kanal-Mixer verf\u00fcgt \u00fcber einen 3-Band-EQ und bietet f\u00fcnf Systemvoreinstellungen (Music, Live, Vocal, Eco, Flat). Effekte wie Reverb und Delay k\u00f6nnen \u00fcber einen Fu\u00dfschaltereingang freih\u00e4ndig gesteuert werden.<\/li>\n<li><strong>True Wireless Stereo (TWS):<\/strong> Zwei ANNY 8 Lautsprecher k\u00f6nnen kabellos verbunden werden, um echtes Stereo-Streaming zu erm\u00f6glichen und die Klangabdeckung zu erweitern.<\/li>\n<li><strong>Lange Akkulaufzeit:<\/strong> Der integrierte Lithium-Ionen-Akku bietet im Eco-Modus bei mittlerer Lautst\u00e4rke eine Laufzeit von bis zu 11 Stunden und bei maximaler Lautst\u00e4rke bis zu 3,5 Stunden. Ein USB-C-Port erm\u00f6glicht das Aufladen von Smartphones und Tablets.<\/li>\n<li><strong>Mobilit\u00e4t und Benutzerfreundlichkeit:<\/strong> Mit einem praktischen Tragegriff und einem 35-mm-St\u00e4nderflansch ist die ANNY 8 leicht zu transportieren und flexibel einsetzbar. Eine integrierte Halterung f\u00fcr Smartphones und Tablets erleichtert die Bedienung.<\/li>\n<\/ul>\n<h3>Funkmikrofon-Kompatibilit\u00e4t:<\/h3>\n<p>Die <strong>LD Systems ANNY 8<\/strong> kann optional mit <strong>drahtlosen Funkmikrofonen<\/strong> ausgestattet werden, die in den Frequenzbereichen <strong>500 MHz<\/strong> und <strong>800 MHz<\/strong> arbeiten. Die verf\u00fcgbaren Frequenzbereiche sind:<\/p>\n<ul>\n<li><strong>500 MHz (584 &#8211; 608 MHz &#8211; B5):<\/strong> Wenn Sie diesen Frequenzbereich bevorzugen, so schreiben Sie uns das zur Bestellung dazu.<\/li>\n<li><strong>800 MHz (823 &#8211; 832 MHz und 863 &#8211; 865 MHz &#8211; B8):<\/strong> Standardm\u00e4\u00dfig ausgeliefert, da dieser Bereich in vielen L\u00e4ndern frei genutzt werden kann und hohe Kompatibilit\u00e4t bietet.<\/li>\n<\/ul>\n<p><strong>Verf\u00fcgbare Mikrofone:<\/strong><\/p>\n<ul>\n<li><strong>Handmikrofon (LD Systems ANNY MD):<\/strong> Ein hochwertiges drahtloses Mikrofon f\u00fcr Gesang, Moderationen oder Sprachaufnahmen. Es bietet eine stabile Funkverbindung und hervorragende Audioqualit\u00e4t.<\/li>\n<li><strong>Bodypack (LD Systems ANNY BP) mit Headset:<\/strong> Dieses Set besteht aus einem Taschensender und einem Headset-Mikrofon, ideal f\u00fcr Benutzer, die Bewegungsfreiheit ben\u00f6tigen, wie Trainer, T\u00e4nzer oder B\u00fchnenakteure.<\/li>\n<\/ul>\n<p>Mit der M\u00f6glichkeit, zwischen zwei Frequenzb\u00e4ndern zu w\u00e4hlen, ist die ANNY 8 hervorragend f\u00fcr den internationalen Einsatz und f\u00fcr Umgebungen mit unterschiedlichen Frequenzanforderungen geeignet. Die Integration von Funkmikrofonen macht sie zu einer professionellen und vielseitigen L\u00f6sung f\u00fcr kabellose Audioanwendungen.<\/p>\n<h3>Technische Daten:<\/h3>\n<ul>\n<li><strong>Leistung:<\/strong> 80 W RMS \/ 160 W Peak<\/li>\n<li><strong>Max. SPL:<\/strong> 117 dB (Peak)<\/li>\n<li><strong>Frequenzbereich:<\/strong> 53 Hz \u2013 20.000 Hz<\/li>\n<li><strong>Abstrahlwinkel (H x V):<\/strong> 120\u00b0 x 60\u00b0<\/li>\n<li><strong>Abmessungen (B x T x H):<\/strong> 249 x 282 x 390 mm<\/li>\n<li><strong>Gewicht:<\/strong> 8,8 kg<\/li>\n<\/ul>\n<p>&nbsp;<\/p>\n<p>Die <strong>LD Systems ANNY 8<\/strong> ist die ideale L\u00f6sung f\u00fcr mobile Beschallungsanforderungen, sei es bei Veranstaltungen, Pr\u00e4sentationen oder Partys, und bietet dabei professionelle Klangqualit\u00e4t in einem kompakten und benutzerfreundlichen Design.<\/p>\n<\/div>\n<\/div>\n<\/div>\n<\/div>\n","protected":false},"excerpt":{"rendered":"<p>Leistungsstarker und tragbarer Aktiv-Lautsprecher f\u00fcr professionelle Audioanwendungen<\/p>\n<p>Verf\u00fcgbarkeit:<br \/>\nalle Modelle sofort Verf\u00fcgbar<br \/>\nnur bei wenigen Modellen mit Body Pack kann es aktuell zu 2 bis 3 Wochen Verz\u00f6gerung kommen<\/p>\n<p>Rufen Sie uns gerne an um eine konkrete Aussage zur Lieferzeit zu erhalten!<\/p>\n<p>&nbsp;<\/p>\n","protected":false},"featured_media":62957,"template":"","meta":{"_acf_changed":false,"om_disable_all_campaigns":false,"_monsterinsights_skip_tracking":false,"_monsterinsights_sitenote_active":false,"_monsterinsights_sitenote_note":"","_monsterinsights_sitenote_category":0},"product_brand":[],"product_cat":[38],"product_tag":[631,626,628,507,630,629],"class_list":{"0":"post-62984","1":"product","2":"type-product","3":"status-publish","4":"has-post-thumbnail","6":"product_cat-audiosysteme","7":"product_tag-631","8":"product_tag-anny","9":"product_tag-ld","10":"product_tag-ld-systems","11":"product_tag-mobil","12":"product_tag-systems","14":"first","15":"instock","16":"taxable","17":"shipping-taxable","18":"purchasable","19":"product-type-variable","20":"has-default-attributes","21":"prodpage-classic"},"acf":[],"aioseo_notices":[],"_links":{"self":[{"href":"https:\/\/kisselbach.de\/de\/wp-json\/wp\/v2\/product\/62984","targetHints":{"allow":["GET"]}}],"collection":[{"href":"https:\/\/kisselbach.de\/de\/wp-json\/wp\/v2\/product"}],"about":[{"href":"https:\/\/kisselbach.de\/de\/wp-json\/wp\/v2\/types\/product"}],"wp:featuredmedia":[{"embeddable":true,"href":"https:\/\/kisselbach.de\/de\/wp-json\/wp\/v2\/media\/62957"}],"wp:attachment":[{"href":"https:\/\/kisselbach.de\/de\/wp-json\/wp\/v2\/media?parent=62984"}],"wp:term":[{"taxonomy":"product_brand","embeddable":true,"href":"https:\/\/kisselbach.de\/de\/wp-json\/wp\/v2\/product_brand?post=62984"},{"taxonomy":"product_cat","embeddable":true,"href":"https:\/\/kisselbach.de\/de\/wp-json\/wp\/v2\/product_cat?post=62984"},{"taxonomy":"product_tag","embeddable":true,"href":"https:\/\/kisselbach.de\/de\/wp-json\/wp\/v2\/product_tag?post=62984"}],"curies":[{"name":"wp","href":"https:\/\/api.w.org\/{rel}","templated":true}]}}