{"id":60872,"date":"2024-02-20T17:05:42","date_gmt":"2024-02-20T16:05:42","guid":{"rendered":"https:\/\/kisselbach.de\/de\/?post_type=product&#038;p=60872"},"modified":"2024-02-29T11:16:58","modified_gmt":"2024-02-29T10:16:58","slug":"content-cambiare-suite-iii","status":"publish","type":"product","link":"https:\/\/kisselbach.de\/de\/produkt\/content-cambiare-suite-iii\/","title":{"rendered":"Content Cambiare Suite III"},"content":{"rendered":"<p>Mit der Content Cambiare Suite III wird das Spielen von Kirchenorgeln im Wohnzimmer f\u00fcr jeden Organisten m\u00f6glich. Die Kombination aus fortschrittlichen Entwicklungen aus der Orgelherstellung von Content und der vielf\u00e4ltigen Sammlung von Samplesets \u00fcber den Sampler Sweelinq f\u00fchrt zu einem neuen und hochwertigen Modell in der Cambiare-Kollektion. Bezahlbarkeit und Klasse gehen bei der Cambiare Suite III Hand in Hand. Die Cambiare Suite ist auch in einer Ausf\u00fchrung mit zwei Manualen, der Cambiare Suite II, erh\u00e4ltlich.<\/p>\n<div class=\"BorlabsCookie _brlbs-cb-youtube\"><div class=\"_brlbs-content-blocker\"> <div class=\"_brlbs-embed _brlbs-video-youtube\"> <img class=\"_brlbs-thumbnail\" src=\"https:\/\/kisselbach.de\/de\/wp-content\/plugins\/borlabs-cookie\/assets\/images\/cb-no-thumbnail.png\" alt=\"YouTube\"> <div class=\"_brlbs-caption\"> <p>Mit dem Laden des Videos akzeptieren Sie die Datenschutzerkl\u00e4rung von YouTube.<br><a href=\"https:\/\/policies.google.com\/privacy\" target=\"_blank\" rel=\"nofollow noopener noreferrer\">Mehr erfahren<\/a><\/p> <p><a class=\"_brlbs-btn _brlbs-icon-play-white\" href=\"#\" data-borlabs-cookie-unblock role=\"button\">Video laden<\/a><\/p> <p><label><input type=\"checkbox\" name=\"unblockAll\" value=\"1\" checked> <small>YouTube immer entsperren<\/small><\/label><\/p> <\/div> <\/div> <\/div><div class=\"borlabs-hide\" data-borlabs-cookie-type=\"content-blocker\" data-borlabs-cookie-id=\"youtube\"><script type=\"text\/template\">PHA+PGlmcmFtZSBsb2FkaW5nPSJsYXp5IiB0aXRsZT0iWW91VHViZSB2aWRlbyBwbGF5ZXIiIHNyYz0iaHR0cHM6Ly93d3cueW91dHViZS1ub2Nvb2tpZS5jb20vZW1iZWQvX1I1ZnhFTV9aYUE\/c2k9Wk9GYUI2UlpOd2dqbVk5ZSIgd2lkdGg9IjYwMCIgaGVpZ2h0PSIzMDAiIGZyYW1lYm9yZGVyPSIwIiBhbGxvd2Z1bGxzY3JlZW49ImFsbG93ZnVsbHNjcmVlbiI+PC9pZnJhbWU+PC9wPg==<\/script><\/div><\/div>\n<div id=\"collapseOne\" class=\"collapse show\" aria-labelledby=\"headingOne\" data-parent=\"#accordionExample\">\n<div class=\"px-md-70 pt-30\">\n<ul>\n<li>3 Manuale<\/li>\n<li>Einfache Bedienung \u00fcber zwei Touchscreens<\/li>\n<li>10-Zoll-Touchscreens mit hoher Touch-Definition<\/li>\n<li>Vollst\u00e4ndige Sammlung von Sweelinq-Samplesets (im monatlichen Abo)<\/li>\n<li>Geh\u00e4use aus (Massiv) Eichenholz<\/li>\n<li>LED-Pedalbeleuchtung<\/li>\n<li>Bank mit Notenfach<\/li>\n<li>Kunststoffmanuale, Upgrades m\u00f6glich<\/li>\n<li>Schwellpedal f\u00fcr Lautst\u00e4rke oder Schwellwerk<\/li>\n<li>Mehrkanal-Audiosystem mit eingebauten Rear-Lautsprechern<\/li>\n<li>Verschiedene Optionen (wie LED-Beleuchtung am Notenpult) m\u00f6glich<\/li>\n<li>Content Online Support inklusive<\/li>\n<li>Anschlagdynamische Tastaturen<\/li>\n<li>Benutzerfreundliche Bedienung<\/li>\n<li>Einfaches Wechseln zwischen verschiedenen Sample-Sets<\/li>\n<li>Modernes Trendgeh\u00e4use<\/li>\n<\/ul>\n<\/div>\n<\/div>\n","protected":false},"excerpt":{"rendered":"<p>Die Content Cambiare Suite \u00fcberzeugt dank moderner Sweelinq Klangerzeugung und hochwertiger Verarbeitung.<\/p>\n","protected":false},"featured_media":60912,"template":"","meta":{"om_disable_all_campaigns":false,"_monsterinsights_skip_tracking":false,"_monsterinsights_sitenote_active":false,"_monsterinsights_sitenote_note":"","_monsterinsights_sitenote_category":0},"product_cat":[488],"product_tag":[588,591,587,590,589,592],"acf":[],"aioseo_notices":[],"_links":{"self":[{"href":"https:\/\/kisselbach.de\/de\/wp-json\/wp\/v2\/product\/60872"}],"collection":[{"href":"https:\/\/kisselbach.de\/de\/wp-json\/wp\/v2\/product"}],"about":[{"href":"https:\/\/kisselbach.de\/de\/wp-json\/wp\/v2\/types\/product"}],"wp:featuredmedia":[{"embeddable":true,"href":"https:\/\/kisselbach.de\/de\/wp-json\/wp\/v2\/media\/60912"}],"wp:attachment":[{"href":"https:\/\/kisselbach.de\/de\/wp-json\/wp\/v2\/media?parent=60872"}],"wp:term":[{"taxonomy":"product_cat","embeddable":true,"href":"https:\/\/kisselbach.de\/de\/wp-json\/wp\/v2\/product_cat?post=60872"},{"taxonomy":"product_tag","embeddable":true,"href":"https:\/\/kisselbach.de\/de\/wp-json\/wp\/v2\/product_tag?post=60872"}],"curies":[{"name":"wp","href":"https:\/\/api.w.org\/{rel}","templated":true}]}}