{"id":60177,"date":"2023-06-15T22:58:07","date_gmt":"2023-06-15T20:58:07","guid":{"rendered":"https:\/\/kisselbach.de\/de\/?post_type=product&#038;p=60177"},"modified":"2025-05-23T10:43:39","modified_gmt":"2025-05-23T08:43:39","slug":"gloria-optimus-plus-2-39","status":"publish","type":"product","link":"https:\/\/kisselbach.de\/de\/produkt\/gloria-optimus-plus-2-39\/","title":{"rendered":"Gloria Optimus Plus 2-39"},"content":{"rendered":"<p>Alle Informationen zur Gloria Optimus Plus:<\/p>\n<div class=\"brlbs-cmpnt-container brlbs-cmpnt-content-blocker brlbs-cmpnt-with-individual-styles\" data-borlabs-cookie-content-blocker-id=\"youtube-content-blocker\" data-borlabs-cookie-content=\"PGlmcmFtZSB0aXRsZT0iWW91VHViZSB2aWRlbyBwbGF5ZXIiIHNyYz0iaHR0cHM6Ly93d3cueW91dHViZS1ub2Nvb2tpZS5jb20vZW1iZWQvVUp5dGtnQTBSelk\/c2k9OEEzX0xIUDh4a1NJSG5FbyIgd2lkdGg9IjYwMCIgaGVpZ2h0PSIzMDAiIGZyYW1lYm9yZGVyPSIwIiBhbGxvd2Z1bGxzY3JlZW49ImFsbG93ZnVsbHNjcmVlbiI+PC9pZnJhbWU+\">\n<div class=\"brlbs-cmpnt-cb-preset-c brlbs-cmpnt-cb-youtube\">\n<div class=\"brlbs-cmpnt-cb-thumbnail\" style=\"background-image: url('https:\/\/kisselbach.de\/de\/wp-content\/uploads\/borlabs-cookie\/1\/yt_UJytkgA0RzY_hqdefault.jpg')\"><\/div>\n<div class=\"brlbs-cmpnt-cb-main\">\n<div class=\"brlbs-cmpnt-cb-play-button\"><\/div>\n<div class=\"brlbs-cmpnt-cb-content\">\n<p class=\"brlbs-cmpnt-cb-description\">Sie sehen gerade einen Platzhalterinhalt von <strong>YouTube<\/strong>. Um auf den eigentlichen Inhalt zuzugreifen, klicken Sie auf die Schaltfl\u00e4che unten. Bitte beachten Sie, dass dabei Daten an Drittanbieter weitergegeben werden.<\/p>\n<p> <a class=\"brlbs-cmpnt-cb-provider-toggle\" href=\"#\" data-borlabs-cookie-show-provider-information role=\"button\">Mehr Informationen<\/a> <\/div>\n<div class=\"brlbs-cmpnt-cb-buttons\"> <a class=\"brlbs-cmpnt-cb-btn\" href=\"#\" data-borlabs-cookie-unblock role=\"button\">Inhalt entsperren<\/a> <a class=\"brlbs-cmpnt-cb-btn\" href=\"#\" data-borlabs-cookie-accept-service role=\"button\" style=\"display: inherit\">Erforderlichen Service akzeptieren und Inhalte entsperren<\/a> <\/div>\n<\/p><\/div>\n<\/p><\/div>\n<\/div>\n<p>&nbsp;<\/p>\n<h3>Orgeldetails<\/h3>\n<ul>\n<li>Klangerzeugung: Physis<sup>Plus<\/sup><\/li>\n<li>Anzahl Manuale: 2 Manuale mit Druckpunktsimulation<\/li>\n<li>Anzahl Register: 39 Register<\/li>\n<li>Registerbibliothek: 3 zus\u00e4tzliche Stimmen pro Register<\/li>\n<li>Orchesterstimmen: Klangbibliothek mit 34 Orchesterstimmen<\/li>\n<li>Intonationen: 3 (Barock, Romantik, Symphonik)<\/li>\n<li>Stimmungen: 19 historische und 4 eigene Stimmungen<\/li>\n<\/ul>\n<p><strong>Orgelgeh\u00e4use\/Ausstattung<\/strong><\/p>\n<ul>\n<li>Geh\u00e4usebauform: mit Rollverdeck<\/li>\n<li>Breite: 126 cm | H\u00f6he: 110 cm | Tiefe ohne Pedal: 62,7 cm<\/li>\n<li>Pedalbeleuchtung: optional<\/li>\n<li>Schweller: 2 Schwelltritte<\/li>\n<li>Fu\u00dfpistons: 3 Fu\u00dfpistons f\u00fcr Seq -\/+ und eine Kombination<\/li>\n<\/ul>\n<p><strong>Audio und Anschl\u00fcsse<\/strong><\/p>\n<ul>\n<li>Klangabstrahlung: Audiosystem mit 6 Lautsprechern<\/li>\n<li>Audio-Anschl\u00fcsse: Line In, Line Out<\/li>\n<li>MIDI-Schnittstelle: MIDI In\/Out<\/li>\n<li>USB-Schnittstelle: USB (Host) f\u00fcr USB-Stick<\/li>\n<li>Kopfh\u00f6reranschluss: ja<\/li>\n<li>Klangerzeugung: Physis<sup>Plus<\/sup><\/li>\n<\/ul>\n<p><strong>Funktionen<\/strong><\/p>\n<ul>\n<li>Transponieren: -6 \/ +5 Halbt\u00f6ne<\/li>\n<li>Werksumschaltung:\u00a0ja<\/li>\n<li>Raumklang: Surround -Nachhall mit 8 Raumprogrammen<\/li>\n<li>Aufnahmefunktion:\u00a0Midi-Aufnahme f\u00fcr eigenes Orgelspiel<\/li>\n<li>Setzer: 100&#215;10 freie Kombinationen<\/li>\n<li>Intonationm\u00f6glichkeiten: ja (Physis Editor Plus)<\/li>\n<\/ul>\n<p><strong>Disposition:<\/strong><\/p>\n<div class=\"table-scrollable\">\n<table border=\"\" rules=\"cols\" cellpadding=\"5\">\n<thead>\n<tr style=\"background-color: #f5f5f5;\" align=\"left\">\n<th style=\"width: 20%;\"><strong>Pedal:<\/strong><\/th>\n<th style=\"width: 20%;\"><strong>Hauptwerk:<\/strong><\/th>\n<th style=\"width: 20%;\"><strong>Schwellwerk:<\/strong><\/th>\n<\/tr>\n<\/thead>\n<tbody>\n<tr>\n<td style=\"width: 20%;\" valign=\"top\">Untersatz 32&#8242;<br \/>\nPrincipalbass 16&#8242;<br \/>\nSubbass 16&#8242;<br \/>\nViolon 16&#8242;<br \/>\nOktavbass 8&#8242;<br \/>\nGedacktbass 8&#8242;<br \/>\nChoralbass 4&#8242;<br \/>\nMixtur IV<br \/>\nBombarde 32&#8242;<br \/>\nPosaune 16&#8242;<br \/>\nTrompete 8&#8242;<br \/>\nClairon 4&#8242;<br \/>\nOrchesterstimme<br \/>\nKoppel HW\/PED<br \/>\nKoppel SW\/PED<\/td>\n<td style=\"width: 20%;\" valign=\"top\">Principal 16&#8242;<br \/>\nPrincipal 8&#8242;<br \/>\nRohrfl\u00f6te 8&#8242;<br \/>\nSalicional 8&#8242;<br \/>\nOktave 4&#8242;<br \/>\nSpitzfl\u00f6te 4&#8242;<br \/>\nQuinte 2 2\/3&#8242;<br \/>\nOktave 2&#8242;<br \/>\nMixtur IV<br \/>\nKornett V<br \/>\nTrompete 16&#8242;<br \/>\nTrompete 8&#8242;<br \/>\nVox Humana 8&#8242;<br \/>\nOrchesterstimme<br \/>\nTremulant<br \/>\nKoppel SW\/HW<\/td>\n<td style=\"width: 20%;\" valign=\"top\">Geigenprincipal 8&#8242;<br \/>\nGedackt 8&#8242;<br \/>\nViola da Gamba 8&#8242;<br \/>\nVoix Celeste 8&#8242;<br \/>\nOctave 4&#8242;<br \/>\nRohrfl\u00f6te 4&#8242;<br \/>\nQuintfl\u00f6te 2 2\/3&#8242;<br \/>\nWaldfl\u00f6te 2&#8242;<br \/>\nTerz 1 3\/5&#8242;<br \/>\nScharf III<br \/>\nFagott 16&#8242;<br \/>\nTrompette harm. 8&#8242;<br \/>\nOboe 8&#8242;<br \/>\nClairon 4&#8242;<br \/>\nOrchesterstimme<br \/>\nTremulant<\/td>\n<\/tr>\n<\/tbody>\n<\/table>\n<\/div>\n","protected":false},"excerpt":{"rendered":"<p>Die neue Gloria Optimus<sup>Plus<\/sup> Serie kann mit dem PLUS an Klang und M\u00f6glichkeiten \u00fcberzeugen. Die Gloria Optimus<sup>Plus<\/sup> 2-39 kommt mit der neuen Physis<sup>Plus<\/sup> Technologie ausgestattet.<\/p>\n","protected":false},"featured_media":63278,"template":"","meta":{"_acf_changed":false,"om_disable_all_campaigns":false,"_monsterinsights_skip_tracking":false,"_monsterinsights_sitenote_active":false,"_monsterinsights_sitenote_note":"","_monsterinsights_sitenote_category":0},"product_brand":[],"product_cat":[8,11],"product_tag":[559,560,531,532,550],"class_list":{"0":"post-60177","1":"product","2":"type-product","3":"status-publish","4":"has-post-thumbnail","6":"product_cat-gloria","7":"product_cat-optimus","8":"product_tag-2-39","9":"product_tag-560","10":"product_tag-gloria","11":"product_tag-optimus","12":"product_tag-plus","13":"pa_aufnahmefunktion-midi-aufnahme-fuer-eigenes-orgelspiel","14":"pa_farbe-eichenholzdekor-dunkel","15":"pa_farbe-eichenholzdekor-hell","16":"pa_klaviatur-druckpunkt-in-hochwertigen-kunststoff","17":"pa_manuale-2-manuale","18":"pa_pedalform-30-toenig-doppelt-geschweift-mit-schwarzen-obertasten","19":"pa_pedalform-30-toenig-flach-mit-schwarzen-obertasten","20":"pa_registerzahl-39-register","21":"pa_schweller-2-schwelltritte","22":"pa_setzerspeicher-100x10setzer","23":"pa_technologie-physisplus","25":"first","26":"instock","27":"sale","28":"taxable","29":"shipping-taxable","30":"purchasable","31":"product-type-variable","32":"has-default-attributes","33":"prodpage-classic"},"acf":[],"aioseo_notices":[],"_links":{"self":[{"href":"https:\/\/kisselbach.de\/de\/wp-json\/wp\/v2\/product\/60177","targetHints":{"allow":["GET"]}}],"collection":[{"href":"https:\/\/kisselbach.de\/de\/wp-json\/wp\/v2\/product"}],"about":[{"href":"https:\/\/kisselbach.de\/de\/wp-json\/wp\/v2\/types\/product"}],"wp:featuredmedia":[{"embeddable":true,"href":"https:\/\/kisselbach.de\/de\/wp-json\/wp\/v2\/media\/63278"}],"wp:attachment":[{"href":"https:\/\/kisselbach.de\/de\/wp-json\/wp\/v2\/media?parent=60177"}],"wp:term":[{"taxonomy":"product_brand","embeddable":true,"href":"https:\/\/kisselbach.de\/de\/wp-json\/wp\/v2\/product_brand?post=60177"},{"taxonomy":"product_cat","embeddable":true,"href":"https:\/\/kisselbach.de\/de\/wp-json\/wp\/v2\/product_cat?post=60177"},{"taxonomy":"product_tag","embeddable":true,"href":"https:\/\/kisselbach.de\/de\/wp-json\/wp\/v2\/product_tag?post=60177"}],"curies":[{"name":"wp","href":"https:\/\/api.w.org\/{rel}","templated":true}]}}