{"id":59582,"date":"2022-10-18T19:54:36","date_gmt":"2022-10-18T17:54:36","guid":{"rendered":"https:\/\/kisselbach.de\/de\/?post_type=product&#038;p=59582"},"modified":"2022-11-26T17:20:47","modified_gmt":"2022-11-26T16:20:47","slug":"johannus-ecclesia-d-455","status":"publish","type":"product","link":"https:\/\/kisselbach.de\/de\/produkt\/johannus-ecclesia-d-455\/","title":{"rendered":"Johannus Ecclesia D-455"},"content":{"rendered":"<div class=\"BorlabsCookie _brlbs-cb-youtube\"><div class=\"_brlbs-content-blocker\"> <div class=\"_brlbs-embed _brlbs-video-youtube\"> <img class=\"_brlbs-thumbnail\" src=\"https:\/\/kisselbach.de\/de\/wp-content\/plugins\/borlabs-cookie\/assets\/images\/cb-no-thumbnail.png\" alt=\"YouTube\"> <div class=\"_brlbs-caption\"> <p>Mit dem Laden des Videos akzeptieren Sie die Datenschutzerkl\u00e4rung von YouTube.<br><a href=\"https:\/\/policies.google.com\/privacy\" target=\"_blank\" rel=\"nofollow noopener noreferrer\">Mehr erfahren<\/a><\/p> <p><a class=\"_brlbs-btn _brlbs-icon-play-white\" href=\"#\" data-borlabs-cookie-unblock role=\"button\">Video laden<\/a><\/p> <p><label><input type=\"checkbox\" name=\"unblockAll\" value=\"1\" checked> <small>YouTube immer entsperren<\/small><\/label><\/p> <\/div> <\/div> <\/div><div class=\"borlabs-hide\" data-borlabs-cookie-type=\"content-blocker\" data-borlabs-cookie-id=\"youtube\"><script type=\"text\/template\">PHA+PGlmcmFtZSBsb2FkaW5nPSJsYXp5IiB0aXRsZT0iWW91VHViZSB2aWRlbyBwbGF5ZXIiIHNyYz0iaHR0cHM6Ly93d3cueW91dHViZS1ub2Nvb2tpZS5jb20vZW1iZWQvQWplbXlqcUNxQmMiIHdpZHRoPSI1NjAiIGhlaWdodD0iMzE1IiBmcmFtZWJvcmRlcj0iMCIgYWxsb3dmdWxsc2NyZWVuPSJhbGxvd2Z1bGxzY3JlZW4iPjwvaWZyYW1lPjwvcD4=<\/script><\/div><\/div>\n<p>&nbsp;<\/p>\n<h3>Orgeldetails<\/h3>\n<ul>\n<li>Klangerzeugung: Sampletechnik (DS-Core)<\/li>\n<li>Anzahl Manuale: 3 Manuale<\/li>\n<li>Anzahl Register: 56 Register<\/li>\n<li>Registerbibliothek: nein<\/li>\n<li>Orchesterstimmen: optional<\/li>\n<li><span style=\"font-size: 15px;\"><strong>6 w\u00e4hlbare &#8222;Styles&#8220; (zwei inklusive):<\/strong><\/span><\/li>\n<li><em>Niederl\u00e4ndisch-Romantisch<\/em><\/li>\n<li><em>Englisch-Romantisch<\/em><\/li>\n<li><em>Franz\u00f6sisch-Sinfonisch<\/em><\/li>\n<li><em>Amerikanisch-Sinfonisch<\/em><\/li>\n<li><em>Norddeutscher Barock<\/em><\/li>\n<li><em>Mitteldeutscher Barock<\/em><\/li>\n<\/ul>\n<p><strong>Orgelgeh\u00e4use\/Ausstattung<\/strong><\/p>\n<ul>\n<li>Geh\u00e4usebauform: Rollverdeck<\/li>\n<li>Breite: 164 cm | H\u00f6he: 143 cm | Tiefe ohne Pedal: 75 cm<\/li>\n<li>Pedalbeleuchtung: ja<\/li>\n<li>Schweller: 2 Schwelltritte<\/li>\n<li>Fu\u00dfpistons: optional<\/li>\n<\/ul>\n<p><strong>Audio und Anschl\u00fcsse<\/strong><\/p>\n<ul>\n<li>Klangabstrahlung: 12.2 Audiosystem<\/li>\n<li>Audio-Anschl\u00fcsse: Line In, Line Out<\/li>\n<li>MIDI-Schnittstelle: MIDI In, 2x MIDI Out<\/li>\n<li>USB-Schnittstelle: kein USB<\/li>\n<li>Kopfh\u00f6reranschluss: Kopfh\u00f6reranschluss<\/li>\n<li>Neuer &#8222;Convolution Reverb&#8220;<\/li>\n<\/ul>\n<p><strong>Funktionen<\/strong><\/p>\n<ul>\n<li>Transponieren: ja<\/li>\n<li>Werksumschaltung:\u00a0ja<\/li>\n<li>Aufnahmefunktion:\u00a0nein<\/li>\n<li>Setzer: 250 x 8 Setzer (mit USB-Speicher 999 x 8)<\/li>\n<li>Intonationm\u00f6glichkeiten: mit PC (Intonat)<\/li>\n<\/ul>\n<p><strong>Disposition:<\/strong><\/p>\n<div class=\"table-scrollable\">\n<table style=\"height: 515px;\" border=\"\" width=\"795\" rules=\"cols\" cellpadding=\"5\">\n<thead>\n<tr style=\"background-color: #f5f5f5;\" align=\"left\">\n<th style=\"width: 20%;\"><strong>Pedal:<\/strong><\/th>\n<th style=\"width: 20%;\"><strong>Hauptwerk:<\/strong><\/th>\n<th style=\"width: 20%;\"><strong>Schwellwerk:<\/strong><\/th>\n<th style=\"width: 20%;\"><strong>Positiv:<\/strong><\/th>\n<\/tr>\n<\/thead>\n<tbody>\n<tr>\n<td style=\"width: 20%;\" valign=\"top\">Resultantbass 16&#8242;<br \/>\nPrinzipal 16&#8242;<br \/>\nSubbass 16&#8242;<br \/>\nOktavbass 8&#8242;<br \/>\nGedackt 8&#8242;<br \/>\nOktave 4&#8242;<br \/>\nMixtur IV<br \/>\nKontraposaune 32&#8242;<br \/>\nPosaune 16&#8242;<br \/>\nTrompete 8&#8242;<br \/>\nTrompete 4&#8242;<br \/>\nKoppel HW-Ped<br \/>\nKoppel SW-Ped<br \/>\nKoppel Pos-Ped<\/td>\n<td style=\"width: 20%;\" valign=\"top\">Prinzipal 16&#8242;<br \/>\nPrinzipal 8&#8242;<br \/>\nHohlfl\u00f6te 8&#8242;<br \/>\nQuintat\u00f6n 8&#8242;<br \/>\nGamba 8&#8242;<br \/>\nOktave 4&#8242;<br \/>\nOffenfl\u00f6te 4&#8242;<br \/>\nQuinte 2 2\/3&#8242;<br \/>\nOktave 2&#8242;<br \/>\nSpitzfl\u00f6te 2&#8242;<br \/>\nKornett V<br \/>\nMixtur IV<br \/>\nCymbel III<br \/>\nTrompete 16&#8242;<br \/>\nTrompete 8&#8242;<br \/>\nKlarine 4&#8242;<br \/>\nTremulant<br \/>\nKoppel SW-HW<br \/>\nKoppel Pos-HW<\/td>\n<td style=\"width: 20%;\" valign=\"top\">Bordun 16&#8242;<br \/>\nPrinzipal 8&#8242;<br \/>\nRohrfl\u00f6te 8&#8242;<br \/>\nViola di Gamba 8&#8242;<br \/>\nVox Coelestis 8&#8242;<br \/>\nOktave 4&#8242;<br \/>\nKoppelfl\u00f6te 4&#8242;<br \/>\nQuintfl\u00f6te 2 2\/3&#8242;<br \/>\nBlockfl\u00f6te 2&#8242;<br \/>\nTerz 1 3\/5&#8242;<br \/>\nNasat 1 1\/3&#8242;<br \/>\nScharf IV<br \/>\nFagott 16&#8242;<br \/>\nTrompette Harmonique 8&#8242;<br \/>\nOboe 8&#8242;<br \/>\nVox Humana 8&#8242;<br \/>\nSchalmey 4&#8242;<br \/>\nTremulant<\/td>\n<td style=\"width: 20%;\" valign=\"top\">Prinzipal 8&#8242;<br \/>\nGedackt 8&#8242;<br \/>\nOktave 4&#8242;<br \/>\nRohrfl\u00f6te 4&#8242;<br \/>\nNasat 2 2\/3&#8242;<br \/>\nOktave 2&#8242;<br \/>\nFl\u00f6te 2&#8242;<br \/>\nQuinte 1 1\/3&#8242;<br \/>\nSesquialtera II<br \/>\nMixtur IV<br \/>\nDulzian 16&#8242;<br \/>\nKrummhorn 8&#8242;<br \/>\nTremulant<br \/>\nKoppel SW-Pos<\/td>\n<\/tr>\n<\/tbody>\n<\/table>\n<\/div>\n","protected":false},"excerpt":{"rendered":"<p>Mit dem Laden des Videos akzeptieren Sie die Datenschutzerkl\u00e4rung von YouTube.Mehr erfahren Video laden YouTube immer entsperren &nbsp; Orgeldetails Klangerzeugung: Sampletechnik (DS-Core) Anzahl Manuale: 3 Manuale Anzahl Register: 56 Register Registerbibliothek: nein Orchesterstimmen: optional 6 w\u00e4hlbare &#8222;Styles&#8220; (zwei inklusive): Niederl\u00e4ndisch-Romantisch Englisch-Romantisch Franz\u00f6sisch-Sinfonisch Amerikanisch-Sinfonisch Norddeutscher Barock Mitteldeutscher Barock Orgelgeh\u00e4use\/Ausstattung Geh\u00e4usebauform: Rollverdeck Breite: 164 cm | H\u00f6he:<\/p>\n","protected":false},"featured_media":59659,"template":"","meta":{"om_disable_all_campaigns":false,"_monsterinsights_skip_tracking":false,"_monsterinsights_sitenote_active":false,"_monsterinsights_sitenote_note":"","_monsterinsights_sitenote_category":0},"product_cat":[14,105],"product_tag":[],"acf":[],"aioseo_notices":[],"_links":{"self":[{"href":"https:\/\/kisselbach.de\/de\/wp-json\/wp\/v2\/product\/59582"}],"collection":[{"href":"https:\/\/kisselbach.de\/de\/wp-json\/wp\/v2\/product"}],"about":[{"href":"https:\/\/kisselbach.de\/de\/wp-json\/wp\/v2\/types\/product"}],"wp:featuredmedia":[{"embeddable":true,"href":"https:\/\/kisselbach.de\/de\/wp-json\/wp\/v2\/media\/59659"}],"wp:attachment":[{"href":"https:\/\/kisselbach.de\/de\/wp-json\/wp\/v2\/media?parent=59582"}],"wp:term":[{"taxonomy":"product_cat","embeddable":true,"href":"https:\/\/kisselbach.de\/de\/wp-json\/wp\/v2\/product_cat?post=59582"},{"taxonomy":"product_tag","embeddable":true,"href":"https:\/\/kisselbach.de\/de\/wp-json\/wp\/v2\/product_tag?post=59582"}],"curies":[{"name":"wp","href":"https:\/\/api.w.org\/{rel}","templated":true}]}}