{"id":59001,"date":"2022-03-30T16:43:57","date_gmt":"2022-03-30T14:43:57","guid":{"rendered":"https:\/\/kisselbach.de\/de\/?post_type=product&#038;p=59001"},"modified":"2022-11-28T18:51:00","modified_gmt":"2022-11-28T17:51:00","slug":"maui-44-g2","status":"publish","type":"product","link":"https:\/\/kisselbach.de\/de\/produkt\/maui-44-g2\/","title":{"rendered":"LD Systems Maui 44 G2"},"content":{"rendered":"<h2><\/h2>\n<h1>Erleben Sie die LD Systems Maui 44 G2,<\/h1>\n<h2>die leistungsstarke S\u00e4ulen-PA.<\/h2>\n<p>&nbsp;<\/p>\n<ul>\n<li>\u00c4u\u00dferst leistungsstarkes, professionelles und portables S\u00e4ulen-System<\/li>\n<li>Zur Beschallung von gro\u00dfen Gruppen<\/li>\n<li>Erh\u00f6hte Reichweite und breitere Raumabdeckung durch Array-Anordnung<\/li>\n<li>Cardioid-S\u00e4ule zur kontrollierten Abstrahlung in den Tief-Mittelfrequenzen sowie Cardioid -Subwoofer-Anwendung (mit zweitem Subwoofer)<\/li>\n<li>TrueWireless&#x2122; Stereo f\u00fcr kabelloses Stereo-Pairing von zwei S\u00e4ulen-Systemen<\/li>\n<li>aptX&#x2122;- und AAC-Kodierung f\u00fcr hochaufl\u00f6sendes Bluetooth\u00ae-Streaming<\/li>\n<li>Verzerrungsfreier Sound selbst bei h\u00f6chster Lautst\u00e4rke dank LD Systems DynX\u00ae DSP-Technologie<\/li>\n<li class=\"fx-list__item list-item fx-list__item--circle\"><span class=\"fx-text fx-text--plus list-item__text\">unauff\u00e4llige Optik f\u00fcr stilvolle Anwendungen<\/span><\/li>\n<li>Kabelloser Aufbau in Sekunden<\/li>\n<li>Zweiteilige S\u00e4ule f\u00fcr kompakten Transport<\/li>\n<li>Professionelles S\u00e4ulen PA-System mit 1500 W RMS und 132 dB max. SPL<\/li>\n<li>2.000 Watts Peak Class-D-Systempower bieten hohe Leistung bei niedrigem Gewicht<\/li>\n<\/ul>\n<p>&nbsp;<\/p>\n<div class=\"BorlabsCookie _brlbs-cb-youtube\"><div class=\"_brlbs-content-blocker\"> <div class=\"_brlbs-embed _brlbs-video-youtube\"> <img class=\"_brlbs-thumbnail\" src=\"https:\/\/kisselbach.de\/de\/wp-content\/plugins\/borlabs-cookie\/assets\/images\/cb-no-thumbnail.png\" alt=\"YouTube\"> <div class=\"_brlbs-caption\"> <p>Mit dem Laden des Videos akzeptieren Sie die Datenschutzerkl\u00e4rung von YouTube.<br><a href=\"https:\/\/policies.google.com\/privacy\" target=\"_blank\" rel=\"nofollow noopener noreferrer\">Mehr erfahren<\/a><\/p> <p><a class=\"_brlbs-btn _brlbs-icon-play-white\" href=\"#\" data-borlabs-cookie-unblock role=\"button\">Video laden<\/a><\/p> <p><label><input type=\"checkbox\" name=\"unblockAll\" value=\"1\" checked> <small>YouTube immer entsperren<\/small><\/label><\/p> <\/div> <\/div> <\/div><div class=\"borlabs-hide\" data-borlabs-cookie-type=\"content-blocker\" data-borlabs-cookie-id=\"youtube\"><script type=\"text\/template\">PHA+PGlmcmFtZSBsb2FkaW5nPSJsYXp5IiB0aXRsZT0iWW91VHViZSB2aWRlbyBwbGF5ZXIiIHNyYz0iaHR0cHM6Ly93d3cueW91dHViZS1ub2Nvb2tpZS5jb20vZW1iZWQvTHdRQ05fcndlSU0iIHdpZHRoPSI1NjAiIGhlaWdodD0iMzE1IiBmcmFtZWJvcmRlcj0iMCIgYWxsb3dmdWxsc2NyZWVuPSJhbGxvd2Z1bGxzY3JlZW4iPjwvaWZyYW1lPjwvcD4=<\/script><\/div><\/div>\n<p>&nbsp;<\/p>\n","protected":false},"excerpt":{"rendered":"<p class=\"detail-feature-text\">Professionelles und portables S\u00e4ulen PA System<\/p>\n<p>Schwarz &amp; Wei\u00df &#8211; <span style=\"color: #99cc00;\">kurzfristig lieferbar<\/span><\/p>\n","protected":false},"featured_media":59004,"template":"","meta":{"om_disable_all_campaigns":false,"_monsterinsights_skip_tracking":false,"_monsterinsights_sitenote_active":false,"_monsterinsights_sitenote_note":"","_monsterinsights_sitenote_category":0},"product_cat":[32,38],"product_tag":[505,507,506,508],"acf":[],"aioseo_notices":[],"_links":{"self":[{"href":"https:\/\/kisselbach.de\/de\/wp-json\/wp\/v2\/product\/59001"}],"collection":[{"href":"https:\/\/kisselbach.de\/de\/wp-json\/wp\/v2\/product"}],"about":[{"href":"https:\/\/kisselbach.de\/de\/wp-json\/wp\/v2\/types\/product"}],"wp:featuredmedia":[{"embeddable":true,"href":"https:\/\/kisselbach.de\/de\/wp-json\/wp\/v2\/media\/59004"}],"wp:attachment":[{"href":"https:\/\/kisselbach.de\/de\/wp-json\/wp\/v2\/media?parent=59001"}],"wp:term":[{"taxonomy":"product_cat","embeddable":true,"href":"https:\/\/kisselbach.de\/de\/wp-json\/wp\/v2\/product_cat?post=59001"},{"taxonomy":"product_tag","embeddable":true,"href":"https:\/\/kisselbach.de\/de\/wp-json\/wp\/v2\/product_tag?post=59001"}],"curies":[{"name":"wp","href":"https:\/\/api.w.org\/{rel}","templated":true}]}}