{"id":58968,"date":"2022-03-30T13:29:13","date_gmt":"2022-03-30T11:29:13","guid":{"rendered":"https:\/\/kisselbach.de\/de\/?post_type=product&#038;p=58968"},"modified":"2023-03-15T15:30:39","modified_gmt":"2023-03-15T14:30:39","slug":"curv-500-avs","status":"publish","type":"product","link":"https:\/\/kisselbach.de\/de\/produkt\/curv-500-avs\/","title":{"rendered":"LD Systems Curv 500 AVS"},"content":{"rendered":"<ul>\n<li>Das erste transportfreundliche Array-System<\/li>\n<li>Flexible Konfigurationsm\u00f6glichkeiten<\/li>\n<li>WaveAhead\u00ae-Technik f\u00fcr h\u00f6chste Audio-Qualit\u00e4t<\/li>\n<li>SmartLink\u00ae-Adapter f\u00fcr universelle Montage<\/li>\n<li>Integrierter 4-Kanal-Mixer mit DFX und Bluetooth\u00ae<\/li>\n<li>Leichte Unibody-Array-Elemente aus robustem Aluminium<\/li>\n<li>F\u00fcr mobilen Einsatz und Festinstallationen<\/li>\n<\/ul>\n<p>&nbsp;<\/p>\n<div class=\"BorlabsCookie _brlbs-cb-youtube\"><div class=\"_brlbs-content-blocker\"> <div class=\"_brlbs-embed _brlbs-video-youtube\"> <img class=\"_brlbs-thumbnail\" src=\"https:\/\/kisselbach.de\/de\/wp-content\/plugins\/borlabs-cookie\/assets\/images\/cb-no-thumbnail.png\" alt=\"YouTube\"> <div class=\"_brlbs-caption\"> <p>Mit dem Laden des Videos akzeptieren Sie die Datenschutzerkl\u00e4rung von YouTube.<br><a href=\"https:\/\/policies.google.com\/privacy\" target=\"_blank\" rel=\"nofollow noopener noreferrer\">Mehr erfahren<\/a><\/p> <p><a class=\"_brlbs-btn _brlbs-icon-play-white\" href=\"#\" data-borlabs-cookie-unblock role=\"button\">Video laden<\/a><\/p> <p><label><input type=\"checkbox\" name=\"unblockAll\" value=\"1\" checked> <small>YouTube immer entsperren<\/small><\/label><\/p> <\/div> <\/div> <\/div><div class=\"borlabs-hide\" data-borlabs-cookie-type=\"content-blocker\" data-borlabs-cookie-id=\"youtube\"><script type=\"text\/template\">PHA+PGlmcmFtZSBsb2FkaW5nPSJsYXp5IiB0aXRsZT0iWW91VHViZSB2aWRlbyBwbGF5ZXIiIHNyYz0iaHR0cHM6Ly93d3cueW91dHViZS1ub2Nvb2tpZS5jb20vZW1iZWQvTzdydXZPclFOSzAiIHdpZHRoPSI1NjAiIGhlaWdodD0iMzE1IiBmcmFtZWJvcmRlcj0iMCIgYWxsb3dmdWxsc2NyZWVuPSJhbGxvd2Z1bGxzY3JlZW4iPjwvaWZyYW1lPjwvcD4=<\/script><\/div><\/div>\n<p>&nbsp;<\/p>\n<p>&nbsp;<\/p>\n","protected":false},"excerpt":{"rendered":"<p>Portables Array System AV Set inklusive Lautsprecherkabel<\/p>\n<p><span style=\"color: #ff9900;\">demn\u00e4chst lieferbar<\/span><\/p>\n","protected":false},"featured_media":58969,"template":"","meta":{"om_disable_all_campaigns":false,"_monsterinsights_skip_tracking":false,"_monsterinsights_sitenote_active":false,"_monsterinsights_sitenote_note":"","_monsterinsights_sitenote_category":0},"product_cat":[32,38],"product_tag":[505,511,512,507,508],"acf":[],"aioseo_notices":[],"_links":{"self":[{"href":"https:\/\/kisselbach.de\/de\/wp-json\/wp\/v2\/product\/58968"}],"collection":[{"href":"https:\/\/kisselbach.de\/de\/wp-json\/wp\/v2\/product"}],"about":[{"href":"https:\/\/kisselbach.de\/de\/wp-json\/wp\/v2\/types\/product"}],"wp:featuredmedia":[{"embeddable":true,"href":"https:\/\/kisselbach.de\/de\/wp-json\/wp\/v2\/media\/58969"}],"wp:attachment":[{"href":"https:\/\/kisselbach.de\/de\/wp-json\/wp\/v2\/media?parent=58968"}],"wp:term":[{"taxonomy":"product_cat","embeddable":true,"href":"https:\/\/kisselbach.de\/de\/wp-json\/wp\/v2\/product_cat?post=58968"},{"taxonomy":"product_tag","embeddable":true,"href":"https:\/\/kisselbach.de\/de\/wp-json\/wp\/v2\/product_tag?post=58968"}],"curies":[{"name":"wp","href":"https:\/\/api.w.org\/{rel}","templated":true}]}}