{"id":58961,"date":"2022-03-30T12:56:01","date_gmt":"2022-03-30T10:56:01","guid":{"rendered":"https:\/\/kisselbach.de\/de\/?post_type=product&#038;p=58961"},"modified":"2022-11-26T16:15:18","modified_gmt":"2022-11-26T15:15:18","slug":"curv-500-es","status":"publish","type":"product","link":"https:\/\/kisselbach.de\/de\/produkt\/curv-500-es\/","title":{"rendered":"LD Systems Curv 500 ES"},"content":{"rendered":"<ul>\n<li>Das erste transportfreundliche Array-System<\/li>\n<li>Flexible Konfigurationsm\u00f6glichkeiten<\/li>\n<li>WaveAhead\u00ae-Technik f\u00fcr h\u00f6chste Audio-Qualit\u00e4t<\/li>\n<li>SmartLink\u00ae-Adapter f\u00fcr universelle Montage<\/li>\n<li>Integrierter 4-Kanal-Mixer mit DFX und Bluetooth\u00ae<\/li>\n<li>Leichte Unibody-Array-Elemente aus robustem Aluminium<\/li>\n<li>F\u00fcr mobilen Einsatz und Festinstallationen<\/li>\n<\/ul>\n<p>&nbsp;<\/p>\n<div class=\"brlbs-cmpnt-container brlbs-cmpnt-content-blocker brlbs-cmpnt-with-individual-styles\" data-borlabs-cookie-content-blocker-id=\"youtube-content-blocker\" data-borlabs-cookie-content=\"PGlmcmFtZSB0aXRsZT0iWW91VHViZSB2aWRlbyBwbGF5ZXIiIHNyYz0iaHR0cHM6Ly93d3cueW91dHViZS1ub2Nvb2tpZS5jb20vZW1iZWQvTzdydXZPclFOSzAiIHdpZHRoPSI1NjAiIGhlaWdodD0iMzE1IiBmcmFtZWJvcmRlcj0iMCIgYWxsb3dmdWxsc2NyZWVuPSJhbGxvd2Z1bGxzY3JlZW4iPjwvaWZyYW1lPg==\">\n<div class=\"brlbs-cmpnt-cb-preset-c brlbs-cmpnt-cb-youtube\">\n<div class=\"brlbs-cmpnt-cb-thumbnail\" style=\"background-image: url('https:\/\/kisselbach.de\/de\/wp-content\/uploads\/borlabs-cookie\/1\/yt_O7ruvOrQNK0_hqdefault.jpg')\"><\/div>\n<div class=\"brlbs-cmpnt-cb-main\">\n<div class=\"brlbs-cmpnt-cb-play-button\"><\/div>\n<div class=\"brlbs-cmpnt-cb-content\">\n<p class=\"brlbs-cmpnt-cb-description\">Sie sehen gerade einen Platzhalterinhalt von <strong>YouTube<\/strong>. Um auf den eigentlichen Inhalt zuzugreifen, klicken Sie auf die Schaltfl\u00e4che unten. Bitte beachten Sie, dass dabei Daten an Drittanbieter weitergegeben werden.<\/p>\n<p> <a class=\"brlbs-cmpnt-cb-provider-toggle\" href=\"#\" data-borlabs-cookie-show-provider-information role=\"button\">Mehr Informationen<\/a> <\/div>\n<div class=\"brlbs-cmpnt-cb-buttons\"> <a class=\"brlbs-cmpnt-cb-btn\" href=\"#\" data-borlabs-cookie-unblock role=\"button\">Inhalt entsperren<\/a> <a class=\"brlbs-cmpnt-cb-btn\" href=\"#\" data-borlabs-cookie-accept-service role=\"button\" style=\"display: inherit\">Erforderlichen Service akzeptieren und Inhalte entsperren<\/a> <\/div>\n<\/p><\/div>\n<\/p><\/div>\n<\/div>\n<p>&nbsp;<\/p>\n<p>&nbsp;<\/p>\n","protected":false},"excerpt":{"rendered":"<p>Portables Array System Set inklusive Distanzstange und Lautsprecherkabel<\/p>\n<p><span style=\"color: #99cc00;\">kurzfristig lieferbar<\/span><\/p>\n","protected":false},"featured_media":58962,"template":"","meta":{"_acf_changed":false,"om_disable_all_campaigns":false,"_monsterinsights_skip_tracking":false,"_monsterinsights_sitenote_active":false,"_monsterinsights_sitenote_note":"","_monsterinsights_sitenote_category":0},"product_brand":[],"product_cat":[38,32],"product_tag":[505,511,512,507,508],"class_list":{"0":"post-58961","1":"product","2":"type-product","3":"status-publish","4":"has-post-thumbnail","6":"product_cat-audiosysteme","7":"product_cat-zubehoer","8":"product_tag-audio-system","9":"product_tag-curv","10":"product_tag-curv-500","11":"product_tag-ld-systems","12":"product_tag-saeule","14":"first","15":"instock","16":"sale","17":"taxable","18":"shipping-taxable","19":"purchasable","20":"product-type-simple","21":"prodpage-classic"},"acf":[],"aioseo_notices":[],"_links":{"self":[{"href":"https:\/\/kisselbach.de\/de\/wp-json\/wp\/v2\/product\/58961","targetHints":{"allow":["GET"]}}],"collection":[{"href":"https:\/\/kisselbach.de\/de\/wp-json\/wp\/v2\/product"}],"about":[{"href":"https:\/\/kisselbach.de\/de\/wp-json\/wp\/v2\/types\/product"}],"wp:featuredmedia":[{"embeddable":true,"href":"https:\/\/kisselbach.de\/de\/wp-json\/wp\/v2\/media\/58962"}],"wp:attachment":[{"href":"https:\/\/kisselbach.de\/de\/wp-json\/wp\/v2\/media?parent=58961"}],"wp:term":[{"taxonomy":"product_brand","embeddable":true,"href":"https:\/\/kisselbach.de\/de\/wp-json\/wp\/v2\/product_brand?post=58961"},{"taxonomy":"product_cat","embeddable":true,"href":"https:\/\/kisselbach.de\/de\/wp-json\/wp\/v2\/product_cat?post=58961"},{"taxonomy":"product_tag","embeddable":true,"href":"https:\/\/kisselbach.de\/de\/wp-json\/wp\/v2\/product_tag?post=58961"}],"curies":[{"name":"wp","href":"https:\/\/api.w.org\/{rel}","templated":true}]}}