{"id":58954,"date":"2022-03-30T12:39:37","date_gmt":"2022-03-30T10:39:37","guid":{"rendered":"https:\/\/kisselbach.de\/de\/?post_type=product&#038;p=58954"},"modified":"2024-10-04T14:05:47","modified_gmt":"2024-10-04T12:05:47","slug":"maui-28-g2","status":"publish","type":"product","link":"https:\/\/kisselbach.de\/de\/produkt\/maui-28-g2\/","title":{"rendered":"LD Systems Maui 28 G2"},"content":{"rendered":"<ul>\n<li>\u00c4u\u00dferst leistungsstarkes, portables S\u00e4ulen-System<\/li>\n<li>Zur Beschallung von gro\u00dfen Gruppen<\/li>\n<li>Erh\u00f6hte Reichweite und breitere Raumabdeckung durch Array-Anordnung<\/li>\n<li class=\"fx-list__item list-item fx-list__item--circle\"><span class=\"fx-text fx-text--plus list-item__text\">mit Limiter-, Equalizer-, Kompressor- und Frequenzweichen-Funktionen<\/span><\/li>\n<li>Verzerrungsfreier Sound selbst bei h\u00f6chster Lautst\u00e4rke dank LD Systems DynX\u00ae DSP-Technologie<\/li>\n<li>Kr\u00e4ftige Basswiedergabe durch 2 x 8\u201c Tieft\u00f6ner<\/li>\n<li class=\"fx-list__item list-item fx-list__item--circle\"><span class=\"fx-text fx-text--plus list-item__text\">unauff\u00e4llige Optik f\u00fcr stilvolle Anwendungen<\/span><\/li>\n<li>Volle Kontrolle durch 4-Kanal Mixer inkl. Bluetooth\u00ae Stereo Audio Streaming<\/li>\n<li>Kabelloser Aufbau in Sekunden<\/li>\n<li>Zweiteilige S\u00e4ule f\u00fcr kompakten Transport<\/li>\n<li>2.000 Watts Peak Class-D-Systempower bieten hohe Leistung bei niedrigem Gewicht<\/li>\n<\/ul>\n<p>&nbsp;<\/p>\n<div class=\"BorlabsCookie _brlbs-cb-youtube\"><div class=\"_brlbs-content-blocker\"> <div class=\"_brlbs-embed _brlbs-video-youtube\"> <img class=\"_brlbs-thumbnail\" src=\"https:\/\/kisselbach.de\/de\/wp-content\/plugins\/borlabs-cookie\/assets\/images\/cb-no-thumbnail.png\" alt=\"YouTube\"> <div class=\"_brlbs-caption\"> <p>Mit dem Laden des Videos akzeptieren Sie die Datenschutzerkl\u00e4rung von YouTube.<br><a href=\"https:\/\/policies.google.com\/privacy\" target=\"_blank\" rel=\"nofollow noopener noreferrer\">Mehr erfahren<\/a><\/p> <p><a class=\"_brlbs-btn _brlbs-icon-play-white\" href=\"#\" data-borlabs-cookie-unblock role=\"button\">Video laden<\/a><\/p> <p><label><input type=\"checkbox\" name=\"unblockAll\" value=\"1\" checked> <small>YouTube immer entsperren<\/small><\/label><\/p> <\/div> <\/div> <\/div><div class=\"borlabs-hide\" data-borlabs-cookie-type=\"content-blocker\" data-borlabs-cookie-id=\"youtube\"><script type=\"text\/template\">PHA+PGlmcmFtZSBsb2FkaW5nPSJsYXp5IiB0aXRsZT0iWW91VHViZSB2aWRlbyBwbGF5ZXIiIHNyYz0iaHR0cHM6Ly93d3cueW91dHViZS1ub2Nvb2tpZS5jb20vZW1iZWQvckhzMzZJNlB5UVEiIHdpZHRoPSI1NjAiIGhlaWdodD0iMzE1IiBmcmFtZWJvcmRlcj0iMCIgYWxsb3dmdWxsc2NyZWVuPSJhbGxvd2Z1bGxzY3JlZW4iPjwvaWZyYW1lPjwvcD4=<\/script><\/div><\/div>\n<p>&nbsp;<\/p>\n<p>&nbsp;<\/p>\n","protected":false},"excerpt":{"rendered":"<p class=\"detail-feature-text\">Leistungsstarkes, portables S\u00e4ulen PA System mit Mixer und Bluetooth<\/p>\n<p>Schwarz &#8211; <span style=\"color: #99cc00;\">kurzfristig\u00a0lieferbar<\/span><\/p>\n<p>Wei\u00df &#8211; <span style=\"color: #99cc00;\">kurzfristig\u00a0lieferbar<\/span><\/p>\n<p>&nbsp;<\/p>\n","protected":false},"featured_media":58955,"template":"","meta":{"om_disable_all_campaigns":false,"_monsterinsights_skip_tracking":false,"_monsterinsights_sitenote_active":false,"_monsterinsights_sitenote_note":"","_monsterinsights_sitenote_category":0},"product_cat":[32,38],"product_tag":[505,507,506,508],"acf":[],"aioseo_notices":[],"_links":{"self":[{"href":"https:\/\/kisselbach.de\/de\/wp-json\/wp\/v2\/product\/58954"}],"collection":[{"href":"https:\/\/kisselbach.de\/de\/wp-json\/wp\/v2\/product"}],"about":[{"href":"https:\/\/kisselbach.de\/de\/wp-json\/wp\/v2\/types\/product"}],"wp:featuredmedia":[{"embeddable":true,"href":"https:\/\/kisselbach.de\/de\/wp-json\/wp\/v2\/media\/58955"}],"wp:attachment":[{"href":"https:\/\/kisselbach.de\/de\/wp-json\/wp\/v2\/media?parent=58954"}],"wp:term":[{"taxonomy":"product_cat","embeddable":true,"href":"https:\/\/kisselbach.de\/de\/wp-json\/wp\/v2\/product_cat?post=58954"},{"taxonomy":"product_tag","embeddable":true,"href":"https:\/\/kisselbach.de\/de\/wp-json\/wp\/v2\/product_tag?post=58954"}],"curies":[{"name":"wp","href":"https:\/\/api.w.org\/{rel}","templated":true}]}}