{"id":58604,"date":"2021-08-25T14:44:50","date_gmt":"2021-08-25T12:44:50","guid":{"rendered":"https:\/\/kisselbach.de\/de\/?post_type=product&#038;p=58604"},"modified":"2022-12-17T18:01:18","modified_gmt":"2022-12-17T17:01:18","slug":"gloria-nobilis-kathedrale-3-53","status":"publish","type":"product","link":"https:\/\/kisselbach.de\/de\/produkt\/gloria-nobilis-kathedrale-3-53\/","title":{"rendered":"Gloria Nobilis Kathedrale 3.53"},"content":{"rendered":"<div class=\"BorlabsCookie _brlbs-cb-youtube\"><div class=\"_brlbs-content-blocker\"> <div class=\"_brlbs-embed _brlbs-video-youtube\"> <img class=\"_brlbs-thumbnail\" src=\"https:\/\/kisselbach.de\/de\/wp-content\/plugins\/borlabs-cookie\/assets\/images\/cb-no-thumbnail.png\" alt=\"YouTube\"> <div class=\"_brlbs-caption\"> <p>Mit dem Laden des Videos akzeptieren Sie die Datenschutzerkl\u00e4rung von YouTube.<br><a href=\"https:\/\/policies.google.com\/privacy\" target=\"_blank\" rel=\"nofollow noopener noreferrer\">Mehr erfahren<\/a><\/p> <p><a class=\"_brlbs-btn _brlbs-icon-play-white\" href=\"#\" data-borlabs-cookie-unblock role=\"button\">Video laden<\/a><\/p> <p><label><input type=\"checkbox\" name=\"unblockAll\" value=\"1\" checked> <small>YouTube immer entsperren<\/small><\/label><\/p> <\/div> <\/div> <\/div><div class=\"borlabs-hide\" data-borlabs-cookie-type=\"content-blocker\" data-borlabs-cookie-id=\"youtube\"><script type=\"text\/template\">PHA+PGlmcmFtZSBsb2FkaW5nPSJsYXp5IiB0aXRsZT0iWW91VHViZSB2aWRlbyBwbGF5ZXIiIHNyYz0iaHR0cHM6Ly93d3cueW91dHViZS1ub2Nvb2tpZS5jb20vZW1iZWQvcElHUlNNWk5tcXMiIHdpZHRoPSI2MDAiIGhlaWdodD0iMzAwIiBmcmFtZWJvcmRlcj0iMCIgYWxsb3dmdWxsc2NyZWVuPSJhbGxvd2Z1bGxzY3JlZW4iPjwvaWZyYW1lPjwvcD4=<\/script><\/div><\/div>\n<p>Die neue Gloria Nobilis Kathedrale 3.53 ist als hochwertige Orgel f\u00fcr mittelgro\u00dfe Kirchenr\u00e4ume entwickelt.<\/p>\n<h3>Orgeldetails<\/h3>\n<ul>\n<li>Klangerzeugung: DS-Core Sampling<\/li>\n<li>Anzahl Manuale: 3 Manuale<\/li>\n<li>Anzahl Register: 2 x 53 Register (2 Dispositionen)<\/li>\n<\/ul>\n<p><strong>Orgelgeh\u00e4use\/Ausstattung<\/strong><\/p>\n<ul>\n<li>Geh\u00e4usebauform: Rollverdeck<\/li>\n<li>Breite: 144 cm | H\u00f6he: 125 cm | Tiefe ohne Pedal: 75 cm<\/li>\n<li>Pedalbeleuchtung: ja<\/li>\n<li>Schweller: 2 programmierbare Schwelltritte<\/li>\n<li>Fu\u00dfpistons: 6 Koppeln sowie Setzersequenz &#8211; und +<\/li>\n<\/ul>\n<p><strong>Audio und Anschl\u00fcsse<\/strong><\/p>\n<ul>\n<li>Externes Lautsprechersystem: 8.1 Audiosystem<\/li>\n<li>Audio-Anschl\u00fcsse: Line In, Line Out<\/li>\n<li>MIDI-Schnittstelle: MIDI In, 2x MIDI Out<\/li>\n<li>Kopfh\u00f6reranschluss: Kopfh\u00f6reranschluss<\/li>\n<\/ul>\n<p><strong>Funktionen<\/strong><\/p>\n<ul>\n<li>Transponieren: ja<\/li>\n<li>Setzer: 250 x 8 Setzer<\/li>\n<li>Intonationm\u00f6glichkeiten: mit PC (Intonat)<\/li>\n<\/ul>\n<div class=\"BorlabsCookie _brlbs-cb-youtube\"><div class=\"_brlbs-content-blocker\"> <div class=\"_brlbs-embed _brlbs-video-youtube\"> <img class=\"_brlbs-thumbnail\" src=\"https:\/\/kisselbach.de\/de\/wp-content\/plugins\/borlabs-cookie\/assets\/images\/cb-no-thumbnail.png\" alt=\"YouTube\"> <div class=\"_brlbs-caption\"> <p>Mit dem Laden des Videos akzeptieren Sie die Datenschutzerkl\u00e4rung von YouTube.<br><a href=\"https:\/\/policies.google.com\/privacy\" target=\"_blank\" rel=\"nofollow noopener noreferrer\">Mehr erfahren<\/a><\/p> <p><a class=\"_brlbs-btn _brlbs-icon-play-white\" href=\"#\" data-borlabs-cookie-unblock role=\"button\">Video laden<\/a><\/p> <p><label><input type=\"checkbox\" name=\"unblockAll\" value=\"1\" checked> <small>YouTube immer entsperren<\/small><\/label><\/p> <\/div> <\/div> <\/div><div class=\"borlabs-hide\" data-borlabs-cookie-type=\"content-blocker\" data-borlabs-cookie-id=\"youtube\"><script type=\"text\/template\">PHA+PGlmcmFtZSBsb2FkaW5nPSJsYXp5IiB0aXRsZT0iWW91VHViZSB2aWRlbyBwbGF5ZXIiIHNyYz0iaHR0cHM6Ly93d3cueW91dHViZS1ub2Nvb2tpZS5jb20vZW1iZWQvakhuV0oyQV9tWUkiIHdpZHRoPSI2MDAiIGhlaWdodD0iMzAwIiBmcmFtZWJvcmRlcj0iMCIgYWxsb3dmdWxsc2NyZWVuPSJhbGxvd2Z1bGxzY3JlZW4iPjxzcGFuIGRhdGEtbWNlLXR5cGU9ImJvb2ttYXJrIiBzdHlsZT0iZGlzcGxheTogaW5saW5lLWJsb2NrOyB3aWR0aDogMHB4OyBvdmVyZmxvdzogaGlkZGVuOyBsaW5lLWhlaWdodDogMDsiIGNsYXNzPSJtY2VfU0VMUkVTX3N0YXJ0Ij7vu788L3NwYW4+PC9pZnJhbWU+PC9wPg==<\/script><\/div><\/div>\n<div class=\"BorlabsCookie _brlbs-cb-youtube\"><div class=\"_brlbs-content-blocker\"> <div class=\"_brlbs-embed _brlbs-video-youtube\"> <img class=\"_brlbs-thumbnail\" src=\"https:\/\/kisselbach.de\/de\/wp-content\/plugins\/borlabs-cookie\/assets\/images\/cb-no-thumbnail.png\" alt=\"YouTube\"> <div class=\"_brlbs-caption\"> <p>Mit dem Laden des Videos akzeptieren Sie die Datenschutzerkl\u00e4rung von YouTube.<br><a href=\"https:\/\/policies.google.com\/privacy\" target=\"_blank\" rel=\"nofollow noopener noreferrer\">Mehr erfahren<\/a><\/p> <p><a class=\"_brlbs-btn _brlbs-icon-play-white\" href=\"#\" data-borlabs-cookie-unblock role=\"button\">Video laden<\/a><\/p> <p><label><input type=\"checkbox\" name=\"unblockAll\" value=\"1\" checked> <small>YouTube immer entsperren<\/small><\/label><\/p> <\/div> <\/div> <\/div><div class=\"borlabs-hide\" data-borlabs-cookie-type=\"content-blocker\" data-borlabs-cookie-id=\"youtube\"><script type=\"text\/template\">PHA+PGlmcmFtZSBsb2FkaW5nPSJsYXp5IiB0aXRsZT0iWW91VHViZSB2aWRlbyBwbGF5ZXIiIHNyYz0iaHR0cHM6Ly93d3cueW91dHViZS1ub2Nvb2tpZS5jb20vZW1iZWQvSkJ4UlEwTnoyQmsiIHdpZHRoPSI2MDAiIGhlaWdodD0iMzAwIiBmcmFtZWJvcmRlcj0iMCIgYWxsb3dmdWxsc2NyZWVuPSJhbGxvd2Z1bGxzY3JlZW4iPjxzcGFuIGRhdGEtbWNlLXR5cGU9ImJvb2ttYXJrIiBzdHlsZT0iZGlzcGxheTogaW5saW5lLWJsb2NrOyB3aWR0aDogMHB4OyBvdmVyZmxvdzogaGlkZGVuOyBsaW5lLWhlaWdodDogMDsiIGNsYXNzPSJtY2VfU0VMUkVTX3N0YXJ0Ij7vu788L3NwYW4+PC9pZnJhbWU+PC9wPg==<\/script><\/div><\/div>\n<p><span style=\"font-size: 18px;\"><strong>Disposition:<\/strong><\/span><\/p>\n<div class=\"table-scrollable\">\n<p><strong>Dresden:<\/strong><\/p>\n<div class=\"table-scrollable\">\n<table style=\"height: 480px;\" border=\"\" width=\"520\" rules=\"cols\" cellpadding=\"5\">\n<thead>\n<tr style=\"background-color: #f5f5f5;\" align=\"left\">\n<th style=\"width: 20%;\"><strong>Pedal:<\/strong><\/th>\n<th style=\"width: 20%;\"><strong>Hauptwerk:<\/strong><\/th>\n<th style=\"width: 20%;\"><strong>Schwellwerk:<\/strong><\/th>\n<th style=\"width: 20%;\"><strong>Positiv:<\/strong><\/th>\n<\/tr>\n<\/thead>\n<tbody>\n<tr>\n<td style=\"width: 20%;\" valign=\"top\">Untersatz 32&#8242;<br \/>\nPrincipalbass 16&#8242;<br \/>\nSubbass 16&#8242;<br \/>\nOctavbass 8&#8242;<br \/>\nGedacktbass 8&#8242;<br \/>\nOctavbass 4&#8242;<br \/>\nPedalmixtur VI<br \/>\nFagott 32&#8242;<br \/>\nPosaunenbass 16&#8242;<br \/>\nTrompetenbass 8&#8242;<br \/>\nClarinbass 4&#8242;<\/td>\n<td style=\"width: 20%;\" valign=\"top\">Principal 16&#8242;<br \/>\nBordun 16&#8242;<br \/>\nPrincipal 8&#8242;<br \/>\nViol di Gamba 8&#8242;<br \/>\nRohrfl\u00f6t 8&#8242;<br \/>\nOctava 4&#8242;<br \/>\nSpitzfl\u00f6t 4&#8242;<br \/>\nQvinta 3&#8242;<br \/>\nOctava 2&#8242;<br \/>\nTertia 1 3\/5&#8242;<br \/>\nMixtur\u00a0IV<br \/>\nZimbeln\u00a0III<br \/>\nKornett\u00a0V<br \/>\nFagott 16&#8242;<br \/>\nTrompet 8&#8242;<\/td>\n<td style=\"width: 20%;\" valign=\"top\">Quintadehn 16&#8242;<br \/>\nPrincipal 8&#8242;<br \/>\nUnda maris 8&#8242;<br \/>\nGedackt 8&#8242;<br \/>\nQuintadehn 8&#8242;<br \/>\nOctava 4&#8242;<br \/>\nRohrfl\u00f6t 4&#8242;<br \/>\nNassat 3&#8242;<br \/>\nOctava 2&#8242;<br \/>\nTertia 1 3\/5&#8242;<br \/>\nFlaschfl\u00f6t 1&#8242;<br \/>\nMixtur\u00a0IV<br \/>\nEcho Kornett\u00a0V<br \/>\nVox humana 8&#8242;<\/td>\n<td style=\"width: 20%;\" valign=\"top\">Principal 8&#8242;<br \/>\nGedackt 8&#8242;<br \/>\nPrincipal 4&#8242;<br \/>\nRohrfl\u00f6t 4&#8242;<br \/>\nNassat 3&#8242;<br \/>\nOctava 2&#8242;<br \/>\nSesquialtera<br \/>\nQvinta 1 1\/2&#8242;<br \/>\nSuffl\u00f6t 1&#8242;<br \/>\nMixtur III<br \/>\nChalumeaux 8&#8242;<br \/>\nZimbelstern<br \/>\nGlocken<\/td>\n<\/tr>\n<\/tbody>\n<\/table>\n<\/div>\n<p>&nbsp;<\/p>\n<p><span style=\"font-size: 16px;\"><strong>Paris:<\/strong><\/span><\/p>\n<div class=\"table-scrollable\">\n<table style=\"height: 480px;\" border=\"\" width=\"520\" rules=\"cols\" cellpadding=\"5\">\n<thead>\n<tr style=\"background-color: #f5f5f5;\" align=\"left\">\n<th style=\"width: 20%;\"><strong>Pedal:<\/strong><\/th>\n<th style=\"width: 20%;\"><strong>Hauptwerk:<\/strong><\/th>\n<th style=\"width: 20%;\"><strong>Schwellwerk:<\/strong><\/th>\n<th style=\"width: 20%;\"><strong>Positiv:<\/strong><\/th>\n<\/tr>\n<\/thead>\n<tbody>\n<tr>\n<td style=\"width: 20%;\" valign=\"top\">Soubasse\u00a032\u2019<br \/>\nSoubasse\u00a016\u2019<br \/>\nFl\u00fbte\u00a016\u2019<br \/>\nPrincipal\u00a08\u2019<br \/>\nBasse\u00a08\u2019<br \/>\nFl\u00fbte\u00a08\u2019<br \/>\nFl\u00fbte\u00a04\u2019<br \/>\nBombarde 32\u2019<br \/>\nBombarde\u00a016\u2019<br \/>\nTrompette\u00a08\u2019<br \/>\nClairon\u00a04\u2019<\/td>\n<td style=\"width: 20%;\" valign=\"top\">Montre\u00a016\u2019<br \/>\nBourdon\u00a016\u2019<br \/>\nMontre\u00a08\u2019<br \/>\nSalicional\u00a08\u2019<br \/>\nFl\u00fbte harmonique\u00a08\u2019<br \/>\nBourdon\u00a08\u2019<br \/>\nPrestant\u00a04\u2019<br \/>\nFl\u00fbte douce\u00a04\u2019<br \/>\nDoublette\u00a02\u2019<br \/>\nCornet V<br \/>\nFourniture IV<br \/>\nCymbale IV<br \/>\nBombarde\u00a016\u2019<br \/>\nTrompette\u00a08\u2019<br \/>\nClairon 4&#8242;<\/td>\n<td style=\"width: 20%;\" valign=\"top\">Quintaton\u00a016\u2019<br \/>\nCor de nuit\u00a08\u2019<br \/>\nViole de gambe\u00a08\u2019<br \/>\nVoix c\u00e9leste\u00a08\u2019<br \/>\nFl\u00fbte traversi\u00e8re\u00a08\u2019<br \/>\nFl\u00fbte octaviante\u00a04\u2019<br \/>\nNasard\u00a02 2\/3\u2019<br \/>\nOctavin 2\u2019<br \/>\nFourniture IV<br \/>\nBombarde\u00a016\u2019<br \/>\nTrompette harmonique 8\u2019<br \/>\nBasson et Hautbois 8\u2019<br \/>\nVoix humaine 8\u2019<br \/>\nClairon\u00a04\u2019<\/td>\n<td style=\"width: 20%;\" valign=\"top\">Principal 8\u2019<br \/>\nBourdon 8\u2019<br \/>\nFl\u00fbte creuse 8\u2019<br \/>\nFl\u00fbte 4\u2019<br \/>\nQuinte 2 2\/3\u2019<br \/>\nQuarte 2\u2019<br \/>\nTierce 1 3\/5\u2019<br \/>\nLarigot 1 1\/3\u2019<br \/>\nFourniture IV<br \/>\nCymbale IV<br \/>\nTrompette 8\u2019<br \/>\nCromorne 8\u2019<br \/>\nClairon 4&#8242;<\/td>\n<\/tr>\n<\/tbody>\n<\/table>\n<\/div>\n<\/div>\n","protected":false},"excerpt":{"rendered":"<p>3 Manuale<br \/>\n2 x 53 Register<br \/>\n2 Dispositionen<\/p>\n","protected":false},"featured_media":59050,"template":"","meta":{"om_disable_all_campaigns":false,"_monsterinsights_skip_tracking":false,"_monsterinsights_sitenote_active":false,"_monsterinsights_sitenote_note":"","_monsterinsights_sitenote_category":0},"product_cat":[485,8,502],"product_tag":[],"acf":[],"aioseo_notices":[],"_links":{"self":[{"href":"https:\/\/kisselbach.de\/de\/wp-json\/wp\/v2\/product\/58604"}],"collection":[{"href":"https:\/\/kisselbach.de\/de\/wp-json\/wp\/v2\/product"}],"about":[{"href":"https:\/\/kisselbach.de\/de\/wp-json\/wp\/v2\/types\/product"}],"wp:featuredmedia":[{"embeddable":true,"href":"https:\/\/kisselbach.de\/de\/wp-json\/wp\/v2\/media\/59050"}],"wp:attachment":[{"href":"https:\/\/kisselbach.de\/de\/wp-json\/wp\/v2\/media?parent=58604"}],"wp:term":[{"taxonomy":"product_cat","embeddable":true,"href":"https:\/\/kisselbach.de\/de\/wp-json\/wp\/v2\/product_cat?post=58604"},{"taxonomy":"product_tag","embeddable":true,"href":"https:\/\/kisselbach.de\/de\/wp-json\/wp\/v2\/product_tag?post=58604"}],"curies":[{"name":"wp","href":"https:\/\/api.w.org\/{rel}","templated":true}]}}