{"id":55185,"date":"2021-05-10T16:41:16","date_gmt":"2021-05-10T14:41:16","guid":{"rendered":"https:\/\/kisselbach.de\/de\/?post_type=product&#038;p=55185"},"modified":"2024-06-13T17:27:34","modified_gmt":"2024-06-13T15:27:34","slug":"noten-und-spieltischbeleuchtung-ml-30-led","status":"publish","type":"product","link":"https:\/\/kisselbach.de\/de\/produkt\/noten-und-spieltischbeleuchtung-ml-30-led\/","title":{"rendered":"Noten- und Spieltischbeleuchtung ML-30 (LED)"},"content":{"rendered":"<p>Zur Aufstellung auf dem Orgelspieltisch<\/p>\n<p>3 LED-Elemente je 2.1 Watt, 2700 K,<\/p>\n<p>Reflektorbreite 400 mm, variable H\u00f6he durch Flexarm,<\/p>\n<p>Oberfl\u00e4che wahlweise Nickel geb\u00fcrstet oder Messing geb\u00fcrstet,<\/p>\n","protected":false},"excerpt":{"rendered":"<p>Zur Aufstellung auf dem Orgelspieltisch 3 LED-Elemente je 2.1 Watt, 2700 K, Reflektorbreite 400 mm, variable H\u00f6he durch Flexarm, Oberfl\u00e4che wahlweise Nickel geb\u00fcrstet oder Messing geb\u00fcrstet,<\/p>\n","protected":false},"featured_media":55187,"template":"","meta":{"_acf_changed":false,"om_disable_all_campaigns":false,"_monsterinsights_skip_tracking":false,"_monsterinsights_sitenote_active":false,"_monsterinsights_sitenote_note":"","_monsterinsights_sitenote_category":0},"product_brand":[],"product_cat":[40,32],"product_tag":[],"class_list":{"0":"post-55185","1":"product","2":"type-product","3":"status-publish","4":"has-post-thumbnail","6":"product_cat-lampen","7":"product_cat-zubehoer","9":"first","10":"instock","11":"taxable","12":"shipping-taxable","13":"purchasable","14":"product-type-variable","15":"prodpage-classic"},"acf":[],"aioseo_notices":[],"_links":{"self":[{"href":"https:\/\/kisselbach.de\/de\/wp-json\/wp\/v2\/product\/55185","targetHints":{"allow":["GET"]}}],"collection":[{"href":"https:\/\/kisselbach.de\/de\/wp-json\/wp\/v2\/product"}],"about":[{"href":"https:\/\/kisselbach.de\/de\/wp-json\/wp\/v2\/types\/product"}],"wp:featuredmedia":[{"embeddable":true,"href":"https:\/\/kisselbach.de\/de\/wp-json\/wp\/v2\/media\/55187"}],"wp:attachment":[{"href":"https:\/\/kisselbach.de\/de\/wp-json\/wp\/v2\/media?parent=55185"}],"wp:term":[{"taxonomy":"product_brand","embeddable":true,"href":"https:\/\/kisselbach.de\/de\/wp-json\/wp\/v2\/product_brand?post=55185"},{"taxonomy":"product_cat","embeddable":true,"href":"https:\/\/kisselbach.de\/de\/wp-json\/wp\/v2\/product_cat?post=55185"},{"taxonomy":"product_tag","embeddable":true,"href":"https:\/\/kisselbach.de\/de\/wp-json\/wp\/v2\/product_tag?post=55185"}],"curies":[{"name":"wp","href":"https:\/\/api.w.org\/{rel}","templated":true}]}}