{"id":53742,"date":"2020-03-26T14:26:41","date_gmt":"2020-03-26T13:26:41","guid":{"rendered":"https:\/\/kisselbach.de\/de\/produkt\/ecantore-system\/"},"modified":"2022-11-14T14:44:05","modified_gmt":"2022-11-14T13:44:05","slug":"ecantore-system","status":"publish","type":"product","link":"https:\/\/kisselbach.de\/de\/produkt\/ecantore-system\/","title":{"rendered":"ecantore Selbstspieleinrichtung"},"content":{"rendered":"<h3><strong>ecantore\u00a0spielt Ihre Kirchenorgel auf Knopfdruck!<\/strong><\/h3>\n<p>Wie funktioniert ecantore?<\/p>\n<ul>\n<li>Sie geben eine Liednummer aus dem Gesangbuch in die <span class=\"rot\">ecantore<\/span>-Fernbedienung ein.<\/li>\n<\/ul>\n<ul>\n<li>Die Nummer mit den ausgew\u00e4hlten Strophen wird am Liedanzeiger angezeigt.<\/li>\n<\/ul>\n<ul>\n<li>Sie starten das Lied\u00a0und Ihre Orgel spielt ein Vorspiel und die gew\u00fcnschten Strophen, so wie Sie es von Ihrem Kirchenmusiker gew\u00f6hnt sind.<\/li>\n<\/ul>\n<ul>\n<li>W\u00e4hrend des Spielens k\u00f6nnen Tempo und Lautst\u00e4rke noch angepasst werden.<\/li>\n<\/ul>\n<div class=\"BorlabsCookie _brlbs-cb-youtube\"><div class=\"_brlbs-content-blocker\"> <div class=\"_brlbs-embed _brlbs-video-youtube\"> <img class=\"_brlbs-thumbnail\" src=\"https:\/\/kisselbach.de\/de\/wp-content\/plugins\/borlabs-cookie\/assets\/images\/cb-no-thumbnail.png\" alt=\"YouTube\"> <div class=\"_brlbs-caption\"> <p>Mit dem Laden des Videos akzeptieren Sie die Datenschutzerkl\u00e4rung von YouTube.<br><a href=\"https:\/\/policies.google.com\/privacy\" target=\"_blank\" rel=\"nofollow noopener noreferrer\">Mehr erfahren<\/a><\/p> <p><a class=\"_brlbs-btn _brlbs-icon-play-white\" href=\"#\" data-borlabs-cookie-unblock role=\"button\">Video laden<\/a><\/p> <p><label><input type=\"checkbox\" name=\"unblockAll\" value=\"1\" checked> <small>YouTube immer entsperren<\/small><\/label><\/p> <\/div> <\/div> <\/div><div class=\"borlabs-hide\" data-borlabs-cookie-type=\"content-blocker\" data-borlabs-cookie-id=\"youtube\"><script type=\"text\/template\">PHA+PGlmcmFtZSBsb2FkaW5nPSJsYXp5IiBzcmM9Imh0dHBzOi8vd3d3LnlvdXR1YmUtbm9jb29raWUuY29tL2VtYmVkLzRyem9pdkkwcmtvIiB3aWR0aD0iNjAwIiBoZWlnaHQ9IjMwMCIgZnJhbWVib3JkZXI9IjAiIGFsbG93ZnVsbHNjcmVlbj0iYWxsb3dmdWxsc2NyZWVuIiBkYXRhLW1jZS1mcmFnbWVudD0iMSI+PHNwYW4gZGF0YS1tY2UtdHlwZT0iYm9va21hcmsiIGNsYXNzPSJtY2VfU0VMUkVTX3N0YXJ0Ij7vu788L3NwYW4+PC9pZnJhbWU+PC9wPg==<\/script><\/div><\/div>\n<p>&nbsp;<\/p>\n<p>\u00dcberall landauf, landab, werden die Orgelb\u00e4nke immer leerer. Nicht nur in Ferienzeiten, sondern auch zu hohen Festen, bei denen die Nachfrage naturgem\u00e4\u00df besonders gro\u00df ist, wird der Mangel sp\u00fcrbar. Musikschulen, Konservatorien und gar die Kirchenmusikabteilungen der Hochschulen klagen schon seit l\u00e4ngerer Zeit \u00fcber r\u00fcckl\u00e4ufiges Interesse an der Orgel und am Kirchenmusik-Studium. Doch wie sollen wir mit der Situation umgehen? A capella singen? Alles nur noch mit der Gitarre be- gleiten? Oder gar nicht mehr singen? Eine mehr als interessante Alternative bietet das System ECANTORE. Dieses innovative Komplettsystem erlaubt es, von jeder Digitalorgel oder sogar midifizierten Pfeifenorgel aus komplette Chor\u00e4le und Orgelwerke ganz ohne Organisten zu spielen. Tempo und Lautst\u00e4rke k\u00f6nnen dabei, wie von einem real agierenden Musiker, auch noch w\u00e4hrend des laufenden Spiels angepasst werden. Dabei geht es ecantore keineswegs darum, Organisten zu ersetzen \u2013 im Gegenteil! Es will gerade \u00fcberall dort zum Singen einladen, wo es an Orgelpersonal fehlt. Viele Gemeinden setzen das System bereits als ein besonderes \u201eBackup\u201c ein, f\u00fcr den Fall, dass wirklich einmal kein Organist gefunden wird oder kurzfristig ausf\u00e4llt. Eingespielt von professionellen Organisten, die h\u00f6chst bewusst und respektvoll mit den Original-Vorlagen umgehen, erh\u00e4lt eine Gemeinde so das Liedgut und sichert sich den traditionellen, mit der Liturgie und Kirche eng verwobenen Orgelklang.<\/p>\n","protected":false},"excerpt":{"rendered":"<p>ecantore\u00a0spielt Ihre Kirchenorgel auf Knopfdruck! Wie funktioniert ecantore? Sie geben eine Liednummer aus dem Gesangbuch in die ecantore-Fernbedienung ein. Die Nummer mit den ausgew\u00e4hlten Strophen wird am Liedanzeiger angezeigt. Sie starten das Lied\u00a0und Ihre Orgel spielt ein Vorspiel und die gew\u00fcnschten Strophen, so wie Sie es von Ihrem Kirchenmusiker gew\u00f6hnt sind. W\u00e4hrend des Spielens k\u00f6nnen<\/p>\n","protected":false},"featured_media":14548,"template":"","meta":{"om_disable_all_campaigns":false,"_monsterinsights_skip_tracking":false,"_monsterinsights_sitenote_active":false,"_monsterinsights_sitenote_note":"","_monsterinsights_sitenote_category":0},"product_cat":[32,230,442],"product_tag":[],"acf":[],"aioseo_notices":[],"_links":{"self":[{"href":"https:\/\/kisselbach.de\/de\/wp-json\/wp\/v2\/product\/53742"}],"collection":[{"href":"https:\/\/kisselbach.de\/de\/wp-json\/wp\/v2\/product"}],"about":[{"href":"https:\/\/kisselbach.de\/de\/wp-json\/wp\/v2\/types\/product"}],"wp:featuredmedia":[{"embeddable":true,"href":"https:\/\/kisselbach.de\/de\/wp-json\/wp\/v2\/media\/14548"}],"wp:attachment":[{"href":"https:\/\/kisselbach.de\/de\/wp-json\/wp\/v2\/media?parent=53742"}],"wp:term":[{"taxonomy":"product_cat","embeddable":true,"href":"https:\/\/kisselbach.de\/de\/wp-json\/wp\/v2\/product_cat?post=53742"},{"taxonomy":"product_tag","embeddable":true,"href":"https:\/\/kisselbach.de\/de\/wp-json\/wp\/v2\/product_tag?post=53742"}],"curies":[{"name":"wp","href":"https:\/\/api.w.org\/{rel}","templated":true}]}}