{"id":18901,"date":"2016-12-19T15:02:04","date_gmt":"2016-12-19T14:02:04","guid":{"rendered":"http:\/\/kisselbach.de\/neuwp\/produkt\/noorlander-vallotti"},"modified":"2024-12-19T16:06:19","modified_gmt":"2024-12-19T15:06:19","slug":"noorlander-vallotti","status":"publish","type":"product","link":"https:\/\/kisselbach.de\/de\/produkt\/noorlander-vallotti\/","title":{"rendered":"Noorlander Vallotti"},"content":{"rendered":"<h3><\/h3>\n<div class=\"BorlabsCookie _brlbs-cb-youtube\"><div class=\"_brlbs-content-blocker\"> <div class=\"_brlbs-embed _brlbs-video-youtube\"> <img class=\"_brlbs-thumbnail\" src=\"https:\/\/kisselbach.de\/de\/wp-content\/plugins\/borlabs-cookie\/assets\/images\/cb-no-thumbnail.png\" alt=\"YouTube\"> <div class=\"_brlbs-caption\"> <p>Mit dem Laden des Videos akzeptieren Sie die Datenschutzerkl\u00e4rung von YouTube.<br><a href=\"https:\/\/policies.google.com\/privacy\" target=\"_blank\" rel=\"nofollow noopener noreferrer\">Mehr erfahren<\/a><\/p> <p><a class=\"_brlbs-btn _brlbs-icon-play-white\" href=\"#\" data-borlabs-cookie-unblock role=\"button\">Video laden<\/a><\/p> <p><label><input type=\"checkbox\" name=\"unblockAll\" value=\"1\" checked> <small>YouTube immer entsperren<\/small><\/label><\/p> <\/div> <\/div> <\/div><div class=\"borlabs-hide\" data-borlabs-cookie-type=\"content-blocker\" data-borlabs-cookie-id=\"youtube\"><script type=\"text\/template\">PHA+PGlmcmFtZSBsb2FkaW5nPSJsYXp5IiBzcmM9Imh0dHBzOi8vd3d3LnlvdXR1YmUtbm9jb29raWUuY29tL2VtYmVkL0ZqMzZEbDNHaXQ0IiB3aWR0aD0iNjAwIiBoZWlnaHQ9IjMwMCIgZnJhbWVib3JkZXI9IjAiIGFsbG93ZnVsbHNjcmVlbj0iYWxsb3dmdWxsc2NyZWVuIj48L2lmcmFtZT48L3A+<\/script><\/div><\/div>\n<ul>\n<li>Klangerzeugung: Noorlander Sweelinq<\/li>\n<li>Anzahl Manuale: 3 Manuale<\/li>\n<li>Bildschirm: 2 fest eingebaute Touchscreens 17&#8220;<\/li>\n<li>Anzahl Register: abh\u00e4ngig vom Sampelset<\/li>\n<li>Registerbibliothek: optionale Samplesets<\/li>\n<li>Orchesterstimmen: optionale Samplesets<\/li>\n<li>Intonationen: siehe jeweiliges Sampleset<\/li>\n<\/ul>\n<p><strong>Orgelgeh\u00e4use\/Ausstattung<\/strong><\/p>\n<ul>\n<li>Geh\u00e4usebauform: Positivbauform<\/li>\n<li>Breite: 173 cm | H\u00f6he: 235 cm | Tiefe ohne Pedal: 50 cm<\/li>\n<li>Pedalbeleuchtung: ja<\/li>\n<li>Schweller: 2 Schweller<\/li>\n<li>Fu\u00dfpistons: optional<\/li>\n<\/ul>\n<p><strong>Audio und Anschl\u00fcsse<\/strong><\/p>\n<ul>\n<li>Klangabstrahlung: 4.1 Audiosystem<\/li>\n<li>Audio-Anschlu\u00df: optional<\/li>\n<li>MIDI-Anschlu\u00df: optional<\/li>\n<li>USB-Anschlu\u00df: USB-Anschluss<\/li>\n<li>Kopfh\u00f6reranschlu\u00df: Kopfh\u00f6reranschluss<\/li>\n<li>Klangerzeugung: Noorlander Sweelinq<\/li>\n<\/ul>\n<p><strong>Funktionen<\/strong><\/p>\n<ul>\n<li>Transponieren: ja<\/li>\n<li>Werksumschaltung:\u00a0ja<\/li>\n<li>Aufnahmefunktion:\u00a0Audio und MIDI<\/li>\n<li>Setzer: in Noorlander Sweelinq<\/li>\n<li>Intonationm\u00f6glichkeiten: Noorlander Sweelinq<\/li>\n<\/ul>\n<p><strong>Disposition:<\/strong><\/p>\n<table>\n<tbody>\n<tr style=\"background-color: #f5f5f5;\">\n<th style=\"width: 20%;\"><strong>Pedal:<\/strong><\/th>\n<th style=\"width: 20%;\"><strong>Hauptwerk:<\/strong><\/th>\n<th style=\"width: 20%;\"><strong>Schwellwerk:<\/strong><\/th>\n<th style=\"width: 20%;\"><strong>Positiv:<\/strong><\/th>\n<th style=\"width: 20%;\"><strong>Solo:<\/strong><\/th>\n<\/tr>\n<tr>\n<td style=\"width: 20%;\">siehe Sampleset<\/td>\n<td style=\"width: 20%;\">siehe Sampleset<\/td>\n<td style=\"width: 20%;\">siehe Sampleset<\/td>\n<td style=\"width: 20%;\">siehe Sampleset<\/td>\n<td style=\"width: 20%;\">siehe Sampleset<\/td>\n<\/tr>\n<\/tbody>\n<\/table>\n","protected":false},"excerpt":{"rendered":"<p>3 Manuale<br \/>\nabh\u00e4ngig vom Sampelset<\/p>\n","protected":false},"featured_media":14827,"template":"","meta":{"om_disable_all_campaigns":false,"_monsterinsights_skip_tracking":false,"_monsterinsights_sitenote_active":false,"_monsterinsights_sitenote_note":"","_monsterinsights_sitenote_category":0},"product_cat":[33],"product_tag":[],"acf":[],"aioseo_notices":[],"_links":{"self":[{"href":"https:\/\/kisselbach.de\/de\/wp-json\/wp\/v2\/product\/18901"}],"collection":[{"href":"https:\/\/kisselbach.de\/de\/wp-json\/wp\/v2\/product"}],"about":[{"href":"https:\/\/kisselbach.de\/de\/wp-json\/wp\/v2\/types\/product"}],"wp:featuredmedia":[{"embeddable":true,"href":"https:\/\/kisselbach.de\/de\/wp-json\/wp\/v2\/media\/14827"}],"wp:attachment":[{"href":"https:\/\/kisselbach.de\/de\/wp-json\/wp\/v2\/media?parent=18901"}],"wp:term":[{"taxonomy":"product_cat","embeddable":true,"href":"https:\/\/kisselbach.de\/de\/wp-json\/wp\/v2\/product_cat?post=18901"},{"taxonomy":"product_tag","embeddable":true,"href":"https:\/\/kisselbach.de\/de\/wp-json\/wp\/v2\/product_tag?post=18901"}],"curies":[{"name":"wp","href":"https:\/\/api.w.org\/{rel}","templated":true}]}}