{"id":18558,"date":"2016-12-19T14:59:30","date_gmt":"2016-12-19T13:59:30","guid":{"rendered":"http:\/\/kisselbach.de\/neuwp\/produkt\/noorlander-avanti-ii"},"modified":"2024-12-10T08:04:34","modified_gmt":"2024-12-10T07:04:34","slug":"noorlander-avanti-ii","status":"publish","type":"product","link":"https:\/\/kisselbach.de\/de\/produkt\/noorlander-avanti-ii\/","title":{"rendered":"Noorlander Avanti II"},"content":{"rendered":"<h3><\/h3>\n<div class=\"brlbs-cmpnt-container brlbs-cmpnt-content-blocker brlbs-cmpnt-with-individual-styles\" data-borlabs-cookie-content-blocker-id=\"youtube-content-blocker\" data-borlabs-cookie-content=\"PGlmcmFtZSBzcmM9Imh0dHBzOi8vd3d3LnlvdXR1YmUtbm9jb29raWUuY29tL2VtYmVkL2lBWE1BRlpLcVdBIiB3aWR0aD0iNjAwIiBoZWlnaHQ9IjMwMCIgZnJhbWVib3JkZXI9IjAiIGFsbG93ZnVsbHNjcmVlbj0iYWxsb3dmdWxsc2NyZWVuIj4NCjwvaWZyYW1lPg==\">\n<div class=\"brlbs-cmpnt-cb-preset-c brlbs-cmpnt-cb-youtube\">\n<div class=\"brlbs-cmpnt-cb-thumbnail\" style=\"background-image: url('https:\/\/kisselbach.de\/de\/wp-content\/uploads\/borlabs-cookie\/1\/yt_iAXMAFZKqWA_hqdefault.jpg')\"><\/div>\n<div class=\"brlbs-cmpnt-cb-main\">\n<div class=\"brlbs-cmpnt-cb-play-button\"><\/div>\n<div class=\"brlbs-cmpnt-cb-content\">\n<p class=\"brlbs-cmpnt-cb-description\">Sie sehen gerade einen Platzhalterinhalt von <strong>YouTube<\/strong>. Um auf den eigentlichen Inhalt zuzugreifen, klicken Sie auf die Schaltfl\u00e4che unten. Bitte beachten Sie, dass dabei Daten an Drittanbieter weitergegeben werden.<\/p>\n<p> <a class=\"brlbs-cmpnt-cb-provider-toggle\" href=\"#\" data-borlabs-cookie-show-provider-information role=\"button\">Mehr Informationen<\/a> <\/div>\n<div class=\"brlbs-cmpnt-cb-buttons\"> <a class=\"brlbs-cmpnt-cb-btn\" href=\"#\" data-borlabs-cookie-unblock role=\"button\">Inhalt entsperren<\/a> <a class=\"brlbs-cmpnt-cb-btn\" href=\"#\" data-borlabs-cookie-accept-service role=\"button\" style=\"display: inherit\">Erforderlichen Service akzeptieren und Inhalte entsperren<\/a> <\/div>\n<\/p><\/div>\n<\/p><\/div>\n<\/div>\n<ul>\n<li>Klangerzeugung: Noorlander Sweelinq<\/li>\n<li>Anzahl Manuale: 2 Manuale<\/li>\n<li>Bildschirm: 2 fest eingebaute Touchscreens 17&#8221;<\/li>\n<li>Anzahl Register: abh\u00e4ngig vom Sampelset<\/li>\n<li>Registerbibliothek: optionale Samplesets<\/li>\n<li>Orchesterstimmen: optionale Samplesets<\/li>\n<li>Intonationen: siehe jeweiliges Sampleset<\/li>\n<\/ul>\n<p><strong>Orgelgeh\u00e4use\/Ausstattung<\/strong><\/p>\n<ul>\n<li>Geh\u00e4usebauform: offener Spieltisch<\/li>\n<li>Breite:\u00a0131 cm | H\u00f6he:\u00a0113 cm | Tiefe ohne Pedal:\u00a037,5 cm<\/li>\n<li>Pedalbeleuchtung: ja<\/li>\n<li>Schweller: 2 Schweller<\/li>\n<li>Fu\u00dfpistons: optional<\/li>\n<\/ul>\n<p><strong>Audio und Anschl\u00fcsse<\/strong><\/p>\n<ul>\n<li>Klangabstrahlung: 4.1 Audiosystem<\/li>\n<li>Audio-Anschlu\u00df: optional<\/li>\n<li>MIDI-Anschlu\u00df: optional<\/li>\n<li>USB-Anschlu\u00df: USB-Anschluss<\/li>\n<li>Kopfh\u00f6reranschlu\u00df: Kopfh\u00f6reranschluss<\/li>\n<li>Klangerzeugung: Noorlander Sweelinq<\/li>\n<\/ul>\n<p><strong>Funktionen<\/strong><\/p>\n<ul>\n<li>Transponieren: ja<\/li>\n<li>Werksumschaltung:\u00a0ja<\/li>\n<li>Aufnahmefunktion:\u00a0Audio und MIDI<\/li>\n<li>Setzer: in Noorlander Sweelinq<\/li>\n<li>Intonationm\u00f6glichkeiten: Noorlander Sweelinq<\/li>\n<\/ul>\n<p><strong>Disposition:<\/strong><\/p>\n<table>\n<tbody>\n<tr style=\"background-color: #f5f5f5;\">\n<th style=\"width: 20%;\"><strong>Pedal:<\/strong><\/th>\n<th style=\"width: 20%;\"><strong>Hauptwerk:<\/strong><\/th>\n<th style=\"width: 20%;\"><strong>Schwellwerk:<\/strong><\/th>\n<th style=\"width: 20%;\"><strong>Positiv:<\/strong><\/th>\n<th style=\"width: 20%;\"><strong>Solo:<\/strong><\/th>\n<\/tr>\n<tr>\n<td style=\"width: 20%;\">siehe Sampleset<\/td>\n<td style=\"width: 20%;\">siehe Sampleset<\/td>\n<td style=\"width: 20%;\">siehe Sampleset<\/td>\n<td style=\"width: 20%;\">siehe Sampleset<\/td>\n<td style=\"width: 20%;\">siehe Sampleset<\/td>\n<\/tr>\n<\/tbody>\n<\/table>\n","protected":false},"excerpt":{"rendered":"<p>2 Manuale<br \/>\nabh\u00e4ngig vom Sampelset<\/p>\n","protected":false},"featured_media":26417,"template":"","meta":{"_acf_changed":false,"om_disable_all_campaigns":false,"_monsterinsights_skip_tracking":false,"_monsterinsights_sitenote_active":false,"_monsterinsights_sitenote_note":"","_monsterinsights_sitenote_category":0},"product_brand":[],"product_cat":[33],"product_tag":[],"class_list":{"0":"post-18558","1":"product","2":"type-product","3":"status-publish","4":"has-post-thumbnail","6":"product_cat-noorlander","7":"pa_aufnahmefunktion-audio-und-midi","8":"pa_daumenpistons-14-daumenpistons-sc1-90","9":"pa_daumenpistons-ohne-daumenpistons","10":"pa_farbe-beize-nach-wunsch","11":"pa_farbe-eiche-hell","12":"pa_klaviatur-holzkernklaviatur-tp60lw","13":"pa_klaviatur-standartklaviatur","14":"pa_manuale-2-manuale","15":"pa_pc-system-i3-16gb-120gbssd","16":"pa_pc-system-i7advanced-64gb-120gbssd-2tbhdd","17":"pa_pedalform-30-toenig-doppelt-geschweift-mit-hellen-obertasten","18":"pa_pedalform-30-toenig-flach-mit-hellen-obertasten","19":"pa_registerzahl-abhaengig-vom-sampelset","20":"pa_schweller-2-schweller","21":"pa_setzerspeicher-in-hauptwerksoftware","22":"pa_technologie-hauptwerk","24":"first","25":"instock","26":"taxable","27":"shipping-taxable","28":"purchasable","29":"product-type-simple","30":"prodpage-classic"},"acf":[],"aioseo_notices":[],"_links":{"self":[{"href":"https:\/\/kisselbach.de\/de\/wp-json\/wp\/v2\/product\/18558","targetHints":{"allow":["GET"]}}],"collection":[{"href":"https:\/\/kisselbach.de\/de\/wp-json\/wp\/v2\/product"}],"about":[{"href":"https:\/\/kisselbach.de\/de\/wp-json\/wp\/v2\/types\/product"}],"wp:featuredmedia":[{"embeddable":true,"href":"https:\/\/kisselbach.de\/de\/wp-json\/wp\/v2\/media\/26417"}],"wp:attachment":[{"href":"https:\/\/kisselbach.de\/de\/wp-json\/wp\/v2\/media?parent=18558"}],"wp:term":[{"taxonomy":"product_brand","embeddable":true,"href":"https:\/\/kisselbach.de\/de\/wp-json\/wp\/v2\/product_brand?post=18558"},{"taxonomy":"product_cat","embeddable":true,"href":"https:\/\/kisselbach.de\/de\/wp-json\/wp\/v2\/product_cat?post=18558"},{"taxonomy":"product_tag","embeddable":true,"href":"https:\/\/kisselbach.de\/de\/wp-json\/wp\/v2\/product_tag?post=18558"}],"curies":[{"name":"wp","href":"https:\/\/api.w.org\/{rel}","templated":true}]}}