{"id":14577,"date":"2016-11-17T11:12:54","date_gmt":"2016-11-17T10:12:54","guid":{"rendered":"http:\/\/kisselbach.de\/neuwp\/?post_type=product&#038;p=14577"},"modified":"2022-11-14T12:49:43","modified_gmt":"2022-11-14T11:49:43","slug":"4-stellige-anzeigetafel-als-erweiterung","status":"publish","type":"product","link":"https:\/\/kisselbach.de\/de\/produkt\/4-stellige-anzeigetafel-als-erweiterung\/","title":{"rendered":"Erweiterung: Anzeigetafel 4-stellige (optional)"},"content":{"rendered":"<p>Technische Daten LA4:<br \/>\n&#8211; 1.Zeile:\u00a0\u00a0 4 Ziffer oder Gro\u00dfbuchstaben<br \/>\nGr\u00f6\u00dfe jeweils 90 x 135 mm<br \/>\n&#8211; 2. Zeile:\u00a0 5 Ziffern oder +,-<br \/>\nGr\u00f6\u00dfe jeweils 75 x 105 mm<br \/>\n&#8211; Versorgung: Spannung: 5V DC Strom: ca. 5 A<br \/>\n&#8211; Abmessung: 513 x 318 x 35 mm<\/p>\n","protected":false},"excerpt":{"rendered":"<p>Technische Daten LA4: &#8211; 1.Zeile:\u00a0\u00a0 4 Ziffer oder Gro\u00dfbuchstaben Gr\u00f6\u00dfe jeweils 90 x 135 mm &#8211; 2. Zeile:\u00a0 5 Ziffern oder +,- Gr\u00f6\u00dfe jeweils 75 x 105 mm &#8211; Versorgung: Spannung: 5V DC Strom: ca. 5 A &#8211; Abmessung: 513 x 318 x 35 mm<\/p>\n","protected":false},"featured_media":14546,"template":"","meta":{"om_disable_all_campaigns":false,"_monsterinsights_skip_tracking":false,"_monsterinsights_sitenote_active":false,"_monsterinsights_sitenote_note":"","_monsterinsights_sitenote_category":0},"product_cat":[32,230,266],"product_tag":[],"acf":[],"aioseo_notices":[],"_links":{"self":[{"href":"https:\/\/kisselbach.de\/de\/wp-json\/wp\/v2\/product\/14577"}],"collection":[{"href":"https:\/\/kisselbach.de\/de\/wp-json\/wp\/v2\/product"}],"about":[{"href":"https:\/\/kisselbach.de\/de\/wp-json\/wp\/v2\/types\/product"}],"wp:featuredmedia":[{"embeddable":true,"href":"https:\/\/kisselbach.de\/de\/wp-json\/wp\/v2\/media\/14546"}],"wp:attachment":[{"href":"https:\/\/kisselbach.de\/de\/wp-json\/wp\/v2\/media?parent=14577"}],"wp:term":[{"taxonomy":"product_cat","embeddable":true,"href":"https:\/\/kisselbach.de\/de\/wp-json\/wp\/v2\/product_cat?post=14577"},{"taxonomy":"product_tag","embeddable":true,"href":"https:\/\/kisselbach.de\/de\/wp-json\/wp\/v2\/product_tag?post=14577"}],"curies":[{"name":"wp","href":"https:\/\/api.w.org\/{rel}","templated":true}]}}