{"id":14545,"date":"2016-11-16T17:04:47","date_gmt":"2016-11-16T16:04:47","guid":{"rendered":"http:\/\/kisselbach.de\/neuwp\/?post_type=product&#038;p=14545"},"modified":"2025-04-14T11:54:53","modified_gmt":"2025-04-14T09:54:53","slug":"ecantore-liedanzeiger","status":"publish","type":"product","link":"https:\/\/kisselbach.de\/de\/produkt\/ecantore-liedanzeiger\/","title":{"rendered":"ecantore Liedanzeiger mit Funkfernbedienung"},"content":{"rendered":"<p>Die ecantore-Liedanzeiger f\u00fcgen sich harmonisch in Ihre Kirche ein. Neben Zahlen und dem kompletten Alphabet in Gro\u00dfbuchstaben k\u00f6nnen auch Sonderzeichen wie \u201c+ &#8211; \u201ddargestellt werden. Somit kann der -Liedanzeiger z.B. neben der Liednummer auch die passende Abk\u00fcrzung des Liederbuchs anzeigen. In den kleineren Versionen haben Sie in der ersten Zeile 4 bzw. 5 Zeichen zur Verf\u00fcgung.<\/p>\n<ul>\n<li>Technische Daten LA4: &#8211; 1.Zeile:\u00a0\u00a0 4 Ziffer oder Gro\u00dfbuchstaben Gr\u00f6\u00dfe jeweils 90 x 135 mm &#8211; 2. Zeile:\u00a0 5 Ziffern oder +,- Gr\u00f6\u00dfe jeweils 75 x 105 mm &#8211; Versorgung: Spannung: 5V DC Strom: ca. 5 A &#8211; Abmessung: 513 x 318 x 35 mm<\/li>\n<li>Technische Daten LA5: &#8211; 1.Zeile:\u00a0 5 Ziffer oder Gro\u00dfbuchstaben Gr\u00f6\u00dfe jeweils 90 x 135 mm &#8211; 2.Zeile:\u00a0 6 Ziffern oder +,- Gr\u00f6\u00dfe jeweils 75 x 105 mm Versorgung: Spannung: 5V DC Strom: ca. 6 A Abmessung: 633 x 318 x 35 mm<\/li>\n<\/ul>\n<p>Die Bedienung des ecantore-Liedanzeigers erfolgt \u00fcber die praktische Funk- Bedieneinheit mit \u00fcber 30 m Reichweite. Somit m\u00fcssen au\u00dfer der Stromversorgung des Liedanzeigers keine weiteren Kabel verlegt werden und Sie sind bei der Bedienung der Anzeige \u00f6rtlich flexibel. Die Bedieneinheit ist mit 4 individuell belegbaren Auswahltasten f\u00fcr Liederb\u00fccher und nummerischer Tastatur mit Sonderzeichen sowie einem mehrzeiligen Display ausgestattet. Dies macht die Bedienung des Liedanzeigers w\u00e4hrend des Gottesdienstes sehr einfach. Nat\u00fcrlich k\u00f6nnen Sie auch vor dem Gottesdienst Listen erstellen, die Sie dann nur noch abrufen m\u00fcssen. Sollte f\u00fcr Ihre Kirche ein Liedanzeiger nicht ausreichend sein, k\u00f6nnen Sie beliebig viele ecantore-Liedanzeiger im Parallelbetrieb kombinieren. Dank der modernen, langlebigen LED-Technik ist der ecantore-Liedanzeiger auch auf gr\u00f6\u00dferer Entfernung gut lesbar. In der Standardausf\u00fchrung hat der Liedanzeiger wei\u00dfe LEDs. Auf Wunsch sind auch andere Farben m\u00f6glich.<\/p>\n","protected":false},"excerpt":{"rendered":"<p>Liedanzeiger<\/p>\n","protected":false},"featured_media":15921,"template":"","meta":{"_acf_changed":false,"om_disable_all_campaigns":false,"_monsterinsights_skip_tracking":false,"_monsterinsights_sitenote_active":false,"_monsterinsights_sitenote_note":"","_monsterinsights_sitenote_category":0},"product_brand":[],"product_cat":[266,32],"product_tag":[],"class_list":{"0":"post-14545","1":"product","2":"type-product","3":"status-publish","4":"has-post-thumbnail","6":"product_cat-liedanzeiger","7":"product_cat-zubehoer","9":"first","10":"instock","11":"taxable","12":"shipping-taxable","13":"purchasable","14":"product-type-variable","15":"has-default-attributes","16":"prodpage-classic"},"acf":[],"aioseo_notices":[],"_links":{"self":[{"href":"https:\/\/kisselbach.de\/de\/wp-json\/wp\/v2\/product\/14545","targetHints":{"allow":["GET"]}}],"collection":[{"href":"https:\/\/kisselbach.de\/de\/wp-json\/wp\/v2\/product"}],"about":[{"href":"https:\/\/kisselbach.de\/de\/wp-json\/wp\/v2\/types\/product"}],"wp:featuredmedia":[{"embeddable":true,"href":"https:\/\/kisselbach.de\/de\/wp-json\/wp\/v2\/media\/15921"}],"wp:attachment":[{"href":"https:\/\/kisselbach.de\/de\/wp-json\/wp\/v2\/media?parent=14545"}],"wp:term":[{"taxonomy":"product_brand","embeddable":true,"href":"https:\/\/kisselbach.de\/de\/wp-json\/wp\/v2\/product_brand?post=14545"},{"taxonomy":"product_cat","embeddable":true,"href":"https:\/\/kisselbach.de\/de\/wp-json\/wp\/v2\/product_cat?post=14545"},{"taxonomy":"product_tag","embeddable":true,"href":"https:\/\/kisselbach.de\/de\/wp-json\/wp\/v2\/product_tag?post=14545"}],"curies":[{"name":"wp","href":"https:\/\/api.w.org\/{rel}","templated":true}]}}