{"id":12745,"date":"2016-11-10T17:31:35","date_gmt":"2016-11-10T16:31:35","guid":{"rendered":"http:\/\/kisselbach.de\/neuwp\/produkt\/noten-und-spieltischbeleuchtung-ml-20"},"modified":"2024-06-13T17:27:24","modified_gmt":"2024-06-13T15:27:24","slug":"noten-und-spieltischbeleuchtung-ml-20","status":"publish","type":"product","link":"https:\/\/kisselbach.de\/de\/produkt\/noten-und-spieltischbeleuchtung-ml-20\/","title":{"rendered":"Noten- und Spieltischbeleuchtung ML-20 (LED)"},"content":{"rendered":"<p>Zur Aufstellung auf dem Orgelspieltisch<\/p>\n<p>2 LED-Elemente je 3.2 Watt, 2700 K,<\/p>\n<p>Reflektorbreite 280 mm, variable H\u00f6he durch Flexarm,<\/p>\n<p>Oberfl\u00e4che wahlweise Nickel geb\u00fcrstet oder Messing geb\u00fcrstet,<\/p>\n","protected":false},"excerpt":{"rendered":"<p>Zur Aufstellung auf dem Orgelspieltisch 2 LED-Elemente je 3.2 Watt, 2700 K, Reflektorbreite 280 mm, variable H\u00f6he durch Flexarm, Oberfl\u00e4che wahlweise Nickel geb\u00fcrstet oder Messing geb\u00fcrstet,<\/p>\n","protected":false},"featured_media":12579,"template":"","meta":{"om_disable_all_campaigns":false,"_monsterinsights_skip_tracking":false,"_monsterinsights_sitenote_active":false,"_monsterinsights_sitenote_note":"","_monsterinsights_sitenote_category":0},"product_cat":[582,32,40],"product_tag":[],"acf":[],"aioseo_notices":[],"_links":{"self":[{"href":"https:\/\/kisselbach.de\/de\/wp-json\/wp\/v2\/product\/12745"}],"collection":[{"href":"https:\/\/kisselbach.de\/de\/wp-json\/wp\/v2\/product"}],"about":[{"href":"https:\/\/kisselbach.de\/de\/wp-json\/wp\/v2\/types\/product"}],"wp:featuredmedia":[{"embeddable":true,"href":"https:\/\/kisselbach.de\/de\/wp-json\/wp\/v2\/media\/12579"}],"wp:attachment":[{"href":"https:\/\/kisselbach.de\/de\/wp-json\/wp\/v2\/media?parent=12745"}],"wp:term":[{"taxonomy":"product_cat","embeddable":true,"href":"https:\/\/kisselbach.de\/de\/wp-json\/wp\/v2\/product_cat?post=12745"},{"taxonomy":"product_tag","embeddable":true,"href":"https:\/\/kisselbach.de\/de\/wp-json\/wp\/v2\/product_tag?post=12745"}],"curies":[{"name":"wp","href":"https:\/\/api.w.org\/{rel}","templated":true}]}}