{"id":12503,"date":"2016-11-03T15:45:01","date_gmt":"2016-11-03T14:45:01","guid":{"rendered":"http:\/\/kisselbach.de\/neuwp\/?post_type=product&#038;p=12503"},"modified":"2022-11-26T16:47:01","modified_gmt":"2022-11-26T15:47:01","slug":"kopfhoerer-dt990","status":"publish","type":"product","link":"https:\/\/kisselbach.de\/de\/produkt\/kopfhoerer-dt990\/","title":{"rendered":"Beyerdynamic DT 990 Edition"},"content":{"rendered":"<h2>Das Kultobjekt &#8211; von Musikliebhabern erprobt und gelobt<\/h2>\n<p>Der DT 990 Edition ist ein Kopfh\u00f6rer, den zahllose Hi-Fi- und Musikliebhaber seit den 1980er-Jahren ins Herz geschlossen haben. Schon seit vielen Jahren \u00fcberzeugt er durch seinen lebendigen und nat\u00fcrlichen Klang, der sich f\u00fcr viele Musikrichtungen eignet.<br \/>\nEr geh\u00f6rt seit \u00fcber 20 Jahren zum beyerdynamic-Portfolio und erfreut sich noch immer gro\u00dfer Beliebtheit. Alle Bauteile sind als Ersatzteile verf\u00fcgbar und machen den DT 990 Edition so zu einem langj\u00e4hrigen Begleiter.<\/p>\n<p>&nbsp;<\/p>\n<h2>Musik wird bis in die Fingerspitzen sp\u00fcrbar<\/h2>\n<p>Der DT 990 Edition ist ein offener Kopfh\u00f6rer. Das hei\u00dft, Nebenger\u00e4usche au\u00dferhalb des Kopfh\u00f6rers bleiben auch bei h\u00f6heren Lautst\u00e4rken deutlich wahrnehmbar. Diese Bauweise verleiht der Musik eine breite B\u00fchne, ein Raumgef\u00fchl, das dem Musikgenuss mit Lautsprechern nahekommt. Der Klang ist spektakul\u00e4r: Ausgepr\u00e4gte H\u00f6hen und intensive B\u00e4sse paaren sich zu einer vollkommenen Klangf\u00fclle. Das sch\u00e4tzen insbesondere Rock- und Pop-Freunde.<\/p>\n<p>&nbsp;<\/p>\n<h2>Exzellenter Tragekomfort<\/h2>\n<p>Das geschmeidige Kopfband und samtweiche Ohrpolster sorgen f\u00fcr einen Tragekomfort \u201epar excellence&#8220;. Die Ohrpolster sind bekannt f\u00fcr den atmungsaktiven und hautfreundlichen Velours. So kommt es auch nach l\u00e4ngerem Musikgenuss nicht zu \u00fcberm\u00e4\u00dfiger W\u00e4rmeentwicklung.<br \/>\nDie Kombination aus bequemem Kopfband und Ohrpolstern sowie den H\u00f6rergabeln aus Aluminium verleihen dem Kopfh\u00f6rer ein stabiles \u00c4u\u00dferes und einen angenehmen Sitz f\u00fcr lange H\u00f6rsessions.<\/p>\n<p>&nbsp;<\/p>\n<div data-canvas-width=\"125.90400000000004\"><\/div>\n","protected":false},"excerpt":{"rendered":"<p class=\"detail-feature-text\">offener Kopfh\u00f6rer f\u00fcr Digitalorgeln<\/p>\n<p><span style=\"color: #99cc00;\">sofort lieferbar<\/span><\/p>\n","protected":false},"featured_media":12499,"template":"","meta":{"om_disable_all_campaigns":false,"_monsterinsights_skip_tracking":false,"_monsterinsights_sitenote_active":false,"_monsterinsights_sitenote_note":"","_monsterinsights_sitenote_category":0},"product_cat":[39],"product_tag":[],"acf":[],"aioseo_notices":[],"_links":{"self":[{"href":"https:\/\/kisselbach.de\/de\/wp-json\/wp\/v2\/product\/12503"}],"collection":[{"href":"https:\/\/kisselbach.de\/de\/wp-json\/wp\/v2\/product"}],"about":[{"href":"https:\/\/kisselbach.de\/de\/wp-json\/wp\/v2\/types\/product"}],"wp:featuredmedia":[{"embeddable":true,"href":"https:\/\/kisselbach.de\/de\/wp-json\/wp\/v2\/media\/12499"}],"wp:attachment":[{"href":"https:\/\/kisselbach.de\/de\/wp-json\/wp\/v2\/media?parent=12503"}],"wp:term":[{"taxonomy":"product_cat","embeddable":true,"href":"https:\/\/kisselbach.de\/de\/wp-json\/wp\/v2\/product_cat?post=12503"},{"taxonomy":"product_tag","embeddable":true,"href":"https:\/\/kisselbach.de\/de\/wp-json\/wp\/v2\/product_tag?post=12503"}],"curies":[{"name":"wp","href":"https:\/\/api.w.org\/{rel}","templated":true}]}}