{"id":12500,"date":"2016-11-03T15:36:24","date_gmt":"2016-11-03T14:36:24","guid":{"rendered":"http:\/\/kisselbach.de\/neuwp\/?post_type=product&#038;p=12500"},"modified":"2023-09-13T11:31:22","modified_gmt":"2023-09-13T09:31:22","slug":"fusspiston","status":"publish","type":"product","link":"https:\/\/kisselbach.de\/de\/produkt\/fusspiston\/","title":{"rendered":"Fu\u00dfpiston"},"content":{"rendered":"","protected":false},"excerpt":{"rendered":"<p>Fu\u00dfpiston f\u00fcr Sakralorgel<\/p>\n","protected":false},"featured_media":12498,"template":"","meta":{"om_disable_all_campaigns":false,"_monsterinsights_skip_tracking":false,"_monsterinsights_sitenote_active":false,"_monsterinsights_sitenote_note":"","_monsterinsights_sitenote_category":0},"product_cat":[32,222],"product_tag":[],"acf":[],"aioseo_notices":[],"_links":{"self":[{"href":"https:\/\/kisselbach.de\/de\/wp-json\/wp\/v2\/product\/12500"}],"collection":[{"href":"https:\/\/kisselbach.de\/de\/wp-json\/wp\/v2\/product"}],"about":[{"href":"https:\/\/kisselbach.de\/de\/wp-json\/wp\/v2\/types\/product"}],"wp:featuredmedia":[{"embeddable":true,"href":"https:\/\/kisselbach.de\/de\/wp-json\/wp\/v2\/media\/12498"}],"wp:attachment":[{"href":"https:\/\/kisselbach.de\/de\/wp-json\/wp\/v2\/media?parent=12500"}],"wp:term":[{"taxonomy":"product_cat","embeddable":true,"href":"https:\/\/kisselbach.de\/de\/wp-json\/wp\/v2\/product_cat?post=12500"},{"taxonomy":"product_tag","embeddable":true,"href":"https:\/\/kisselbach.de\/de\/wp-json\/wp\/v2\/product_tag?post=12500"}],"curies":[{"name":"wp","href":"https:\/\/api.w.org\/{rel}","templated":true}]}}