{"id":8,"date":"2016-09-28T16:06:53","date_gmt":"2016-09-28T14:06:53","guid":{"rendered":"http:\/\/kisselbach.de\/neuwp\/?page_id=8"},"modified":"2024-05-02T09:13:17","modified_gmt":"2024-05-02T07:13:17","slug":"digitale-kirchenorgel","status":"publish","type":"page","link":"https:\/\/kisselbach.de\/de\/digitale-kirchenorgel\/","title":{"rendered":"Digitale Kirchenorgel"},"content":{"rendered":"<p>Traditionelle Kirchenorgeln bilden einen beeindruckenden tonalen Umfang ab und deshalb sind Kirchenorgeln f\u00fcr feierliche Gottesdienste heute genauso unverzichtbar wie fr\u00fcher. Ob in Kathedralen oder kleineren Gottesh\u00e4usern: Orgelmusik und geistliche Lieder sind ein wesentlicher Bestandteil des liturgischen Zeremoniells.<br \/>\nDie Kirchenorgel (von altgriechisch \u00f3rganon \u201eWerkzeug\u201c, \u201eInstrument\u201c) ist ein Tasteninstrument, bei dem Pfeifen als Tonerzeuger durch Wind zum Klingen gebracht werden. Die Hauptteile der Kirchenorgel sind das Pfeifenwerk mit dem Windladen, die Windversorgung, die Traktur und der Spieltisch.<br \/>\nDas Pfeifenwerk gliedert sich in einzelne Register. Darunter versteht man eine Reihe von Pfeifen, die sich durch gleichen Klangcharakter auszeichnen. Jedes Register kann an- oder abgeschaltet werden.\n<\/p>\n<p>\nDer Organist kann von einem Spieltisch \u00fcber Pedale und Tastatur einzelne Pfeifenreihen verschiedener Tonh\u00f6he und Klangfarben bedienen und somit verschiedene Klangfarben erzeugen. Je nach Orgeltyp wird der Tastendruck mechanisch, pneumatisch oder  elektrisch zu den Ventilen unter dem Pfeifenwerk geleitet. Klassische Sakralorgeln werden deshalb im Gegensatz zu elektronischen Orgeln  als Pfeifenorgeln bezeichnet.<br \/>\nAufgrund ihrer Gr\u00f6\u00dfe und ihrer konstruktiven und akustischen Abstimmung ist die klassische Kirchenorgel an den Aufstellungsraum gebunden. Oft ist die Aufstellung auch durch bauliche Gegebenheiten vorgegeben.\n<\/p>\n<h2>Infos \u00fcber weitere Orgeln neben der digitalen Kirchenorgel<\/h2>\n<ul>\n<li><a title=\"Kirchenorgel\" href=\"https:\/\/kisselbach.de\/de\/kirchenorgel\/\">Kirchenorgel<\/a><\/li>\n<li><a title=\"Digitale Kirchenorgel\" href=\"https:\/\/kisselbach.de\/de\/digitale-kirchenorgel\/\">Digitale Kirchenorgel<\/a><\/li>\n<li><a title=\"Computerorgel\" href=\"https:\/\/kisselbach.de\/de\/computerorgel\/\">Computerorgel<\/a><\/li>\n<li><a title=\"Friedhofsorgel\" href=\"https:\/\/kisselbach.de\/de\/friedhofsorgel\/\">Friedhofsorgel<\/a><\/li>\n<li><a title=\" Hausorgel\" href=\"https:\/\/kisselbach.de\/de\/hausorgel\/\">Hausorgel<\/a><\/li>\n<li><a title=\"Orgel f\u00fcr Hauskapelle\" href=\"https:\/\/kisselbach.de\/de\/orgel-hauskapelle\/\">Orgel f\u00fcr Hauskapelle<\/a><\/li>\n<li><a title=\"Orgel f\u00fcr Krankenhauskapelle\" href=\"https:\/\/kisselbach.de\/de\/orgel-krankenhauskapelle\/\">Orgel f\u00fcr Krankenhauskapelle<\/a><\/li>\n<li><a title=\"Orgel f\u00fcr Kapelle\" href=\"https:\/\/kisselbach.de\/de\/orgel-kapelle\/\">Orgel f\u00fcr Kapelle<\/a><\/li>\n<li><a title=\"Orgel f\u00fcr Friedhofskapelle\" href=\"https:\/\/kisselbach.de\/de\/orgel-friedhofskapelle\/\">Orgel f\u00fcr Friedhofskapelle<\/a><\/li>\n<\/ul>\n<h3>Moderne Digitale Kirchenorgeln<\/h3>\n<p>\nEine durch die Entwicklung der Digitaltechnik m\u00f6glich gewordene Variante der klassischen Kirchenorgel mit Pfeifen, ist die digitale Sakral- oder Kirchenorgel, die in den neunziger Jahren die bis dahin gebr\u00e4uchliche analoge Kirchenorgel abl\u00f6ste. In den fr\u00fchen Entwicklungsstadien bot die digitale Kirchenorgel klanglich zwar einen gro\u00dfen Fortschritt gegen\u00fcber analogen Kirchenorgeln, ihre Klangqualit\u00e4t reichte aber noch nicht an diejenige von traditionellen Pfeifenorgeln heran.<br \/>\nErst in den letzten Jahren gelang es, die Zusammenstellung der verschiedenen klingenden Stimmen an die von Kirchenorgeln mit Pfeifen weiter anzu n\u00e4hern. Spieltisch, Registerz\u00fcge und Pedale einer digitalen Kirchenorgel sind  \u00e4hnlich wie die der Pfeifenorgeln, damit sie sich wie eine klassische Kirchenorgel spielen lassen, simulieren die Tastaturen zudem noch den Druckwiderstand einer mechanischen Sakralorgel.\n<\/p>\n<p>\nDienten diese Fr\u00fchformen digitaler Kirchenorgeln zun\u00e4chst haupts\u00e4chlich im privaten Bereich als \u00dcbungsinstrumente oder in Kirchs\u00e4len und Kapellen, macht die mittlerweile \u00fcberzeugende Klangqualit\u00e4t digitale Sakralorgeln auch  zu einer kosteng\u00fcnstigen Alternative in gr\u00f6\u00dferen Kirchen oder f\u00fcr gro\u00dfe Open-Air-Veranstaltungen, wie z. B. bei Kirchen- und Katholikentage.  Dies gilt besonders f\u00fcr die Klangerzeugung \u00fcber Sampling oder Physical Modelling. Digitale Kirchenorgeln bieten die M\u00f6glichkeit der Auswahl zwischen barocker, romantischer und sinfonischer Disposition und unterschiedlichen Stimmungen, wie pythagor\u00e4isch, wohltemperiert und gleichstufig sowie Nachhallvariationen von Kapelle bis Kathedrale und k\u00f6nnen so jedem Raum und akustischem Wunsch angepasst werden.<br \/>\nWeitere Vorteile der digitalen Kirchenorgeln sind der geringere Anschaffungspreis, die Unempfindlichkeit gegen\u00fcber Temperaturschwankungen und die geringeren Wartungskosten.\n<\/p>\n<p>\nKisselbach bietet Ihnen die <a href=\"https:\/\/kisselbach.de\/de\/digitale-hausorgeln\/\" title=\"Testsieger bei digitalen Orgeln\">Testsieger bei digitalen Kirchenorgeln<\/a>, deren Klang in Kirche und zuhause \u00fcberzeugt. Qualitativ hochwertige Sakralorgeln f\u00fcr kleine Kirchen und Kapellen, die auch als \u00dcbungsinstrumente verwendet werden k\u00f6nnen und deren wundervolle Klangqualit\u00e4t Sie begeistern wird.<\/p>\n","protected":false},"excerpt":{"rendered":"<p>Traditionelle Kirchenorgeln bilden einen beeindruckenden tonalen Umfang ab und deshalb sind Kirchenorgeln f\u00fcr feierliche Gottesdienste heute genauso unverzichtbar wie fr\u00fcher. Ob in Kathedralen oder kleineren Gottesh\u00e4usern: Orgelmusik und geistliche Lieder sind ein wesentlicher Bestandteil des liturgischen Zeremoniells. Die Kirchenorgel (von altgriechisch \u00f3rganon \u201eWerkzeug\u201c, \u201eInstrument\u201c) ist ein Tasteninstrument, bei dem Pfeifen als Tonerzeuger durch Wind zum<\/p>\n","protected":false},"author":1,"featured_media":0,"parent":0,"menu_order":0,"comment_status":"closed","ping_status":"closed","template":"","meta":{"_acf_changed":false,"om_disable_all_campaigns":false,"_monsterinsights_skip_tracking":false,"_monsterinsights_sitenote_active":false,"_monsterinsights_sitenote_note":"","_monsterinsights_sitenote_category":0,"footnotes":""},"class_list":["post-8","page","type-page","status-publish","hentry","prodpage-classic"],"acf":[],"aioseo_notices":[],"_links":{"self":[{"href":"https:\/\/kisselbach.de\/de\/wp-json\/wp\/v2\/pages\/8","targetHints":{"allow":["GET"]}}],"collection":[{"href":"https:\/\/kisselbach.de\/de\/wp-json\/wp\/v2\/pages"}],"about":[{"href":"https:\/\/kisselbach.de\/de\/wp-json\/wp\/v2\/types\/page"}],"author":[{"embeddable":true,"href":"https:\/\/kisselbach.de\/de\/wp-json\/wp\/v2\/users\/1"}],"replies":[{"embeddable":true,"href":"https:\/\/kisselbach.de\/de\/wp-json\/wp\/v2\/comments?post=8"}],"version-history":[{"count":1,"href":"https:\/\/kisselbach.de\/de\/wp-json\/wp\/v2\/pages\/8\/revisions"}],"predecessor-version":[{"id":61430,"href":"https:\/\/kisselbach.de\/de\/wp-json\/wp\/v2\/pages\/8\/revisions\/61430"}],"wp:attachment":[{"href":"https:\/\/kisselbach.de\/de\/wp-json\/wp\/v2\/media?parent=8"}],"curies":[{"name":"wp","href":"https:\/\/api.w.org\/{rel}","templated":true}]}}