{"id":59862,"date":"2023-01-27T13:12:48","date_gmt":"2023-01-27T12:12:48","guid":{"rendered":"https:\/\/kisselbach.de\/de\/?page_id=59862"},"modified":"2024-04-18T10:50:33","modified_gmt":"2024-04-18T08:50:33","slug":"kontaktformular","status":"publish","type":"page","link":"https:\/\/kisselbach.de\/de\/kontaktformular\/","title":{"rendered":"Kontaktformular"},"content":{"rendered":"<p>&nbsp;<\/p>\r\n<div class=\"wpforms-container wpforms-container-full\" id=\"wpforms-59833\"><form id=\"wpforms-form-59833\" class=\"wpforms-validate wpforms-form wpforms-ajax-form\" data-formid=\"59833\" method=\"post\" enctype=\"multipart\/form-data\" action=\"\/de\/wp-json\/wp\/v2\/pages\/59862\" data-token=\"227026f70b9d006b42d406b1da328079\"><noscript class=\"wpforms-error-noscript\">Bitte aktivieren Sie JavaScript in Ihrem Browser, um dieses Formular fertigzustellen.<\/noscript><div class=\"wpforms-field-container\"><div id=\"wpforms-59833-field_16-container\" class=\"wpforms-field wpforms-field-checkbox wpforms-conditional-trigger\" data-field-id=\"16\"><label class=\"wpforms-field-label\" for=\"wpforms-59833-field_16\">Ich \/ Wir habe(n) Interesse an: <\/label><ul id=\"wpforms-59833-field_16\"><li class=\"choice-1 depth-1\"><input type=\"checkbox\" id=\"wpforms-59833-field_16_1\" name=\"wpforms[fields][16][]\" value=\"allgemeinen Informationen zu digitalen Kirchenorgeln\"  ><label class=\"wpforms-field-label-inline\" for=\"wpforms-59833-field_16_1\">allgemeinen Informationen zu digitalen Kirchenorgeln<\/label><\/li><li class=\"choice-3 depth-1 wpforms-selected\"><input type=\"checkbox\" id=\"wpforms-59833-field_16_3\" name=\"wpforms[fields][16][]\" value=\"einem konkreten Angebot \"   checked='checked'><label class=\"wpforms-field-label-inline\" for=\"wpforms-59833-field_16_3\">einem konkreten Angebot <\/label><\/li><li class=\"choice-4 depth-1\"><input type=\"checkbox\" id=\"wpforms-59833-field_16_4\" name=\"wpforms[fields][16][]\" value=\"einem Beratungsgespr\u00e4ch\"  ><label class=\"wpforms-field-label-inline\" for=\"wpforms-59833-field_16_4\">einem Beratungsgespr\u00e4ch<\/label><\/li><li class=\"choice-2 depth-1\"><input type=\"checkbox\" id=\"wpforms-59833-field_16_2\" name=\"wpforms[fields][16][]\" value=\"einer Gloria CD mit Orgelmusik \"  ><label class=\"wpforms-field-label-inline\" for=\"wpforms-59833-field_16_2\">einer Gloria CD mit Orgelmusik <\/label><\/li><\/ul><\/div><div id=\"wpforms-59833-field_28-container\" class=\"wpforms-field wpforms-field-checkbox wpforms-list-inline wpforms-conditional-trigger\" data-field-id=\"28\"><label class=\"wpforms-field-label\" for=\"wpforms-59833-field_28\">Kontaktieren SIe mich bitte: <span class=\"wpforms-required-label\">*<\/span><\/label><ul id=\"wpforms-59833-field_28\" class=\"wpforms-field-required\"><li class=\"choice-1 depth-1 wpforms-selected\"><input type=\"checkbox\" id=\"wpforms-59833-field_28_1\" name=\"wpforms[fields][28][]\" value=\"per E-Mail\" required  checked='checked'><label class=\"wpforms-field-label-inline\" for=\"wpforms-59833-field_28_1\">per E-Mail<\/label><\/li><li class=\"choice-2 depth-1\"><input type=\"checkbox\" id=\"wpforms-59833-field_28_2\" name=\"wpforms[fields][28][]\" value=\"per Post\" required ><label class=\"wpforms-field-label-inline\" for=\"wpforms-59833-field_28_2\">per Post<\/label><\/li><li class=\"choice-3 depth-1\"><input type=\"checkbox\" id=\"wpforms-59833-field_28_3\" name=\"wpforms[fields][28][]\" value=\"per Telefon\" required ><label class=\"wpforms-field-label-inline\" for=\"wpforms-59833-field_28_3\">per Telefon<\/label><\/li><\/ul><\/div><div id=\"wpforms-59833-field_15-container\" class=\"wpforms-field wpforms-field-radio wpforms-conditional-field wpforms-conditional-show wpforms-conditional-trigger\" data-field-id=\"15\" style=\"display:none;\"><label class=\"wpforms-field-label\" for=\"wpforms-59833-field_15\">Ich \/ Wir suche(n) eine Orgel: <span class=\"wpforms-required-label\">*<\/span><\/label><ul id=\"wpforms-59833-field_15\" class=\"wpforms-field-required\"><li class=\"choice-1 depth-1 wpforms-selected\"><input type=\"radio\" id=\"wpforms-59833-field_15_1\" name=\"wpforms[fields][15]\" value=\"als \u00dcbe-Instrument \/ Privat\" required  checked='checked'><label class=\"wpforms-field-label-inline\" for=\"wpforms-59833-field_15_1\">als \u00dcbe-Instrument \/ Privat<\/label><\/li><li class=\"choice-2 depth-1\"><input type=\"radio\" id=\"wpforms-59833-field_15_2\" name=\"wpforms[fields][15]\" value=\"f\u00fcr unsere Kirche\" required ><label class=\"wpforms-field-label-inline\" for=\"wpforms-59833-field_15_2\">f\u00fcr unsere Kirche<\/label><\/li><li class=\"choice-3 depth-1\"><input type=\"radio\" id=\"wpforms-59833-field_15_3\" name=\"wpforms[fields][15]\" value=\"f\u00fcr unser Seniorenheim \/ Krankenhaus\" required ><label class=\"wpforms-field-label-inline\" for=\"wpforms-59833-field_15_3\">f\u00fcr unser Seniorenheim \/ Krankenhaus<\/label><\/li><li class=\"choice-4 depth-1\"><input type=\"radio\" id=\"wpforms-59833-field_15_4\" name=\"wpforms[fields][15]\" value=\"f\u00fcr unsere Friedhofskapelle\" required ><label class=\"wpforms-field-label-inline\" for=\"wpforms-59833-field_15_4\">f\u00fcr unsere Friedhofskapelle<\/label><\/li><li class=\"choice-5 depth-1\"><input type=\"radio\" id=\"wpforms-59833-field_15_5\" name=\"wpforms[fields][15]\" value=\"nur allgemeine Informationen\" required ><label class=\"wpforms-field-label-inline\" for=\"wpforms-59833-field_15_5\">nur allgemeine Informationen<\/label><\/li><\/ul><\/div><div id=\"wpforms-59833-field_4-container\" class=\"wpforms-field wpforms-field-name wpforms-conditional-field wpforms-conditional-show\" data-field-id=\"4\" style=\"display:none;\"><label class=\"wpforms-field-label\" for=\"wpforms-59833-field_4\">Organisation<\/label><input type=\"text\" id=\"wpforms-59833-field_4\" class=\"wpforms-field-medium\" name=\"wpforms[fields][4]\" placeholder=\"z.B. Name der Gemeinde \/ Name der Einrichtung\" ><\/div><div id=\"wpforms-59833-field_5-container\" class=\"wpforms-field wpforms-field-name\" data-field-id=\"5\"><label class=\"wpforms-field-label\" for=\"wpforms-59833-field_5\">Ansprechpartner <span class=\"wpforms-required-label\">*<\/span><\/label><div class=\"wpforms-field-row wpforms-field-medium\"><div class=\"wpforms-field-row-block wpforms-first wpforms-one-half\"><input type=\"text\" id=\"wpforms-59833-field_5\" class=\"wpforms-field-name-first wpforms-field-required\" name=\"wpforms[fields][5][first]\" placeholder=\"Vorname\" required><label for=\"wpforms-59833-field_5\" class=\"wpforms-field-sublabel after wpforms-sublabel-hide\">Vorname<\/label><\/div><div class=\"wpforms-field-row-block wpforms-one-half\"><input type=\"text\" id=\"wpforms-59833-field_5-last\" class=\"wpforms-field-name-last wpforms-field-required\" name=\"wpforms[fields][5][last]\" placeholder=\"Nachname\" required><label for=\"wpforms-59833-field_5-last\" class=\"wpforms-field-sublabel after wpforms-sublabel-hide\">Nachname<\/label><\/div><\/div><\/div><div id=\"wpforms-59833-field_27-container\" class=\"wpforms-field wpforms-field-text wpforms-conditional-field wpforms-conditional-show\" data-field-id=\"27\" style=\"display:none;\"><label class=\"wpforms-field-label\" for=\"wpforms-59833-field_27\">Adresse<\/label><input type=\"text\" id=\"wpforms-59833-field_27\" class=\"wpforms-field-medium\" name=\"wpforms[fields][27]\" placeholder=\"Stra\u00dfe Hausnummer\" ><\/div><div id=\"wpforms-59833-field_29-container\" class=\"wpforms-field wpforms-field-text wpforms-conditional-field wpforms-conditional-show\" data-field-id=\"29\" style=\"display:none;\"><label class=\"wpforms-field-label\" for=\"wpforms-59833-field_29\">Adresse <span class=\"wpforms-required-label\">*<\/span><\/label><input type=\"text\" id=\"wpforms-59833-field_29\" class=\"wpforms-field-medium wpforms-field-required\" name=\"wpforms[fields][29]\" placeholder=\"Stra\u00dfe Hausnummer\" required><\/div><div id=\"wpforms-59833-field_7-container\" class=\"wpforms-field wpforms-field-text\" data-field-id=\"7\"><label class=\"wpforms-field-label\" for=\"wpforms-59833-field_7\"> Postleitzahl <span class=\"wpforms-required-label\">*<\/span><\/label><input type=\"text\" id=\"wpforms-59833-field_7\" class=\"wpforms-field-small wpforms-field-required\" name=\"wpforms[fields][7]\" placeholder=\"Postleitzahl\" required><\/div><div id=\"wpforms-59833-field_12-container\" class=\"wpforms-field wpforms-field-text\" data-field-id=\"12\"><label class=\"wpforms-field-label\" for=\"wpforms-59833-field_12\">Ort<\/label><input type=\"text\" id=\"wpforms-59833-field_12\" class=\"wpforms-field-small\" name=\"wpforms[fields][12]\" placeholder=\"Ort\" ><\/div><div id=\"wpforms-59833-field_13-container\" class=\"wpforms-field wpforms-field-select wpforms-field-select-style-classic\" data-field-id=\"13\"><label class=\"wpforms-field-label\" for=\"wpforms-59833-field_13\">Land<\/label><select id=\"wpforms-59833-field_13\" class=\"wpforms-field-medium\" name=\"wpforms[fields][13]\"><option value=\"\" class=\"placeholder\" disabled  selected='selected'>Land<\/option><option value=\"Deutschland\" >Deutschland<\/option><option value=\"\u00d6sterreich\" >\u00d6sterreich<\/option><option value=\"Schweiz\" >Schweiz<\/option><option value=\"D\u00e4nemark\" >D\u00e4nemark<\/option><option value=\"Niederlande\" >Niederlande<\/option><option value=\"Belgien\" >Belgien<\/option><option value=\"Frankreich\" >Frankreich<\/option><option value=\"Italien\" >Italien<\/option><option value=\"Polen\" >Polen<\/option><option value=\"Sonstige\" >Sonstige<\/option><\/select><\/div><div id=\"wpforms-59833-field_19-container\" class=\"wpforms-field wpforms-field-email\" data-field-id=\"19\"><label class=\"wpforms-field-label\" for=\"wpforms-59833-field_19\">E-Mail <span class=\"wpforms-required-label\">*<\/span><\/label><input type=\"email\" id=\"wpforms-59833-field_19\" class=\"wpforms-field-small wpforms-field-required\" name=\"wpforms[fields][19]\" required><\/div><div id=\"wpforms-59833-field_30-container\" class=\"wpforms-field wpforms-field-phone wpforms-conditional-field wpforms-conditional-show\" data-field-id=\"30\" style=\"display:none;\"><label class=\"wpforms-field-label\" for=\"wpforms-59833-field_30\">Telefon <span class=\"wpforms-required-label\">*<\/span><\/label><input type=\"tel\" id=\"wpforms-59833-field_30\" class=\"wpforms-field-medium wpforms-field-required\" data-rule-int-phone-field=\"true\" name=\"wpforms[fields][30]\" required><\/div><div id=\"wpforms-59833-field_31-container\" class=\"wpforms-field wpforms-field-phone wpforms-conditional-field wpforms-conditional-show\" data-field-id=\"31\" style=\"display:none;\"><label class=\"wpforms-field-label\" for=\"wpforms-59833-field_31\">Telefon<\/label><input type=\"tel\" id=\"wpforms-59833-field_31\" class=\"wpforms-field-medium\" data-rule-int-phone-field=\"true\" name=\"wpforms[fields][31]\" ><\/div><div id=\"wpforms-59833-field_11-container\" class=\"wpforms-field wpforms-field-select wpforms-conditional-field wpforms-conditional-show wpforms-field-select-style-modern\" data-field-id=\"11\" style=\"display:none;\"><label class=\"wpforms-field-label\" for=\"wpforms-59833-field_11\">eingeplantes Budget  <span class=\"wpforms-required-label\">*<\/span><\/label><select id=\"wpforms-59833-field_11\" class=\"wpforms-field-medium wpforms-field-required choicesjs-select\" data-size-class=\"wpforms-field-row wpforms-field-medium\" data-search-enabled=\"\" name=\"wpforms[fields][11]\" required=\"required\"><option value=\"\" class=\"placeholder\" disabled  selected='selected'>keine Angabe<\/option><option value=\"keine Angabe\" >keine Angabe<\/option><option value=\"bis 6.000,- Euro \" >bis 6.000,- Euro <\/option><option value=\"6.000,- Euro bis 15.000,- Euro \" >6.000,- Euro bis 15.000,- Euro <\/option><option value=\"15.000,- Euro oder mehr\" >15.000,- Euro oder mehr<\/option><\/select><\/div><div id=\"wpforms-59833-field_10-container\" class=\"wpforms-field wpforms-field-radio wpforms-conditional-field wpforms-conditional-show\" data-field-id=\"10\" style=\"display:none;\"><label class=\"wpforms-field-label\" for=\"wpforms-59833-field_10\">Art der Orgel <\/label><ul id=\"wpforms-59833-field_10\"><li class=\"choice-1 depth-1\"><input type=\"radio\" id=\"wpforms-59833-field_10_1\" name=\"wpforms[fields][10]\" value=\"2 Manuale\"  ><label class=\"wpforms-field-label-inline\" for=\"wpforms-59833-field_10_1\">2 Manuale<\/label><\/li><li class=\"choice-2 depth-1\"><input type=\"radio\" id=\"wpforms-59833-field_10_2\" name=\"wpforms[fields][10]\" value=\"3 Manuale\"  ><label class=\"wpforms-field-label-inline\" for=\"wpforms-59833-field_10_2\">3 Manuale<\/label><\/li><\/ul><\/div><div id=\"wpforms-59833-field_18-container\" class=\"wpforms-field wpforms-field-select wpforms-conditional-field wpforms-conditional-show wpforms-field-select-style-classic\" data-field-id=\"18\" style=\"display:none;\"><label class=\"wpforms-field-label\" for=\"wpforms-59833-field_18\">Anzahl Sitzpl\u00e4tze<\/label><select id=\"wpforms-59833-field_18\" class=\"wpforms-field-medium\" name=\"wpforms[fields][18]\"><option value=\"0 - 100\" >0 - 100<\/option><option value=\"100 - 250\" >100 - 250<\/option><option value=\"250 und mehr\" >250 und mehr<\/option><\/select><\/div><div id=\"wpforms-59833-field_33-container\" class=\"wpforms-field wpforms-field-textarea\" data-field-id=\"33\"><label class=\"wpforms-field-label\" for=\"wpforms-59833-field_33\">Ihre Anfrage \/ Nachricht<\/label><textarea id=\"wpforms-59833-field_33\" class=\"wpforms-field-medium\" name=\"wpforms[fields][33]\" ><\/textarea><\/div><div id=\"wpforms-59833-field_25-container\" class=\"wpforms-field wpforms-field-checkbox\" data-field-id=\"25\"><label class=\"wpforms-field-label\" for=\"wpforms-59833-field_25\">Bitte nehmen Sie mich in den Newsletter auf<\/label><ul id=\"wpforms-59833-field_25\"><li class=\"choice-1 depth-1\"><input type=\"checkbox\" id=\"wpforms-59833-field_25_1\" name=\"wpforms[fields][25][]\" value=\"Newsletter*\"  ><label class=\"wpforms-field-label-inline\" for=\"wpforms-59833-field_25_1\">Newsletter*<\/label><\/li><\/ul><div class=\"wpforms-field-description\">*Durch Angabe meiner E-Mail-Adresse und Anklicken der Newsletters Checkbox erkl\u00e4re ich mich damit einverstanden, dass G. Kisselbach Kirchenorgeln mir regelm\u00e4\u00dfig Informationen zu folgendem Produktsortiment per E-Mail zuschickt: Sakralorgeln, Sakralkeyboards und Zubeh\u00f6r. Meine Einwilligung kann ich jederzeit gegen\u00fcber G. Kisselbach Kirchenorgeln widerrufen<\/div><\/div><div id=\"wpforms-59833-field_20-container\" class=\"wpforms-field wpforms-field-checkbox\" data-field-id=\"20\"><label class=\"wpforms-field-label\" for=\"wpforms-59833-field_20\">Datenschutzerkl\u00e4rung <span class=\"wpforms-required-label\">*<\/span><\/label><ul id=\"wpforms-59833-field_20\" class=\"wpforms-field-required\"><li class=\"choice-1 depth-1\"><input type=\"checkbox\" id=\"wpforms-59833-field_20_1\" name=\"wpforms[fields][20][]\" value=\"ich habe die Datenschutzbestimmung gelesen und akzeptiert\" required ><label class=\"wpforms-field-label-inline\" for=\"wpforms-59833-field_20_1\">ich habe die Datenschutzbestimmung gelesen und akzeptiert<\/label><\/li><\/ul><div class=\"wpforms-field-description\">Hier finden Sie unsere<a href=\"https:\/\/kisselbach.de\/de\/datenschutz\/\" target=\"_blank\"> Datenschutzerkl\u00e4rung <\/a><\/div><\/div><div id=\"wpforms-59833-field_34-container\" class=\"wpforms-field wpforms-field-captcha\" data-field-id=\"34\"><label class=\"wpforms-field-label\" for=\"wpforms-59833-field_34\">Bitte berchnen Sie folgende Aufgabe: (Captcha -Spamschutz)  <span class=\"wpforms-required-label\">*<\/span><\/label>\n\t\t\t<p class=\"wpforms-captcha-question\">3+3<\/p>\n\n\t\t\t<input type=\"text\" id=\"wpforms-59833-field_34\" class=\"wpforms-field-medium wpforms-field-required a\" data-rule-wpf-captcha=\"qa\" data-a=\"6\" name=\"wpforms[fields][34][a]\" required>\n\t\t\t<input type=\"hidden\" name=\"wpforms[fields][34][q]\" value=\"2\">\n\n\t\t\t<\/div><\/div><div class=\"wpforms-submit-container\"><input type=\"hidden\" name=\"wpforms[id]\" value=\"59833\"><input type=\"hidden\" name=\"wpforms[author]\" value=\"1\"><button type=\"submit\" name=\"wpforms[submit]\" id=\"wpforms-submit-59833\" class=\"wpforms-submit\" data-alt-text=\"Senden\u2026\" data-submit-text=\"Absenden\" aria-live=\"assertive\" value=\"wpforms-submit\">Absenden<\/button><img src=\"https:\/\/kisselbach.de\/de\/wp-content\/plugins\/wpforms\/assets\/images\/submit-spin.svg\" class=\"wpforms-submit-spinner\" style=\"display: none;\" width=\"26\" height=\"26\" alt=\"Wird geladen\"><\/div><\/form><\/div>  <!-- .wpforms-container -->","protected":false},"excerpt":{"rendered":"<p>&nbsp;<\/p>\n","protected":false},"author":1,"featured_media":0,"parent":0,"menu_order":0,"comment_status":"closed","ping_status":"closed","template":"","meta":{"om_disable_all_campaigns":false,"_monsterinsights_skip_tracking":false,"_monsterinsights_sitenote_active":false,"_monsterinsights_sitenote_note":"","_monsterinsights_sitenote_category":0},"acf":[],"aioseo_notices":[],"_links":{"self":[{"href":"https:\/\/kisselbach.de\/de\/wp-json\/wp\/v2\/pages\/59862"}],"collection":[{"href":"https:\/\/kisselbach.de\/de\/wp-json\/wp\/v2\/pages"}],"about":[{"href":"https:\/\/kisselbach.de\/de\/wp-json\/wp\/v2\/types\/page"}],"author":[{"embeddable":true,"href":"https:\/\/kisselbach.de\/de\/wp-json\/wp\/v2\/users\/1"}],"replies":[{"embeddable":true,"href":"https:\/\/kisselbach.de\/de\/wp-json\/wp\/v2\/comments?post=59862"}],"version-history":[{"count":2,"href":"https:\/\/kisselbach.de\/de\/wp-json\/wp\/v2\/pages\/59862\/revisions"}],"predecessor-version":[{"id":59881,"href":"https:\/\/kisselbach.de\/de\/wp-json\/wp\/v2\/pages\/59862\/revisions\/59881"}],"wp:attachment":[{"href":"https:\/\/kisselbach.de\/de\/wp-json\/wp\/v2\/media?parent=59862"}],"curies":[{"name":"wp","href":"https:\/\/api.w.org\/{rel}","templated":true}]}}