{"id":47754,"date":"2019-11-13T13:55:51","date_gmt":"2019-11-13T12:55:51","guid":{"rendered":"https:\/\/kisselbach.de\/de\/?page_id=47754"},"modified":"2019-11-28T10:55:27","modified_gmt":"2019-11-28T09:55:27","slug":"kirchenorgel","status":"publish","type":"page","link":"https:\/\/kisselbach.de\/de\/kirchenorgel\/","title":{"rendered":"Kirchenorgel"},"content":{"rendered":"\r\n<p><strong>Die Klassiker der Musikgeschichte Kirchenorgeln f\u00fcr den sakralen Raum<\/strong>\r\n\r\n<br><br>\r\n\r\nTraditionelle Kirchenorgeln bilden einen beeindruckenden tonalen Umfang ab und deshalb sind Kirchenorgeln f\u00fcr feierliche Gottesdienste heute genauso unverzichtbar wie fr\u00fcher. Ob in Kathedralen oder kleineren Gottesh\u00e4usern: Orgelmusik und geistliche Lieder sind ein wesentlicher Bestandteil des liturgischen Zeremoniells.\r\n<br><br>\r\nDie Kirchenorgel (von altgriechisch \u00f3rganon \u201eWerkzeug\u201c, \u201eInstrument\u201c) ist ein Tasteninstrument, bei dem Pfeifen als Tonerzeuger durch Wind zum Klingen gebracht werden. Die Hauptteile der Kirchenorgel sind das Pfeifenwerk mit dem Windladen, die Windversorgung, die Traktur und der Spieltisch.<br>\r\nDas Pfeifenwerk gliedert sich in einzelne Register. Darunter versteht man eine Reihe von Pfeifen, die sich durch gleichen Klangcharakter auszeichnen. Jedes Register kann an- oder abgeschaltet werden.<br>\r\nDer Organist kann von einem Spieltisch \u00fcber Pedale und Tastatur einzelne Pfeifenreihen verschiedener Tonh\u00f6he und Klangfarben bedienen und somit verschiedene Klangfarben erzeugen. Je nach Orgeltyp wird der Tastendruck mechanisch, pneumatisch oder elektrisch zu den Ventilen unter dem Pfeifenwerk geleitet. Klassische Sakralorgeln werden deshalb im Gegensatz zu elektronischen Orgeln auch als Pfeifenorgeln bezeichnet.<br>\r\nAufgrund ihrer Gr\u00f6\u00dfe und ihrer konstruktiven und akustischen Abstimmung ist die klassische Kirchenorgel an den Aufstellungsraum gebunden. Oft ist die Aufstellung auch durch bauliche Gegebenheiten vorgegeben. Der Orgelbauer hat also die komplexe Aufgabe, das Instrument akustisch, optisch und funktional m\u00f6glichst optimal aufzustellen: Idealerweise sollte der Klang der Kirchenorgel in jedem Punkt des Raumes ausgeglichen und transparent sein und der Nachhall sollte das Klangbild nicht zu sehr verschleiern.\r\n<\/p>\r\n\r\n<h2>Infos \u00fcber weitere Orgeln neben der Kirchenorgel<\/h2>\r\n<ul>\r\n\t<li><a href=\"https:\/\/kisselbach.de\/de\/kirchenorgel\/\" title=\"Kirchenorgel\">Kirchenorgel<\/a><\/li>\r\n<li><a href=\"https:\/\/kisselbach.de\/de\/digitale-kirchenorgel\/\" title=\"Digitale Kirchenorgel\">Digitale Kirchenorgel<\/a><\/li>\r\n<li><a href=\"https:\/\/kisselbach.de\/de\/computerorgel\/\" title=\"Computerorgel\">Computerorgel<\/a><\/li>\r\n<li><a href=\"https:\/\/kisselbach.de\/de\/friedhofsorgel\/\" title=\"Friedhofsorgel\">Friedhofsorgel<\/a><\/li>\r\n<li><a href=\"https:\/\/kisselbach.de\/de\/hausorgel\/\" title=\" Hausorgel\">Hausorgel<\/a><\/li>\r\n<li><a href=\"https:\/\/kisselbach.de\/de\/orgel-hauskapelle\/\" title=\"Orgel f\u00fcr Hauskapelle\">Orgel f\u00fcr Hauskapelle<\/a><\/li>\r\n<li><a href=\"https:\/\/kisselbach.de\/de\/orgel-krankenhauskapelle\/\" title=\"Orgel f\u00fcr Krankenhauskapelle\">Orgel f\u00fcr Krankenhauskapelle<\/a><\/li>\r\n<li><a href=\"https:\/\/kisselbach.de\/de\/orgel-kapelle\/\" title=\"Orgel f\u00fcr Kapelle\">Orgel f\u00fcr Kapelle<\/a><\/li>\r\n\r\n<li><a href=\"https:\/\/kisselbach.de\/de\/orgel-friedhofskapelle\/\" title=\"Orgel f\u00fcr Friedhofskapelle\">Orgel f\u00fcr Friedhofskapelle<\/a><\/li>\r\n<\/ul>\r\n\r\n<h3>Geschichte der Kirchenorgeln<\/h3>\r\n<p>\r\nOrgeln sind seit der Antike bekannt und haben sich besonders im Barock und zur Zeit der Romantik zu ihrer heutigen Form entwickelt. Die fr\u00fchesten bekannten Vorl\u00e4ufer der heutigen Kirchenorgel sind die Hydraulis des Ktesibios aus dem 3. vorchristlichen Jahrhundert, in Westeuropa wird die Orgel als Instrument erstmals 757 n. Chr. als Geschenk des byzantinischen Kaisers an einen Frankenherrscher erw\u00e4hnt, gefolgt von einem  Orgelwerk mit 400 Pfeifen in der Kathedrale von Winchester aus dem Jahr 951. Positiv, Portativ und Regal waren die Kleinformen der Orgel etwa vom 11. Jahrhundert an, die zun\u00e4chst f\u00fcr weltliche Musik verwendet wurden. Im 14. Jahrhundert kam das Pedal hinzu und im 16. Jh. waren die heute bekannten Pfeifenarten entwickelt.\r\nBesonders im Barock erlebte die Kirchenorgel eine regelrechte Bl\u00fcte. Untrennbar mit der Kirchenorgel verbunden sind Organisten wie Johann Sebastian Bach oder  Dietrich Buxtehude, die mit zahlreichen Kompositionen die Orgelmusik gef\u00f6rdert haben. Sie nutzten die die Klangvielfalt und Majest\u00e4t der Sakralorgel f\u00fcr geistliche Werke, die in den Gottesdienst eingebettet waren und f\u00fcr Auff\u00fchrungen zu Festtagen.<br>\r\nMit der Zunahme der Kompositionen f\u00fcr die Kirchenorgeln gingen im Barock gro\u00dfe Fortschritte im Orgelbau einher: Die Mechanik der Orgeln wurde immer mehr verfeinert, die Orgelwerke wuchsen und es wurde m\u00f6glich, immer gr\u00f6\u00dfere Instrumente zu bauen.<br>\r\nIn der Neuzeit schlie\u00dflich wurde die Orgel auch au\u00dferhalb der Kirchen zum beliebten Instrument. Die nominell gr\u00f6\u00dfte Orgel der Welt in der Atlantic City Convention Hall, erbaut 1929 bis 1932, besitzt 337 Register und 449 Pfeifenreihen mit insgesamt rund 32000 Pfeifen. Neben Konzerts\u00e4len fand die Orgel im 19. und 20. Jahrhundert auch in den damals neuen Kinos Verwendung. Da die ersten in den Kinos gezeigten Filme noch ohne Ton auskommen mussten, \u00fcbernahm ein Organist die musikalische Untermalung. Durch geschickte Improvisationen versuchte er, die Stimmung des Films aufzugreifen und mithilfe der Orgel umzusetzen.\r\n<\/p>\r\n\r\n<h4 class=\"seo\">Moderne Kirchenorgeln bei der Firma Kisselbach<\/h4>\r\n<p>\r\nDie moderne Elektro- und Computertechnik hat im Verlauf der letzten Jahrzehnte im Bereich der  Spielhilfen und der elektrischen Traktur gro\u00dfe Fortschritte gemacht. Heute k\u00f6nnen Kirchenorgeln mit einem PC verbunden und \u00fcber diesen gesteuert werden. Auch die Verbindung mit externen Synthesizern ist so m\u00f6glich, wodurch sich neue Impulse f\u00fcr Komposition und Improvisation ergeben.\r\nEine weitere Variante ist die digitale Kirchenorgel. Sie findet vor allem als \u00dcbungs- oder Interimsinstrument w\u00e4hrend Umbauten Verwendung, eignet sich aber gleicherma\u00dfen auch f\u00fcr Kapellen oder kleinere Kirchen. Die laufenden Verbesserungen der Klang- und Reproduktionsqualit\u00e4t machen digitale Sakralorgeln zunehmend auch zu einer Alternative f\u00fcr gr\u00f6\u00dfere Kirchen und Konzerts\u00e4le, weil sie sich klanglich den klassischen Pfeifenorgeln immer mehr angen\u00e4hert haben.<br>\r\nWeitere Vorteile sind die erleichterte klangliche Steuerung durch verschiedene Softwares und austauschbare Register, die Unempfindlichkeit gegen\u00fcber schwankenden Temperaturen, geringerer Materialbedarf und geringere Wartungskosten.\r\n<br><br>\r\nKisselbach bietet Ihnen modernste elektronische und digitale Kirchenorgeln, deren Klang in Kirche oder Konzerts\u00e4len \u00fcberzeugt. Qualitativ hochwertige Sakralorgeln f\u00fcr kleine Kirchen und Kapellen, die auch als \u00dcbungsinstrumente verwendet werden k\u00f6nnen. Die wundervolle Klangqualit\u00e4t wird Sie begeistern.\r\n<\/p>\r\n<p>\r\n<strong>Bei uns finden Sie unter anderem die Testsieger f\u00fcr Kirchenorgeln und k\u00f6nnen diese auch direkt online bestellen.<\/strong>\r\n<\/p>\r\n","protected":false},"excerpt":{"rendered":"<p>Die Klassiker der Musikgeschichte Kirchenorgeln f\u00fcr den sakralen Raum Traditionelle Kirchenorgeln bilden einen beeindruckenden tonalen Umfang ab und deshalb sind Kirchenorgeln f\u00fcr feierliche Gottesdienste heute genauso unverzichtbar wie fr\u00fcher. Ob in Kathedralen oder kleineren Gottesh\u00e4usern: Orgelmusik und geistliche Lieder sind ein wesentlicher Bestandteil des liturgischen Zeremoniells. Die Kirchenorgel (von altgriechisch \u00f3rganon \u201eWerkzeug\u201c, \u201eInstrument\u201c) ist ein<\/p>\n","protected":false},"author":5,"featured_media":0,"parent":0,"menu_order":0,"comment_status":"closed","ping_status":"closed","template":"","meta":{"om_disable_all_campaigns":false,"_monsterinsights_skip_tracking":false,"_monsterinsights_sitenote_active":false,"_monsterinsights_sitenote_note":"","_monsterinsights_sitenote_category":0},"acf":[],"aioseo_notices":[],"_links":{"self":[{"href":"https:\/\/kisselbach.de\/de\/wp-json\/wp\/v2\/pages\/47754"}],"collection":[{"href":"https:\/\/kisselbach.de\/de\/wp-json\/wp\/v2\/pages"}],"about":[{"href":"https:\/\/kisselbach.de\/de\/wp-json\/wp\/v2\/types\/page"}],"author":[{"embeddable":true,"href":"https:\/\/kisselbach.de\/de\/wp-json\/wp\/v2\/users\/5"}],"replies":[{"embeddable":true,"href":"https:\/\/kisselbach.de\/de\/wp-json\/wp\/v2\/comments?post=47754"}],"version-history":[{"count":0,"href":"https:\/\/kisselbach.de\/de\/wp-json\/wp\/v2\/pages\/47754\/revisions"}],"wp:attachment":[{"href":"https:\/\/kisselbach.de\/de\/wp-json\/wp\/v2\/media?parent=47754"}],"curies":[{"name":"wp","href":"https:\/\/api.w.org\/{rel}","templated":true}]}}