{"id":47748,"date":"2019-11-13T13:46:27","date_gmt":"2019-11-13T12:46:27","guid":{"rendered":"https:\/\/kisselbach.de\/de\/?page_id=47748"},"modified":"2019-11-28T10:57:55","modified_gmt":"2019-11-28T09:57:55","slug":"orgel-hauskapelle","status":"publish","type":"page","link":"https:\/\/kisselbach.de\/de\/orgel-hauskapelle\/","title":{"rendered":"Orgel f\u00fcr Hauskapelle"},"content":{"rendered":"\r\n<p>F\u00fcr den Einsatz in gro\u00dfen Kirchen mag eine Kirchenorgel mit ihrer gro\u00dfartigen Optik und ihrem Klang die beste Wahl sein. F\u00fcr die Verwendung in kleineren Hauskapelle und zu besonderen Anl\u00e4ssen eignet sich eine kompakt gebaute Orgel wesentlich besser; eine Orgel f\u00fcr Hauskapelle \u00fcberzeugt trotz geringerer Abmessungen mit ihren\r\nKlangm\u00f6glichkeiten. Eine Orgel f\u00fcr Hauskapelle klingt wie eine gro\u00dfe Kirchenorgel und f\u00fchlt sich auch so an. Akustik und Fl\u00e4chenlast kleiner R\u00e4ume werden ebenso ber\u00fccksichtigt, wie es m\u00f6glich ist, mehrere Stunden ohne Erm\u00fcdungserscheinungen an einer Orgeln f\u00fcr Hauskapelle zu spielen.<br>\r\nOrgeln f\u00fcr Hauskapelle vereinigen vorz\u00fcglichen Klang mit erweiterter Klangauswahl, neuen Funktionen, einer verbesserten Bedienoberfl\u00e4che und digitaler Klangtechnik mit geringen Abmessungen \u2013 und diese Vorz\u00fcge machen die Orgeln f\u00fcr Hauskapellen nicht zum Ersatz der Kirchenorgel, sondern zu einem Partner mit erweiterten M\u00f6glichkeiten.\r\n<\/p>\r\n\r\n<h2>Infos \u00fcber weitere Orgeln neben der Orgel f\u00fcr Hauskapellen<\/h2>\r\n<ul>\r\n\t<li><a href=\"https:\/\/kisselbach.de\/de\/kirchenorgel\/\" title=\"Kirchenorgel\">Kirchenorgel<\/a><\/li>\r\n<li><a href=\"https:\/\/kisselbach.de\/de\/digitale-kirchenorgel\/\" title=\"Digitale Kirchenorgel\">Digitale Kirchenorgel<\/a><\/li>\r\n<li><a href=\"https:\/\/kisselbach.de\/de\/computerorgel\/\" title=\"Computerorgel\">Computerorgel<\/a><\/li>\r\n<li><a href=\"https:\/\/kisselbach.de\/de\/friedhofsorgel\/\" title=\"Friedhofsorgel\">Friedhofsorgel<\/a><\/li>\r\n<li><a href=\"https:\/\/kisselbach.de\/de\/hausorgel\/\" title=\" Hausorgel\">Hausorgel<\/a><\/li>\r\n<li><a href=\"https:\/\/kisselbach.de\/de\/orgel-hauskapelle\/\" title=\"Orgel f\u00fcr Hauskapelle\">Orgel f\u00fcr Hauskapelle<\/a><\/li>\r\n<li><a href=\"https:\/\/kisselbach.de\/de\/orgel-krankenhauskapelle\/\" title=\"Orgel f\u00fcr Krankenhauskapelle\">Orgel f\u00fcr Krankenhauskapelle<\/a><\/li>\r\n<li><a href=\"https:\/\/kisselbach.de\/de\/orgel-kapelle\/\" title=\"Orgel f\u00fcr Kapelle\">Orgel f\u00fcr Kapelle<\/a><\/li>\r\n\r\n<li><a href=\"https:\/\/kisselbach.de\/de\/orgel-friedhofskapelle\/\" title=\"Orgel f\u00fcr Friedhofskapelle\">Orgel f\u00fcr Friedhofskapelle<\/a><\/li>\r\n<\/ul>\r\n\r\n<h3>Eine komplette Orgel f\u00fcr Hauskapelle<\/h3>\r\n<p>\r\nOrgeln f\u00fcr Hauskapelle entsprechen in Qualit\u00e4t und M\u00f6glichkeiten gr\u00f6\u00dferen Kirchenorgeln sind aber kompakter gebaut. Auch bei diesen Orgeln haben Sie die vier Klangwelten Barock, Classic, Romantic und Symphonic zur Auswahl, jede mit ihrer eigenen und charakteristischen Disposition. Dies erm\u00f6glicht der Hauskapelleorgel einen h\u00f6chst detaillierten und differenzierten Klang mit einem konkurrenzlosen Eindruck von R\u00e4umlichkeit. Eichenholzteile geben dem Instrument eine hochwertige Erscheinung. Durch die Wahlm\u00f6glichkeit zwischen einer internen oder externen Klangabstrahlung sind diese Orgeln f\u00fcr Hauskapellen flexibler als jede andere Orgel.<br>\r\nStandardm\u00e4\u00dfig verf\u00fcgt Sie \u00fcber interne Lautsprecher. In der Ausf\u00fchrung ohne interne Klangabstrahlung, aber mit unserem externen Audiosystem, wird der Klang des Instruments nochmals erheblich verbessert. Dies ist besonders von Vorteil, wenn das Instrument in einem gr\u00f6\u00dferen Raum oder in einer Kapelle installiert wird.\r\n<\/p>\r\n<p>\r\nAlle diese Vorz\u00fcge machen die Orgeln f\u00fcr Hauskapellen zu idealen Instrumenten in kleineren R\u00e4umen. \r\n<\/p>\r\n<p>\r\n<strong>Bei uns k\u00f6nnen Sie die unter anderem die Testsieger von Orgeln f\u00fcr Hauskapellen direkt online bestellen.<\/strong>\r\n<\/p>\r\n\r\n","protected":false},"excerpt":{"rendered":"<p>F\u00fcr den Einsatz in gro\u00dfen Kirchen mag eine Kirchenorgel mit ihrer gro\u00dfartigen Optik und ihrem Klang die beste Wahl sein. F\u00fcr die Verwendung in kleineren Hauskapelle und zu besonderen Anl\u00e4ssen eignet sich eine kompakt gebaute Orgel wesentlich besser; eine Orgel f\u00fcr Hauskapelle \u00fcberzeugt trotz geringerer Abmessungen mit ihren Klangm\u00f6glichkeiten. Eine Orgel f\u00fcr Hauskapelle klingt wie<\/p>\n","protected":false},"author":5,"featured_media":0,"parent":0,"menu_order":0,"comment_status":"closed","ping_status":"closed","template":"","meta":{"om_disable_all_campaigns":false,"_monsterinsights_skip_tracking":false,"_monsterinsights_sitenote_active":false,"_monsterinsights_sitenote_note":"","_monsterinsights_sitenote_category":0},"acf":[],"aioseo_notices":[],"_links":{"self":[{"href":"https:\/\/kisselbach.de\/de\/wp-json\/wp\/v2\/pages\/47748"}],"collection":[{"href":"https:\/\/kisselbach.de\/de\/wp-json\/wp\/v2\/pages"}],"about":[{"href":"https:\/\/kisselbach.de\/de\/wp-json\/wp\/v2\/types\/page"}],"author":[{"embeddable":true,"href":"https:\/\/kisselbach.de\/de\/wp-json\/wp\/v2\/users\/5"}],"replies":[{"embeddable":true,"href":"https:\/\/kisselbach.de\/de\/wp-json\/wp\/v2\/comments?post=47748"}],"version-history":[{"count":0,"href":"https:\/\/kisselbach.de\/de\/wp-json\/wp\/v2\/pages\/47748\/revisions"}],"wp:attachment":[{"href":"https:\/\/kisselbach.de\/de\/wp-json\/wp\/v2\/media?parent=47748"}],"curies":[{"name":"wp","href":"https:\/\/api.w.org\/{rel}","templated":true}]}}