{"id":47742,"date":"2019-11-13T13:36:27","date_gmt":"2019-11-13T12:36:27","guid":{"rendered":"https:\/\/kisselbach.de\/de\/?page_id=47742"},"modified":"2019-11-28T10:56:40","modified_gmt":"2019-11-28T09:56:40","slug":"computerorgel","status":"publish","type":"page","link":"https:\/\/kisselbach.de\/de\/computerorgel\/","title":{"rendered":"Computerorgel"},"content":{"rendered":"\r\n<p>Ausschlaggebend f\u00fcr die Klangqualit\u00e4t einer Orgel ist die optimale Aufstellung: Idealerweise sollte der Klang an jedem Punkt des Raumes ausgeglichen und m\u00f6glichst wenig Nachhall die Qualit\u00e4t beeintr\u00e4chtigen. Eine ideale Aufstellung ist aber oftmals durch bauliche Vorgaben nur begrenzt m\u00f6glich d.h. in kleinen Kirchenr\u00e4umen oder solchen mit besonderen architektonischen Eigenheiten muss die Orgel oft unabh\u00e4ngig von ihrer liturgischen Bedeutung an die Architektur angepasst aufgestellt werden.\r\n<\/p>\r\n<p>\r\nArchitektonische Eigenheiten und die M\u00f6glichkeit, den Klang statt \u00fcber Pfeifen \u00fcber Lautsprecher abzustrahlen, f\u00fchrten zur Entwicklung von Computerorgeln. Die moderne Elektro- und Computertechnik hat im Verlauf der letzten Jahrzehnte im Bereich der Spielhilfen und der elektrischen Traktur gro\u00dfe Fortschritte gemacht. Heute k\u00f6nnen Computerorgeln mit einem PC verbunden und \u00fcber diesen gesteuert werden. Auch die Verbindung mit externen Synthesizern ist so m\u00f6glich, wodurch sich neue Impulse f\u00fcr Komposition und Improvisation ergeben. Moderne Computerorgeln bieten die Wahlm\u00f6glichkeit zwischen barocker, romantischer und sinfonischer Disposition und unterschiedliche Stimmungen wie wohltemperiert oder pythagor\u00e4isch. Mit verschiedenen Nachhallvariationen l\u00e4sst sich mit der Computerorgel in Privatr\u00e4umen auch der Klang des Kirchenraumes simulieren.\r\n<\/p>\r\n\r\n\r\n<h2>Infos \u00fcber weitere Orgeln neben der Computerorgel<\/h2>\r\n<ul>\r\n<li><a title=\"Kirchenorgel\" href=\"https:\/\/kisselbach.de\/de\/kirchenorgel\/\">Kirchenorgel<\/a><\/li>\r\n<li><a title=\"Digitale Kirchenorgel\" href=\"https:\/\/kisselbach.de\/de\/digitale-kirchenorgel\/\">Digitale Kirchenorgel<\/a><\/li>\r\n<li><a title=\"Computerorgel\" href=\"https:\/\/kisselbach.de\/de\/computerorgel\/\">Computerorgel<\/a><\/li>\r\n<li><a title=\"Friedhofsorgel\" href=\"https:\/\/kisselbach.de\/de\/friedhofsorgel\/\">Friedhofsorgel<\/a><\/li>\r\n<li><a title=\" Hausorgel\" href=\"https:\/\/kisselbach.de\/de\/hausorgel\/\">Hausorgel<\/a><\/li>\r\n<li><a title=\"Orgel f\u00fcr Hauskapelle\" href=\"https:\/\/kisselbach.de\/de\/orgel-hauskapelle\/\">Orgel f\u00fcr Hauskapelle<\/a><\/li>\r\n<li><a title=\"Orgel f\u00fcr Krankenhauskapelle\" href=\"https:\/\/kisselbach.de\/de\/orgel-krankenhauskapelle\/\">Orgel f\u00fcr Krankenhauskapelle<\/a><\/li>\r\n<li><a title=\"Orgel f\u00fcr Kapelle\" href=\"https:\/\/kisselbach.de\/de\/orgel-kapelle\/\">Orgel f\u00fcr Kapelle<\/a><\/li>\r\n<li><a title=\"Orgel f\u00fcr Friedhofskapelle\" href=\"https:\/\/kisselbach.de\/de\/orgel-friedhofskapelle\/\">Orgel f\u00fcr Friedhofskapelle<\/a><\/li>\r\n<\/ul>\r\n\r\n<h3>Computerorgeln f\u00fcr den sakralen Raum und f\u00fcr zu Hause<\/h3>\r\n\r\n<p>Spieltisch, Manuale und Pedale sind wie bei Pfeifenorgeln gestaltet. Die Tastaturen simulieren zudem den Druckwiderstand von mechanischen Kirchenorgeln. Die \u00fcberzeugende Klang- und Reproduktionsqualit\u00e4t macht digitale Orgeln auch zunehmend zu einer Alternative f\u00fcr gr\u00f6\u00dfere Kirchen und Konzerts\u00e4le.\r\nModerne Computerorgeln bieten zudem Wahlm\u00f6glichkeiten\r\nWeitere Argumente f\u00fcr die Verbreitung der digitalen Orgel sind der im Vergleich zur Pfeifenorgel wesentlich niedrigere Anschaffungspreis, die Unempfindlichkeit gegen\u00fcber Temperaturschwankungen und Luftfeuchtigkeit und dadurch geringere Wartungskosten.\r\n<\/p>\r\n<p>\r\nKisselbach bietet Ihnen modernste elektronische und digitale Orgeln, deren Klang in Kirche oder Konzerts\u00e4len \u00fcberzeugt. Qualitativ hochwertige Sakralorgeln f\u00fcr kleine Kirchen und Kapellen, die auch als \u00dcbungsinstrumente verwendet werden k\u00f6nnen. Die wundervolle Klangqualit\u00e4t wird Sie begeistern.\r\n<\/p>\r\n<p><strong>Bei uns finden Sie unter anderem die Testsieger f\u00fcr Computerorgeln und k\u00f6nnen diese auch direkt online bestellen.<\/strong><\/p>\r\n","protected":false},"excerpt":{"rendered":"<p>Ausschlaggebend f\u00fcr die Klangqualit\u00e4t einer Orgel ist die optimale Aufstellung: Idealerweise sollte der Klang an jedem Punkt des Raumes ausgeglichen und m\u00f6glichst wenig Nachhall die Qualit\u00e4t beeintr\u00e4chtigen. Eine ideale Aufstellung ist aber oftmals durch bauliche Vorgaben nur begrenzt m\u00f6glich d.h. in kleinen Kirchenr\u00e4umen oder solchen mit besonderen architektonischen Eigenheiten muss die Orgel oft unabh\u00e4ngig von<\/p>\n","protected":false},"author":5,"featured_media":0,"parent":0,"menu_order":0,"comment_status":"closed","ping_status":"closed","template":"","meta":{"om_disable_all_campaigns":false,"_monsterinsights_skip_tracking":false,"_monsterinsights_sitenote_active":false,"_monsterinsights_sitenote_note":"","_monsterinsights_sitenote_category":0},"acf":[],"aioseo_notices":[],"_links":{"self":[{"href":"https:\/\/kisselbach.de\/de\/wp-json\/wp\/v2\/pages\/47742"}],"collection":[{"href":"https:\/\/kisselbach.de\/de\/wp-json\/wp\/v2\/pages"}],"about":[{"href":"https:\/\/kisselbach.de\/de\/wp-json\/wp\/v2\/types\/page"}],"author":[{"embeddable":true,"href":"https:\/\/kisselbach.de\/de\/wp-json\/wp\/v2\/users\/5"}],"replies":[{"embeddable":true,"href":"https:\/\/kisselbach.de\/de\/wp-json\/wp\/v2\/comments?post=47742"}],"version-history":[{"count":1,"href":"https:\/\/kisselbach.de\/de\/wp-json\/wp\/v2\/pages\/47742\/revisions"}],"predecessor-version":[{"id":55050,"href":"https:\/\/kisselbach.de\/de\/wp-json\/wp\/v2\/pages\/47742\/revisions\/55050"}],"wp:attachment":[{"href":"https:\/\/kisselbach.de\/de\/wp-json\/wp\/v2\/media?parent=47742"}],"curies":[{"name":"wp","href":"https:\/\/api.w.org\/{rel}","templated":true}]}}