{"id":39,"date":"2016-09-28T16:26:11","date_gmt":"2016-09-28T14:26:11","guid":{"rendered":"http:\/\/kisselbach.de\/neuwp\/?page_id=39"},"modified":"2022-12-22T13:40:05","modified_gmt":"2022-12-22T12:40:05","slug":"unternehmen","status":"publish","type":"page","link":"https:\/\/kisselbach.de\/de\/unternehmen\/","title":{"rendered":"Unternehmen"},"content":{"rendered":"<p>Bereits seit dem Gr\u00fcndungsjahr 1910 ist das Unternehmen im Besitz der Familie Kisselbach. Unter Leitung von Heinrich Kisselbach entstand eine Fachwerkstatt f\u00fcr mechanische Turmuhren und Glocken.<\/p>\n<p>Im Jahr 1962 \u00fcbernahm G\u00fcnter Kisselbach, gemeinsam mit seiner Frau Elfriede, den Betrieb seines Onkels. Unter seinem intensiven Engagement wuchs das Unternehmen, so dass man bald \u00fcberregional t\u00e4tig wurde.<\/p>\n<p>Im Verlauf der 1960er Jahre entstand mit dem Bau und Vertrieb elektronischer Orgeln ein zweites Standbein der Firma Kisselbach.<\/p>\n<p>1987 trat der heutige Inhaber, Gerd-G\u00fcnter Kisselbach, in den elterlichen Betrieb ein. Mit der Unterst\u00fctzung seiner Eltern konzentrierte sich sein T\u00e4tigkeitsbereich auf die damals noch junge digitale Kirchenorgel. Sein ganzes Bem\u00fchen galt und gilt der permanenten Entwicklung pfeifenloser Orgeln im Dienst der Kirchenmusik.<\/p>\n<p>Im Jahr 2003 \u00fcbernahm Gerd-G\u00fcnter Kisselbach das Unternehmen seiner Eltern, dass er seither gemeinsam mit seiner Frau Britta leitet.<\/p>\n<p>Als Deutschlands gro\u00dfes Kirchenorgelhaus ist G. Kisselbach heute das f\u00fchrende Fachunternehmen f\u00fcr digitale Kirchenorgeln im deutschsprachigen Europa. An den vier Standorten Kassel, Augsburg, K\u00f6ln und Hamburg arbeitet ein motiviertes Team erfahrener Fachleute. Digitalorgeln aus dem Hause Kisselbach findet man weltweit in Kirchen aller Konfessionen, in Kapellen von Krankenh\u00e4usern, Altersheimen und Friedh\u00f6fen sowie im Privatbesitz von zahlreichen Kirchenmusikern und Orgelfreunden.<\/p>\n<p>In 2012 beginnt mit David Kisselbach der erste von drei S\u00f6hnen von Gerd und Britta Kisselbach seinen beruflichen Werdegang in dem Traditionsunternehmen, das nicht nur tagt\u00e4glich in Kirchen t\u00e4tig ist, sondern christliche Werte auch im Umgang mit seinen Kunden, Mitarbeitern und Lieferanten pflegt.<\/p>\n<p>Seit 2020 unterst\u00fctzt Simon Kisselbach, als Werksstudent, das Unternehmen unter Anderem in den Bereichen Marketing und E-Commerce.<\/p>\n","protected":false},"excerpt":{"rendered":"<p>Bereits seit dem Gr\u00fcndungsjahr 1910 ist das Unternehmen im Besitz der Familie Kisselbach. Unter Leitung von Heinrich Kisselbach entstand eine Fachwerkstatt f\u00fcr mechanische Turmuhren und Glocken. Im Jahr 1962 \u00fcbernahm G\u00fcnter Kisselbach, gemeinsam mit seiner Frau Elfriede, den Betrieb seines Onkels. Unter seinem intensiven Engagement wuchs das Unternehmen, so dass man bald \u00fcberregional t\u00e4tig wurde.<\/p>\n","protected":false},"author":1,"featured_media":45046,"parent":0,"menu_order":0,"comment_status":"closed","ping_status":"closed","template":"","meta":{"om_disable_all_campaigns":false,"_monsterinsights_skip_tracking":false,"_monsterinsights_sitenote_active":false,"_monsterinsights_sitenote_note":"","_monsterinsights_sitenote_category":0},"acf":[],"aioseo_notices":[],"_links":{"self":[{"href":"https:\/\/kisselbach.de\/de\/wp-json\/wp\/v2\/pages\/39"}],"collection":[{"href":"https:\/\/kisselbach.de\/de\/wp-json\/wp\/v2\/pages"}],"about":[{"href":"https:\/\/kisselbach.de\/de\/wp-json\/wp\/v2\/types\/page"}],"author":[{"embeddable":true,"href":"https:\/\/kisselbach.de\/de\/wp-json\/wp\/v2\/users\/1"}],"replies":[{"embeddable":true,"href":"https:\/\/kisselbach.de\/de\/wp-json\/wp\/v2\/comments?post=39"}],"version-history":[{"count":5,"href":"https:\/\/kisselbach.de\/de\/wp-json\/wp\/v2\/pages\/39\/revisions"}],"predecessor-version":[{"id":60637,"href":"https:\/\/kisselbach.de\/de\/wp-json\/wp\/v2\/pages\/39\/revisions\/60637"}],"wp:featuredmedia":[{"embeddable":true,"href":"https:\/\/kisselbach.de\/de\/wp-json\/wp\/v2\/media\/45046"}],"wp:attachment":[{"href":"https:\/\/kisselbach.de\/de\/wp-json\/wp\/v2\/media?parent=39"}],"curies":[{"name":"wp","href":"https:\/\/api.w.org\/{rel}","templated":true}]}}