{"id":31,"date":"2016-09-28T16:24:14","date_gmt":"2016-09-28T14:24:14","guid":{"rendered":"http:\/\/kisselbach.de\/neuwp\/?page_id=31"},"modified":"2019-06-07T14:29:01","modified_gmt":"2019-06-07T12:29:01","slug":"silbermann-sample","status":"publish","type":"page","link":"https:\/\/kisselbach.de\/de\/silbermann-sample\/","title":{"rendered":"Silbermann-Sample"},"content":{"rendered":"<h2>Die Klangbibliothek der gro\u00dfen Vorbilder<\/h2>\n<p><img loading=\"lazy\" class=\"alignnone  wp-image-16872\" src=\"https:\/\/kisselbach.de\/de\/wp-content\/uploads\/2016\/12\/logo_gloria-300x174.png\" alt=\"\" width=\"141\" height=\"82\" srcset=\"https:\/\/kisselbach.de\/de\/wp-content\/uploads\/2016\/12\/logo_gloria-300x174.png 300w, https:\/\/kisselbach.de\/de\/wp-content\/uploads\/2016\/12\/logo_gloria-280x162.png 280w, https:\/\/kisselbach.de\/de\/wp-content\/uploads\/2016\/12\/logo_gloria.png 561w\" sizes=\"(max-width: 141px) 100vw, 141px\" \/><\/p>\n<p>Die hohe Klangg\u00fcte ist einer der wichtigsten Gr\u00fcnde, warum sich immer mehr Kirchengemeinden und Organisten f\u00fcr eine digitale Gloria Kirchenorgel entscheiden. Im Jahre 2003 wurde erstmals \u2013 exklusiv von Kisselbach \u2013 die Gottfried Silbermann Orgel in Oederan (Sachsen) mit modernstem Sampling-Verfahren digitalisiert. Dabei wurde Ton f\u00fcr Ton, Register f\u00fcr Register der wertvollen Orgel aufgezeichnet und im Labor gesampelt. Gloria verf\u00fcgt somit \u00fcber eine einzigartige wertvolle Klangvorlage.<\/p>\n<p>Dar\u00fcber hinaus wurde erstmals die exklusive Nutzung der Orgelaufnahmen durch Kisselbach vertraglich geregelt. Gut zu wissen, dass mit dem Kauf einer Gloria Klassik\/Excellent-Orgel ein Teil des Erl\u00f6ses der Kirchengemeinde Oederan f\u00fcr den Erhalt und die Wartung des Originals zukommt.<\/p>\n<p>Desweiteren sind die Gloria Klassik und Excellent-Modelle mit der neuen Samplingbibliothek \u201eSilbermann + 4 \u201c ausgestattet. Da werden sich auch Freunde der romantischen und zeitgen\u00f6ssischen Orgelmusik freuen.<\/p>\n<div class=\"row\" style=\"padding: 0px!important;\">\n<div class=\"col-md-6\">\n<p><img loading=\"lazy\" class=\"alignnone size-full wp-image-32273\" src=\"https:\/\/kisselbach.de\/de\/wp-content\/uploads\/die_oederaner_silbermann-orgel_foto_ca._1890.jpg\" alt=\"\" style=\"width:100%\" width=\"229\" height=\"204\" srcset=\"https:\/\/kisselbach.de\/de\/wp-content\/uploads\/die_oederaner_silbermann-orgel_foto_ca._1890.jpg 229w, https:\/\/kisselbach.de\/de\/wp-content\/uploads\/die_oederaner_silbermann-orgel_foto_ca._1890-210x187.jpg 210w\" sizes=\"(max-width: 229px) 100vw, 229px\" \/><\/p>\n<p style=\"font-size: 15px;\">Die Oederaner Silbermann-Orgel (Foto ca. 1890)<\/p>\n<\/div>\n<div class=\"col-md-6\">\n<p><img loading=\"lazy\" class=\"alignnone size-full wp-image-32275\" src=\"https:\/\/kisselbach.de\/de\/wp-content\/uploads\/spieltisch-silbermann-orgel.jpg\" alt=\"\" style=\"width:100%\" width=\"230\" height=\"161\" srcset=\"https:\/\/kisselbach.de\/de\/wp-content\/uploads\/spieltisch-silbermann-orgel.jpg 230w, https:\/\/kisselbach.de\/de\/wp-content\/uploads\/spieltisch-silbermann-orgel-220x154.jpg 220w\" sizes=\"(max-width: 230px) 100vw, 230px\" \/><\/p>\n<p style=\"font-size: 15px;\">Der Spieltisch der Oederaner Silbermann-Orgel<\/p>\n<\/div>\n<\/div>\n<p>In jeder Gloria Klassik\/Excellent-Kirchenorgel sind neben der Silbermann-Orgel in Oederan zus\u00e4tzlich die Kl\u00e4nge weiterer vier Orgeln wichtiger Epochen hinterlegt. M\u00f6glich wird dies durch die neue umfangreiche Sampling-Bibliothek, die die Gloria-Modelle um romantische und moderne Register erweitert. Die gro\u00dfen Orgelbauer wie Aristide Cavaill\u00e9-Coll und Aeolian Skinner sind ebenso vertreten wie Kl\u00e4nge zeitgen\u00f6ssischer Orgelbaumeister. Der Vorteil: Jedes Silbermann-Register kann jederzeit wahlweise gegen insgesamt vier (+4) andere hochwertiges Register anderer Stilistik  getauscht werden. Damit sind neben den vielf\u00e4ltigen Intonationsm\u00f6glichkeiten auch individuelle Dispositions\u00e4nderungen serienm\u00e4\u00dfig m\u00f6glich. Jede Gloria Klassik\/Excellent-Kirchenorgel kann so ganz individuell auf den pers\u00f6nlichen Geschmack, das eigene Musikrepertoire und die Raumakkustik abgestimmt werden.<br \/>\nDie Gloria Modelle bieten eine vielf\u00e4ltige Auswahl \u2013 ganz nach Ihren Vorstellungen und Anspr\u00fcchen. H\u00f6ren und erleben Sie die Klangwelten der einzigartigen Instrumente in unserer gro\u00dfen Austellung. <span class=\"article_seperator\"> <\/span><\/p>\n<div class=\"row\" style=\"padding: 0px!important;\">\n<div class=\"col-md-6\">\n<img loading=\"lazy\" class=\"alignnone size-medium wp-image-32274\" src=\"https:\/\/kisselbach.de\/de\/wp-content\/uploads\/sampling_silberm.jpg\" alt=\"\" style=\"width:100%\" width=\"230\" height=\"192\" srcset=\"https:\/\/kisselbach.de\/de\/wp-content\/uploads\/sampling_silberm.jpg 230w, https:\/\/kisselbach.de\/de\/wp-content\/uploads\/sampling_silberm-224x187.jpg 224w\" sizes=\"(max-width: 230px) 100vw, 230px\" \/><\/p>\n<p style=\"font-size: 15px;\">Jede Gloria Digitalorgel verf\u00fcgt \u00fcber eine reichhaltige Klangbibliothek mit Samples der wichtigsten Stilepochen, wie hier die Orgeln von Gottfried Silbermann in Oederan und Frankenstein (Abbildung oben).<\/p>\n<\/div>\n<div class=\"col-md-6\">\n<p><img loading=\"lazy\" class=\"alignnone size-full wp-image-32276\" src=\"https:\/\/kisselbach.de\/de\/wp-content\/uploads\/ccoll_osnabr.jpg\" alt=\"\" style=\"width:100%\" width=\"230\" height=\"192\" srcset=\"https:\/\/kisselbach.de\/de\/wp-content\/uploads\/ccoll_osnabr.jpg 230w, https:\/\/kisselbach.de\/de\/wp-content\/uploads\/ccoll_osnabr-224x187.jpg 224w\" sizes=\"(max-width: 230px) 100vw, 230px\" \/><\/p>\n<p style=\"font-size: 15px;\">Zus\u00e4tzlich stehen f\u00fcr  symphonische Literatur Original-Samples verschiedener Orgeln von Aristide Cavaill\u00e9-Coll zur Verf\u00fcgung.<\/p>\n<\/div>\n<\/div>\n<div class=\"row\" style=\"padding: 0px!important;\">\n<div class=\"col-md-6\">\n<p><img loading=\"lazy\" class=\"alignnone size-full wp-image-32277\" src=\"https:\/\/kisselbach.de\/de\/wp-content\/uploads\/skinner.jpg\" alt=\"\" style=\"width:100%\" width=\"230\" height=\"192\" srcset=\"https:\/\/kisselbach.de\/de\/wp-content\/uploads\/skinner.jpg 230w, https:\/\/kisselbach.de\/de\/wp-content\/uploads\/skinner-224x187.jpg 224w\" sizes=\"(max-width: 230px) 100vw, 230px\" \/><\/p>\n<p style=\"font-size: 15px;\">Im Stile der amerikanischen Romantik stehen die Orgeln von Aeolian Skinner, die ebenfalls in der Klangbibliothek abzurufen sind.<\/p>\n<\/div>\n<div class=\"col-md-6\">\n<p><img loading=\"lazy\" class=\"alignnone size-full wp-image-32278\" src=\"https:\/\/kisselbach.de\/de\/wp-content\/uploads\/moderne_orgel_klaviatur.jpg\" alt=\"\" style=\"width:100%\" width=\"230\" height=\"192\" srcset=\"https:\/\/kisselbach.de\/de\/wp-content\/uploads\/moderne_orgel_klaviatur.jpg 230w, https:\/\/kisselbach.de\/de\/wp-content\/uploads\/moderne_orgel_klaviatur-224x187.jpg 224w\" sizes=\"(max-width: 230px) 100vw, 230px\" \/><\/p>\n<p style=\"font-size: 15px;\">Abgerundet wird die Gloria Sampling-Bibliothek durch Kl\u00e4nge zeitgen\u00f6ssischer Orgelbauer, wodurch s\u00e4mtliche Orgelliteratur bis heute darstellbar wird.<\/p>\n<\/div>\n<\/div>\n","protected":false},"excerpt":{"rendered":"<p>Die Klangbibliothek der gro\u00dfen Vorbilder Die hohe Klangg\u00fcte ist einer der wichtigsten Gr\u00fcnde, warum sich immer mehr Kirchengemeinden und Organisten f\u00fcr eine digitale Gloria Kirchenorgel entscheiden. Im Jahre 2003 wurde erstmals \u2013 exklusiv von Kisselbach \u2013 die Gottfried Silbermann Orgel in Oederan (Sachsen) mit modernstem Sampling-Verfahren digitalisiert. Dabei wurde Ton f\u00fcr Ton, Register f\u00fcr Register<\/p>\n","protected":false},"author":1,"featured_media":44992,"parent":0,"menu_order":0,"comment_status":"closed","ping_status":"closed","template":"","meta":{"om_disable_all_campaigns":false,"_monsterinsights_skip_tracking":false,"_monsterinsights_sitenote_active":false,"_monsterinsights_sitenote_note":"","_monsterinsights_sitenote_category":0},"acf":[],"aioseo_notices":[],"_links":{"self":[{"href":"https:\/\/kisselbach.de\/de\/wp-json\/wp\/v2\/pages\/31"}],"collection":[{"href":"https:\/\/kisselbach.de\/de\/wp-json\/wp\/v2\/pages"}],"about":[{"href":"https:\/\/kisselbach.de\/de\/wp-json\/wp\/v2\/types\/page"}],"author":[{"embeddable":true,"href":"https:\/\/kisselbach.de\/de\/wp-json\/wp\/v2\/users\/1"}],"replies":[{"embeddable":true,"href":"https:\/\/kisselbach.de\/de\/wp-json\/wp\/v2\/comments?post=31"}],"version-history":[{"count":0,"href":"https:\/\/kisselbach.de\/de\/wp-json\/wp\/v2\/pages\/31\/revisions"}],"wp:featuredmedia":[{"embeddable":true,"href":"https:\/\/kisselbach.de\/de\/wp-json\/wp\/v2\/media\/44992"}],"wp:attachment":[{"href":"https:\/\/kisselbach.de\/de\/wp-json\/wp\/v2\/media?parent=31"}],"curies":[{"name":"wp","href":"https:\/\/api.w.org\/{rel}","templated":true}]}}