{"id":26011,"date":"2017-04-13T13:03:58","date_gmt":"2017-04-13T11:03:58","guid":{"rendered":"http:\/\/kisselbach.de\/de\/?page_id=26011"},"modified":"2018-05-18T12:29:49","modified_gmt":"2018-05-18T10:29:49","slug":"newsletter","status":"publish","type":"page","link":"https:\/\/kisselbach.de\/de\/newsletter\/","title":{"rendered":"Newsletter"},"content":{"rendered":"<p><script>\nfunction loadjQuery(e,t){var n=document.createElement(\"script\");n.setAttribute(\"src\",e);n.onload=t;n.onreadystatechange=function(){if(this.readyState==\"complete\"||this.readyState==\"loaded\")t()};document.getElementsByTagName(\"head\")[0].appendChild(n)}function main(){\nvar $cr=jQuery.noConflict();var old_src;$cr(document).ready(function(){$cr(\".cr_form\").submit(function(){$cr(this).find('.clever_form_error').removeClass('clever_form_error');$cr(this).find('.clever_form_note').remove();$cr(this).find(\".musthave\").find('input, textarea').each(function(){if(jQuery.trim($cr(this).val())==\"\"||($cr(this).is(':checkbox'))||($cr(this).is(':radio'))){if($cr(this).is(':checkbox')||($cr(this).is(':radio'))){if(!$cr(this).parent().find(\":checked\").is(\":checked\")){$cr(this).parent().addClass('clever_form_error')}}else{$cr(this).addClass('clever_form_error')}}});if($cr(this).attr(\"action\").search(document.domain)>0&&$cr(\".cr_form\").attr(\"action\").search(\"wcs\")>0){var cr_email=$cr(this).find('input[name=email]');var unsub=false;if($cr(\"input['name=cr_subunsubscribe'][value='false']\").length){if($cr(\"input['name=cr_subunsubscribe'][value='false']\").is(\":checked\")){unsub=true}}if(cr_email.val()&&!unsub){$cr.ajax({type:\"GET\",url:$cr(\".cr_form\").attr(\"action\").replace(\"wcs\",\"check_email\")+$cr(this).find('input[name=email]').val(),success:function(data){if(data){cr_email.addClass('clever_form_error').before(\"<\/p>\n<\/p>\n<div class='clever_form_note cr_font'>\"+data+\"<\/div>\n<\/p>\n<p>\");return false}},async:false})}var cr_captcha=$cr(this).find('input[name=captcha]');if(cr_captcha.val()){$cr.ajax({type:\"GET\",url:$cr(\".cr_form\").attr(\"action\").replace(\"wcs\",\"check_captcha\")+$cr(this).find('input[name=captcha]').val(),success:function(data){if(data){cr_captcha.addClass('clever_form_error').after(\"<\/p>\n<\/p>\n<div class='clever_form_note cr_font'>\"+data+\"<\/div>\n<\/p>\n<p>\");return false}},async:false})}}if($cr(this).find('.clever_form_error').length){return false}return true});$cr('input[class*=\"cr_number\"]').change(function(){if(isNaN($cr(this).val())){$cr(this).val(1)}if($cr(this).attr(\"min\")){if(($cr(this).val()*1)<($cr(this).attr(\"min\")*1)){$cr(this).val($cr(this).attr(\"min\"))}}if($cr(this).attr(\"max\")){if(($cr(this).val()*1)>($cr(this).attr(\"max\")*1)){$cr(this).val($cr(this).attr(\"max\"))}}});old_src=$cr(\"div[rel='captcha'] img:not(.captcha2_reload)\").attr(\"src\");if($cr(\"div[rel='captcha'] img:not(.captcha2_reload)\").length!=0){captcha_reload()}});function captcha_reload(){var timestamp=new Date().getTime();$cr(\"div[rel='captcha'] img:not(.captcha2_reload)\").attr(\"src\",\"\");$cr(\"div[rel='captcha'] img:not(.captcha2_reload)\").attr(\"src\",old_src+\"?t=\"+timestamp);return false}<\/p>\n<p>}\nif(typeof jQuery===\"undefined\"){loadjQuery(\"\/\/ajax.googleapis.com\/ajax\/libs\/jquery\/1.4.2\/jquery.min.js\",main)}else{main()}<\/p>\n<p><\/script><\/p>\n<form class=\"layout_form cr_form cr_font\" action=\"https:\/\/seu2.cleverreach.com\/f\/142251-142068\/wcs\/\" method=\"post\" target=\"_blank\">\n<div class=\"cr_body cr_page cr_font formbox\">\n<div class=\"non_sortable\"><\/div>\n<div class=\"editable_content\">\n<div id=\"2936272\" class=\"cr_ipe_item ui-sortable musthave\"><label class=\"itemname\" for=\"text2936272\">E-Mail*<\/label> <input id=\"text2936272\" name=\"email\" type=\"text\" value=\"\" \/><\/div>\n<div id=\"3873000\" class=\"cr_ipe_item ui-sortable\">\n<div class=\"mce_text\">\n<p>*Durch Angabe meiner E-Mail-Adresse und Anklicken der Newsletters Checkbox erkl\u00e4re ich mich damit einverstanden, dass G. Kisselbach Kirchenorgeln mir regelm\u00e4\u00dfig Informationen zu folgendem Produktsortiment per E-Mail zuschickt: Sakralorgeln, Sakralkeyboards und Zubeh\u00f6r. Meine Einwilligung kann ich jederzeit gegen\u00fcber G. Kisselbach Kirchenorgeln widerrufen<\/p>\n<\/div>\n<\/div>\n<div id=\"3872977\" class=\"cr_ipe_item ui-sortable musthave\">\n<p><script src=\"https:\/\/www.google.com\/recaptcha\/api.js\" async defer><\/script><\/p>\n<div id=\"recaptcha_v2_widget\" class=\"g-recaptcha\" data-theme=\"light\" data-size=\"normal\" data-sitekey=\"6Lfhcd0SAAAAAOBEHmAVEHJeRnrH8T7wPvvNzEPD\"><\/div>\n<p>&nbsp;<\/p>\n<\/div>\n<div id=\"2936274\" class=\"cr_ipe_item ui-sortable submit_container\"><button class=\"cr_button\" type=\"submit\">Anmelden<\/button><\/div>\n<\/div>\n<p><noscript><a href=\"http:\/\/www.cleverreach.de\">www.CleverReach.de<\/a><\/noscript><\/p>\n<\/div>\n<\/form>\n","protected":false},"excerpt":{"rendered":"<p>E-Mail* *Durch Angabe meiner E-Mail-Adresse und Anklicken der Newsletters Checkbox erkl\u00e4re ich mich damit einverstanden, dass G. Kisselbach Kirchenorgeln mir regelm\u00e4\u00dfig Informationen zu folgendem Produktsortiment per E-Mail zuschickt: Sakralorgeln, Sakralkeyboards und Zubeh\u00f6r. Meine Einwilligung kann ich jederzeit gegen\u00fcber G. Kisselbach Kirchenorgeln widerrufen &nbsp; Anmelden www.CleverReach.de<\/p>\n","protected":false},"author":1,"featured_media":0,"parent":0,"menu_order":0,"comment_status":"closed","ping_status":"closed","template":"","meta":{"om_disable_all_campaigns":false,"_monsterinsights_skip_tracking":false,"_monsterinsights_sitenote_active":false,"_monsterinsights_sitenote_note":"","_monsterinsights_sitenote_category":0},"acf":[],"aioseo_notices":[],"_links":{"self":[{"href":"https:\/\/kisselbach.de\/de\/wp-json\/wp\/v2\/pages\/26011"}],"collection":[{"href":"https:\/\/kisselbach.de\/de\/wp-json\/wp\/v2\/pages"}],"about":[{"href":"https:\/\/kisselbach.de\/de\/wp-json\/wp\/v2\/types\/page"}],"author":[{"embeddable":true,"href":"https:\/\/kisselbach.de\/de\/wp-json\/wp\/v2\/users\/1"}],"replies":[{"embeddable":true,"href":"https:\/\/kisselbach.de\/de\/wp-json\/wp\/v2\/comments?post=26011"}],"version-history":[{"count":0,"href":"https:\/\/kisselbach.de\/de\/wp-json\/wp\/v2\/pages\/26011\/revisions"}],"wp:attachment":[{"href":"https:\/\/kisselbach.de\/de\/wp-json\/wp\/v2\/media?parent=26011"}],"curies":[{"name":"wp","href":"https:\/\/api.w.org\/{rel}","templated":true}]}}