{"id":16,"date":"2016-09-28T16:10:11","date_gmt":"2016-09-28T14:10:11","guid":{"rendered":"http:\/\/kisselbach.de\/neuwp\/?page_id=16"},"modified":"2020-03-09T14:30:10","modified_gmt":"2020-03-09T13:30:10","slug":"impressum","status":"publish","type":"page","link":"https:\/\/kisselbach.de\/de\/impressum\/","title":{"rendered":"Impressum"},"content":{"rendered":"<p class=\"stein1\">G. Kisselbach Kirchenorgeln <br \/>Inhaber: Gerd-G\u00fcnter Kisselbach<br \/>Lindenallee 9\u201311<br \/>D-34225 Baunatal<\/p>\n<p class=\"stein1\">Tel. 05 61 \/ 94 8 85-0<br \/>Fax 05 61 \/ 94 8 85-20<\/p>\n<p class=\"stein1\">info@kisselbach.de<\/p>\n<p class=\"stein1\">USt.-IdNr. DE 253 119 133<\/p>\n<p class=\"stein1\">Inhaltlich verantwortlich: Gerd-G\u00fcnter Kisselbach, Adresse wie oben.<\/p>\n<div class=\"stein1\">Bitte nutzen Sie zur Kontaktaufnahme per eMail das Formular unter \u201eKontakt\u201d. Diese Website, alle Inhalte und dargestellten Arbeiten sind urheberrechtlich gesch\u00fctzt. F\u00fcr externe Links und deren Inhalte wird keine Haftung \u00fcbernommen. Produkt- und Modell\u00e4nderungen vorbehalten. Informationen zur Online-Streitbeilegung: Die EU-Kommission hat eine Internetplattform zur Online-Beilegung von Streitigkeiten (sog. \u201eOS-Plattform\u201c) geschaffen. Die OS-Plattform dient als Anlaufstelle zur au\u00dfergerichtlichen Beilegung von Streitigkeiten betreffend vertragliche Verpflichtungen, die aus Online-Kaufvertr\u00e4gen erwachsen. Die OS-Plattform ist unter dem folgenden Link zu erreichen: <a href=\"http:\/\/ec.europa.eu\/consumers\/odr\">http:\/\/ec.europa.eu\/consumers\/odr<\/a>.<\/div>\n<p>&nbsp;<\/p>\n<p class=\"stein1\"><strong>Webdesign und Realisation:<br \/><\/strong>ID Kommunikation Stein, Werther (Westf.)<br \/>Tel. 0 52 03 \/ 91 95-271<br \/><a href=\"https:\/\/www.id-stein.de\">www.id-stein.de<\/a><\/p>\n<p class=\"stein1\"><strong>Suchmaschinenoptimierung:<br \/><\/strong>Top10 Agentur<br \/><a href=\"https:\/\/www.googeln.org\">www.googeln.org<\/a><strong><br \/><\/strong>\u00a0<\/p>\n<div>\u00a0<\/div>\n<div class=\"stein1\">\n<p><strong>Informationen \u00fcber<\/strong><\/p>\n<ul>\n<li><a title=\"Testsieger Kirchenorgel\" href=\"https:\/\/kisselbach.de\/de\/kirchenorgel\/\">Beste Kirchenorgel online kaufen<\/a><\/li>\n<li><a title=\"Testsieger Digitale Kirchenorgel\" href=\"https:\/\/kisselbach.de\/de\/digitale-kirchenorgel\/\">Beste digitale Kirchenorgel online kaufen<\/a><\/li>\n<li><a title=\"Testsieger Computerorgel\" href=\"https:\/\/kisselbach.de\/de\/computerorgel\/\">Beste Computerorgel online kaufen<\/a><\/li>\n<li><a title=\"Testsieger Friedhofsorgel\" href=\"https:\/\/kisselbach.de\/de\/friedhofsorgel\/\">Beste Friedhofsorgel online kaufen<\/a><\/li>\n<li><a title=\"Testsieger Hausorgel\" href=\"https:\/\/kisselbach.de\/de\/hausorgel\/\">Beste Hausorgel online kaufen<\/a><\/li>\n<li><a title=\"Testsieger Orgel f\u00fcr Hauskapelle\" href=\"https:\/\/kisselbach.de\/de\/orgel-hauskapelle\/\">Beste Orgel f\u00fcr Hauskapelle online kaufen<\/a><\/li>\n<li><a title=\"Testsieger Orgel f\u00fcr Krankenhauskapelle\" href=\"https:\/\/kisselbach.de\/de\/orgel-krankenhauskapelle\/\">Beste Orgel f\u00fcr Krankenhauskapelle online kaufen<\/a><\/li>\n<li><a title=\"Testsieger Orgel f\u00fcr Kapelle\" href=\"https:\/\/kisselbach.de\/de\/orgel-kapelle\/\">Beste Orgel f\u00fcr Kapelle online kaufen<\/a><\/li>\n<li><a title=\"Testsieger Orgel f\u00fcr Friedhofskapelle\" href=\"https:\/\/kisselbach.de\/de\/orgel-friedhofskapelle\/\">Beste Orgel f\u00fcr Friedhofskapelle online kaufen<\/a><\/li>\n<li><a href=\"https:\/\/kisselbach.de\/de\/orgelklang\/\">Orgelklang von digitale Kirchenorgeln<\/a><\/li>\n<\/ul>\n<p>&nbsp;<\/p>\n<p><strong>Anfahrt zu folgenden Standorten<\/strong><\/p>\n<ul>\n<li><a href=\"https:\/\/kisselbach.de\/de\/kirchenorgel-kassel\/\">Kassel<\/a><\/li>\n<li><a href=\"https:\/\/kisselbach.de\/de\/kirchenorgel-hamburg\/\">Hamburg<\/a><\/li>\n<li><a href=\"https:\/\/kisselbach.de\/de\/kirchenorgel-koeln\/\">K\u00f6ln<\/a><\/li>\n<li><a href=\"https:\/\/kisselbach.de\/de\/kirchenorgel-augsburg\/\">Augsburg<\/a><\/li>\n<\/ul>\n<p>&nbsp;<\/p>\n<\/div>\n","protected":false},"excerpt":{"rendered":"<p>G. Kisselbach Kirchenorgeln Inhaber: Gerd-G\u00fcnter KisselbachLindenallee 9\u201311D-34225 Baunatal Tel. 05 61 \/ 94 8 85-0Fax 05 61 \/ 94 8 85-20 info@kisselbach.de USt.-IdNr. DE 253 119 133 Inhaltlich verantwortlich: Gerd-G\u00fcnter Kisselbach, Adresse wie oben. Bitte nutzen Sie zur Kontaktaufnahme per eMail das Formular unter \u201eKontakt\u201d. Diese Website, alle Inhalte und dargestellten Arbeiten sind urheberrechtlich gesch\u00fctzt.<\/p>\n","protected":false},"author":1,"featured_media":0,"parent":0,"menu_order":0,"comment_status":"closed","ping_status":"closed","template":"","meta":{"_acf_changed":false,"om_disable_all_campaigns":false,"_monsterinsights_skip_tracking":false,"_monsterinsights_sitenote_active":false,"_monsterinsights_sitenote_note":"","_monsterinsights_sitenote_category":0,"footnotes":""},"class_list":["post-16","page","type-page","status-publish","hentry","prodpage-classic"],"acf":[],"aioseo_notices":[],"_links":{"self":[{"href":"https:\/\/kisselbach.de\/de\/wp-json\/wp\/v2\/pages\/16","targetHints":{"allow":["GET"]}}],"collection":[{"href":"https:\/\/kisselbach.de\/de\/wp-json\/wp\/v2\/pages"}],"about":[{"href":"https:\/\/kisselbach.de\/de\/wp-json\/wp\/v2\/types\/page"}],"author":[{"embeddable":true,"href":"https:\/\/kisselbach.de\/de\/wp-json\/wp\/v2\/users\/1"}],"replies":[{"embeddable":true,"href":"https:\/\/kisselbach.de\/de\/wp-json\/wp\/v2\/comments?post=16"}],"version-history":[{"count":0,"href":"https:\/\/kisselbach.de\/de\/wp-json\/wp\/v2\/pages\/16\/revisions"}],"wp:attachment":[{"href":"https:\/\/kisselbach.de\/de\/wp-json\/wp\/v2\/media?parent=16"}],"curies":[{"name":"wp","href":"https:\/\/api.w.org\/{rel}","templated":true}]}}